{"id":98646,"date":"2022-11-25T12:45:04","date_gmt":"2022-11-25T10:45:04","guid":{"rendered":"https:\/\/redseafish.com\/myreefer\/"},"modified":"2025-12-04T13:53:17","modified_gmt":"2025-12-04T11:53:17","slug":"myreefer","status":"publish","type":"page","link":"https:\/\/redseafish.com\/pl\/myreefer\/","title":{"rendered":"MyREEFER Wizard"},"content":{"rendered":"\n    \n\t  <script defer=\"defer\" src=\"https:\/\/myreefer.apps.redseafish.com\/js\/chunk-vendors.097571fd.js\"><\/script>\n\t  <script defer=\"defer\" src=\"https:\/\/myreefer.apps.redseafish.com\/js\/app.c1654425.js\"><\/script>\n      <link href=\"https:\/\/myreefer.apps.redseafish.com\/css\/app.0924264d.css\" rel=\"stylesheet\">\n\t  \n\t  <noscript><strong>We are sorry but this app does not work properly without JavaScript enabled. Please enable it to continue.<\/strong><\/noscript>\n    <div id=\"app\" siteLanguage=\"pl\" showProp=\"false\" dealerSlug=\"\" dealerIsoCode=\"\"><\/div>\n\t  ","protected":false},"excerpt":{"rendered":"","protected":false},"author":2,"featured_media":98648,"parent":0,"menu_order":0,"comment_status":"closed","ping_status":"closed","template":"page-nofooter","meta":{"inline_featured_image":false,"footnotes":""},"class_list":["post-98646","page","type-page","status-publish","has-post-thumbnail","hentry"],"yoast_head":"<!-- This site is optimized with the Yoast SEO Premium plugin v27.0 (Yoast SEO v27.0) - https:\/\/yoast.com\/product\/yoast-seo-premium-wordpress\/ -->\n<title>Kreator MyREEFER- Red Sea Fish<\/title>\n<meta name=\"description\" content=\"Stw\u00f3rz sw\u00f3j system REEFER. Dodaj nowe smart urz\u0105dzenia Red Sea i zobacz, jak rosn\u0105 Twoje oszcz\u0119dno\u015bci!\" \/>\n<meta name=\"robots\" content=\"index, follow, max-snippet:-1, max-image-preview:large, max-video-preview:-1\" \/>\n<link rel=\"canonical\" href=\"https:\/\/redseafish.com\/pl\/myreefer\/\" \/>\n<meta property=\"og:locale\" content=\"pl_PL\" \/>\n<meta property=\"og:type\" content=\"article\" \/>\n<meta property=\"og:title\" content=\"Kreator MyREEFER- Red Sea Fish\" \/>\n<meta property=\"og:description\" content=\"Stw\u00f3rz sw\u00f3j system REEFER. Dodaj nowe smart urz\u0105dzenia Red Sea i zobacz, jak rosn\u0105 Twoje oszcz\u0119dno\u015bci!\" \/>\n<meta property=\"og:url\" content=\"https:\/\/redseafish.com\/pl\/myreefer\/\" \/>\n<meta property=\"og:site_name\" content=\"Red Sea Fish\" \/>\n<meta property=\"article:modified_time\" content=\"2025-12-04T11:53:17+00:00\" \/>\n<meta property=\"og:image\" content=\"https:\/\/static.redseafish.com\/wp-content\/uploads\/2025\/05\/19150016\/Share-image.MyREEFER-Wizard.png\" \/>\n\t<meta property=\"og:image:width\" content=\"1200\" \/>\n\t<meta property=\"og:image:height\" content=\"630\" \/>\n\t<meta property=\"og:image:type\" content=\"image\/png\" \/>\n<meta name=\"twitter:card\" content=\"summary_large_image\" \/>\n<meta name=\"twitter:label1\" content=\"Szacowany czas czytania\" \/>\n\t<meta name=\"twitter:data1\" content=\"1 minuta\" \/>\n<script type=\"application\/ld+json\" class=\"yoast-schema-graph\">{\"@context\":\"https:\/\/schema.org\",\"@graph\":[{\"@type\":\"WebPage\",\"@id\":\"https:\/\/redseafish.com\/pl\/myreefer\/\",\"url\":\"https:\/\/redseafish.com\/pl\/myreefer\/\",\"name\":\"Kreator MyREEFER- Red Sea Fish\",\"isPartOf\":{\"@id\":\"https:\/\/redseafish.com\/#website\"},\"primaryImageOfPage\":{\"@id\":\"https:\/\/redseafish.com\/pl\/myreefer\/#primaryimage\"},\"image\":{\"@id\":\"https:\/\/redseafish.com\/pl\/myreefer\/#primaryimage\"},\"thumbnailUrl\":\"https:\/\/static.redseafish.com\/wp-content\/uploads\/2025\/05\/19150016\/Share-image.MyREEFER-Wizard.png\",\"datePublished\":\"2022-11-25T10:45:04+00:00\",\"dateModified\":\"2025-12-04T11:53:17+00:00\",\"description\":\"Stw\u00f3rz sw\u00f3j system REEFER. Dodaj nowe smart urz\u0105dzenia Red Sea i zobacz, jak rosn\u0105 Twoje oszcz\u0119dno\u015bci!\",\"breadcrumb\":{\"@id\":\"https:\/\/redseafish.com\/pl\/myreefer\/#breadcrumb\"},\"inLanguage\":\"pl-PL\",\"potentialAction\":[{\"@type\":\"ReadAction\",\"target\":[\"https:\/\/redseafish.com\/pl\/myreefer\/\"]}]},{\"@type\":\"ImageObject\",\"inLanguage\":\"pl-PL\",\"@id\":\"https:\/\/redseafish.com\/pl\/myreefer\/#primaryimage\",\"url\":\"https:\/\/static.redseafish.com\/wp-content\/uploads\/2025\/05\/19150016\/Share-image.MyREEFER-Wizard.png\",\"contentUrl\":\"https:\/\/static.redseafish.com\/wp-content\/uploads\/2025\/05\/19150016\/Share-image.MyREEFER-Wizard.png\",\"width\":1200,\"height\":630},{\"@type\":\"BreadcrumbList\",\"@id\":\"https:\/\/redseafish.com\/pl\/myreefer\/#breadcrumb\",\"itemListElement\":[{\"@type\":\"ListItem\",\"position\":1,\"name\":\"Home\",\"item\":\"https:\/\/redseafish.com\/pl\/\"},{\"@type\":\"ListItem\",\"position\":2,\"name\":\"MyREEFER Wizard\"}]},{\"@type\":\"WebSite\",\"@id\":\"https:\/\/redseafish.com\/#website\",\"url\":\"https:\/\/redseafish.com\/\",\"name\":\"Red Sea Fish\",\"description\":\"Home of the best salt water aquarium experience\",\"potentialAction\":[{\"@type\":\"SearchAction\",\"target\":{\"@type\":\"EntryPoint\",\"urlTemplate\":\"https:\/\/redseafish.com\/?s={search_term_string}\"},\"query-input\":{\"@type\":\"PropertyValueSpecification\",\"valueRequired\":true,\"valueName\":\"search_term_string\"}}],\"inLanguage\":\"pl-PL\"}]}<\/script>\n<!-- \/ Yoast SEO Premium plugin. -->","yoast_head_json":{"title":"Kreator MyREEFER- Red Sea Fish","description":"Stw\u00f3rz sw\u00f3j system REEFER. Dodaj nowe smart urz\u0105dzenia Red Sea i zobacz, jak rosn\u0105 Twoje oszcz\u0119dno\u015bci!","robots":{"index":"index","follow":"follow","max-snippet":"max-snippet:-1","max-image-preview":"max-image-preview:large","max-video-preview":"max-video-preview:-1"},"canonical":"https:\/\/redseafish.com\/pl\/myreefer\/","og_locale":"pl_PL","og_type":"article","og_title":"Kreator MyREEFER- Red Sea Fish","og_description":"Stw\u00f3rz sw\u00f3j system REEFER. Dodaj nowe smart urz\u0105dzenia Red Sea i zobacz, jak rosn\u0105 Twoje oszcz\u0119dno\u015bci!","og_url":"https:\/\/redseafish.com\/pl\/myreefer\/","og_site_name":"Red Sea Fish","article_modified_time":"2025-12-04T11:53:17+00:00","og_image":[{"width":1200,"height":630,"url":"https:\/\/static.redseafish.com\/wp-content\/uploads\/2025\/05\/19150016\/Share-image.MyREEFER-Wizard.png","type":"image\/png"}],"twitter_card":"summary_large_image","twitter_misc":{"Szacowany czas czytania":"1 minuta"},"schema":{"@context":"https:\/\/schema.org","@graph":[{"@type":"WebPage","@id":"https:\/\/redseafish.com\/pl\/myreefer\/","url":"https:\/\/redseafish.com\/pl\/myreefer\/","name":"Kreator MyREEFER- Red Sea Fish","isPartOf":{"@id":"https:\/\/redseafish.com\/#website"},"primaryImageOfPage":{"@id":"https:\/\/redseafish.com\/pl\/myreefer\/#primaryimage"},"image":{"@id":"https:\/\/redseafish.com\/pl\/myreefer\/#primaryimage"},"thumbnailUrl":"https:\/\/static.redseafish.com\/wp-content\/uploads\/2025\/05\/19150016\/Share-image.MyREEFER-Wizard.png","datePublished":"2022-11-25T10:45:04+00:00","dateModified":"2025-12-04T11:53:17+00:00","description":"Stw\u00f3rz sw\u00f3j system REEFER. Dodaj nowe smart urz\u0105dzenia Red Sea i zobacz, jak rosn\u0105 Twoje oszcz\u0119dno\u015bci!","breadcrumb":{"@id":"https:\/\/redseafish.com\/pl\/myreefer\/#breadcrumb"},"inLanguage":"pl-PL","potentialAction":[{"@type":"ReadAction","target":["https:\/\/redseafish.com\/pl\/myreefer\/"]}]},{"@type":"ImageObject","inLanguage":"pl-PL","@id":"https:\/\/redseafish.com\/pl\/myreefer\/#primaryimage","url":"https:\/\/static.redseafish.com\/wp-content\/uploads\/2025\/05\/19150016\/Share-image.MyREEFER-Wizard.png","contentUrl":"https:\/\/static.redseafish.com\/wp-content\/uploads\/2025\/05\/19150016\/Share-image.MyREEFER-Wizard.png","width":1200,"height":630},{"@type":"BreadcrumbList","@id":"https:\/\/redseafish.com\/pl\/myreefer\/#breadcrumb","itemListElement":[{"@type":"ListItem","position":1,"name":"Home","item":"https:\/\/redseafish.com\/pl\/"},{"@type":"ListItem","position":2,"name":"MyREEFER Wizard"}]},{"@type":"WebSite","@id":"https:\/\/redseafish.com\/#website","url":"https:\/\/redseafish.com\/","name":"Red Sea Fish","description":"Home of the best salt water aquarium experience","potentialAction":[{"@type":"SearchAction","target":{"@type":"EntryPoint","urlTemplate":"https:\/\/redseafish.com\/?s={search_term_string}"},"query-input":{"@type":"PropertyValueSpecification","valueRequired":true,"valueName":"search_term_string"}}],"inLanguage":"pl-PL"}]}},"_links":{"self":[{"href":"https:\/\/redseafish.com\/pl\/wp-json\/wp\/v2\/pages\/98646","targetHints":{"allow":["GET"]}}],"collection":[{"href":"https:\/\/redseafish.com\/pl\/wp-json\/wp\/v2\/pages"}],"about":[{"href":"https:\/\/redseafish.com\/pl\/wp-json\/wp\/v2\/types\/page"}],"author":[{"embeddable":true,"href":"https:\/\/redseafish.com\/pl\/wp-json\/wp\/v2\/users\/2"}],"replies":[{"embeddable":true,"href":"https:\/\/redseafish.com\/pl\/wp-json\/wp\/v2\/comments?post=98646"}],"version-history":[{"count":1,"href":"https:\/\/redseafish.com\/pl\/wp-json\/wp\/v2\/pages\/98646\/revisions"}],"predecessor-version":[{"id":98926,"href":"https:\/\/redseafish.com\/pl\/wp-json\/wp\/v2\/pages\/98646\/revisions\/98926"}],"wp:featuredmedia":[{"embeddable":true,"href":"https:\/\/redseafish.com\/pl\/wp-json\/wp\/v2\/media\/98648"}],"wp:attachment":[{"href":"https:\/\/redseafish.com\/pl\/wp-json\/wp\/v2\/media?parent=98646"}],"curies":[{"name":"wp","href":"https:\/\/api.w.org\/{rel}","templated":true}]}}