{"id":98157,"date":"2022-11-25T12:44:15","date_gmt":"2022-11-25T10:44:15","guid":{"rendered":"https:\/\/redseafish.com\/compare-systems\/"},"modified":"2025-12-04T13:54:23","modified_gmt":"2025-12-04T11:54:23","slug":"compare-systems","status":"publish","type":"page","link":"https:\/\/redseafish.com\/pl\/compare-systems\/","title":{"rendered":"Compare Systems"},"content":{"rendered":"\n\t    <script defer=\"defer\" src=\"https:\/\/compare.apps.redseafish.com\/js\/chunk-vendors.dd3cb037.js\"><\/script>\n\t    <script defer=\"defer\" src=\"https:\/\/compare.apps.redseafish.com\/js\/app.c7a93f17.js\"><\/script>\n      <link href=\"https:\/\/compare.apps.redseafish.com\/css\/app.d44c5f0f.css\" rel=\"stylesheet\">\n\t  \n\t    <noscript><strong>We are sorry but this app does not work properly without JavaScript enabled. Please enable it to continue.<\/strong><\/noscript>\n      <div id=\"app\" compareId=\"\" siteLanguage=\"pl\" foo=\"bar\"><\/div>\n\t  ","protected":false},"excerpt":{"rendered":"","protected":false},"author":2,"featured_media":98159,"parent":0,"menu_order":0,"comment_status":"closed","ping_status":"closed","template":"page-nofooter","meta":{"inline_featured_image":false,"footnotes":""},"class_list":["post-98157","page","type-page","status-publish","has-post-thumbnail","hentry"],"yoast_head":"<!-- This site is optimized with the Yoast SEO Premium plugin v27.0 (Yoast SEO v27.0) - https:\/\/yoast.com\/product\/yoast-seo-premium-wordpress\/ -->\n<title>Akwaria rafowe Red Sea \u2013 por\u00f3wnaj i wybierz idealny system<\/title>\n<meta name=\"description\" content=\"Kt\u00f3re akwarium morskie najlepiej pasuje do Twojej przestrzeni? Por\u00f3wnaj modele akwari\u00f3w rafowych Red Sea: REEFER, REEFER-S, REEFER Peninsula i MAX NANO.\" \/>\n<meta name=\"robots\" content=\"index, follow, max-snippet:-1, max-image-preview:large, max-video-preview:-1\" \/>\n<link rel=\"canonical\" href=\"https:\/\/redseafish.com\/pl\/compare-systems\/\" \/>\n<meta property=\"og:locale\" content=\"pl_PL\" \/>\n<meta property=\"og:type\" content=\"article\" \/>\n<meta property=\"og:title\" content=\"Akwaria rafowe Red Sea \u2013 por\u00f3wnaj i wybierz idealny system\" \/>\n<meta property=\"og:description\" content=\"Kt\u00f3re akwarium morskie najlepiej pasuje do Twojej przestrzeni? Por\u00f3wnaj modele akwari\u00f3w rafowych Red Sea: REEFER, REEFER-S, REEFER Peninsula i MAX NANO.\" \/>\n<meta property=\"og:url\" content=\"https:\/\/redseafish.com\/pl\/compare-systems\/\" \/>\n<meta property=\"og:site_name\" content=\"Red Sea Fish\" \/>\n<meta property=\"article:modified_time\" content=\"2025-12-04T11:54:23+00:00\" \/>\n<meta property=\"og:image\" content=\"https:\/\/static.redseafish.com\/wp-content\/uploads\/2023\/01\/14133333\/Compare-G2-banner.png\" \/>\n\t<meta property=\"og:image:width\" content=\"444\" \/>\n\t<meta property=\"og:image:height\" content=\"370\" \/>\n\t<meta property=\"og:image:type\" content=\"image\/png\" \/>\n<meta name=\"twitter:card\" content=\"summary_large_image\" \/>\n<meta name=\"twitter:label1\" content=\"Szacowany czas czytania\" \/>\n\t<meta name=\"twitter:data1\" content=\"1 minuta\" \/>\n<script type=\"application\/ld+json\" class=\"yoast-schema-graph\">{\"@context\":\"https:\/\/schema.org\",\"@graph\":[{\"@type\":\"WebPage\",\"@id\":\"https:\/\/redseafish.com\/pl\/compare-systems\/\",\"url\":\"https:\/\/redseafish.com\/pl\/compare-systems\/\",\"name\":\"Akwaria rafowe Red Sea \u2013 por\u00f3wnaj i wybierz idealny system\",\"isPartOf\":{\"@id\":\"https:\/\/redseafish.com\/#website\"},\"primaryImageOfPage\":{\"@id\":\"https:\/\/redseafish.com\/pl\/compare-systems\/#primaryimage\"},\"image\":{\"@id\":\"https:\/\/redseafish.com\/pl\/compare-systems\/#primaryimage\"},\"thumbnailUrl\":\"https:\/\/static.redseafish.com\/wp-content\/uploads\/2025\/05\/19145922\/Share-image.Compare.png\",\"datePublished\":\"2022-11-25T10:44:15+00:00\",\"dateModified\":\"2025-12-04T11:54:23+00:00\",\"description\":\"Kt\u00f3re akwarium morskie najlepiej pasuje do Twojej przestrzeni? Por\u00f3wnaj modele akwari\u00f3w rafowych Red Sea: REEFER, REEFER-S, REEFER Peninsula i MAX NANO.\",\"breadcrumb\":{\"@id\":\"https:\/\/redseafish.com\/pl\/compare-systems\/#breadcrumb\"},\"inLanguage\":\"pl-PL\",\"potentialAction\":[{\"@type\":\"ReadAction\",\"target\":[\"https:\/\/redseafish.com\/pl\/compare-systems\/\"]}]},{\"@type\":\"ImageObject\",\"inLanguage\":\"pl-PL\",\"@id\":\"https:\/\/redseafish.com\/pl\/compare-systems\/#primaryimage\",\"url\":\"https:\/\/static.redseafish.com\/wp-content\/uploads\/2025\/05\/19145922\/Share-image.Compare.png\",\"contentUrl\":\"https:\/\/static.redseafish.com\/wp-content\/uploads\/2025\/05\/19145922\/Share-image.Compare.png\",\"width\":1200,\"height\":630},{\"@type\":\"BreadcrumbList\",\"@id\":\"https:\/\/redseafish.com\/pl\/compare-systems\/#breadcrumb\",\"itemListElement\":[{\"@type\":\"ListItem\",\"position\":1,\"name\":\"Home\",\"item\":\"https:\/\/redseafish.com\/pl\/\"},{\"@type\":\"ListItem\",\"position\":2,\"name\":\"Compare Systems\"}]},{\"@type\":\"WebSite\",\"@id\":\"https:\/\/redseafish.com\/#website\",\"url\":\"https:\/\/redseafish.com\/\",\"name\":\"Red Sea Fish\",\"description\":\"Home of the best salt water aquarium experience\",\"potentialAction\":[{\"@type\":\"SearchAction\",\"target\":{\"@type\":\"EntryPoint\",\"urlTemplate\":\"https:\/\/redseafish.com\/?s={search_term_string}\"},\"query-input\":{\"@type\":\"PropertyValueSpecification\",\"valueRequired\":true,\"valueName\":\"search_term_string\"}}],\"inLanguage\":\"pl-PL\"}]}<\/script>\n<!-- \/ Yoast SEO Premium plugin. -->","yoast_head_json":{"title":"Akwaria rafowe Red Sea \u2013 por\u00f3wnaj i wybierz idealny system","description":"Kt\u00f3re akwarium morskie najlepiej pasuje do Twojej przestrzeni? Por\u00f3wnaj modele akwari\u00f3w rafowych Red Sea: REEFER, REEFER-S, REEFER Peninsula i MAX NANO.","robots":{"index":"index","follow":"follow","max-snippet":"max-snippet:-1","max-image-preview":"max-image-preview:large","max-video-preview":"max-video-preview:-1"},"canonical":"https:\/\/redseafish.com\/pl\/compare-systems\/","og_locale":"pl_PL","og_type":"article","og_title":"Akwaria rafowe Red Sea \u2013 por\u00f3wnaj i wybierz idealny system","og_description":"Kt\u00f3re akwarium morskie najlepiej pasuje do Twojej przestrzeni? Por\u00f3wnaj modele akwari\u00f3w rafowych Red Sea: REEFER, REEFER-S, REEFER Peninsula i MAX NANO.","og_url":"https:\/\/redseafish.com\/pl\/compare-systems\/","og_site_name":"Red Sea Fish","article_modified_time":"2025-12-04T11:54:23+00:00","og_image":[{"width":444,"height":370,"url":"https:\/\/static.redseafish.com\/wp-content\/uploads\/2023\/01\/14133333\/Compare-G2-banner.png","type":"image\/png"}],"twitter_card":"summary_large_image","twitter_misc":{"Szacowany czas czytania":"1 minuta"},"schema":{"@context":"https:\/\/schema.org","@graph":[{"@type":"WebPage","@id":"https:\/\/redseafish.com\/pl\/compare-systems\/","url":"https:\/\/redseafish.com\/pl\/compare-systems\/","name":"Akwaria rafowe Red Sea \u2013 por\u00f3wnaj i wybierz idealny system","isPartOf":{"@id":"https:\/\/redseafish.com\/#website"},"primaryImageOfPage":{"@id":"https:\/\/redseafish.com\/pl\/compare-systems\/#primaryimage"},"image":{"@id":"https:\/\/redseafish.com\/pl\/compare-systems\/#primaryimage"},"thumbnailUrl":"https:\/\/static.redseafish.com\/wp-content\/uploads\/2025\/05\/19145922\/Share-image.Compare.png","datePublished":"2022-11-25T10:44:15+00:00","dateModified":"2025-12-04T11:54:23+00:00","description":"Kt\u00f3re akwarium morskie najlepiej pasuje do Twojej przestrzeni? Por\u00f3wnaj modele akwari\u00f3w rafowych Red Sea: REEFER, REEFER-S, REEFER Peninsula i MAX NANO.","breadcrumb":{"@id":"https:\/\/redseafish.com\/pl\/compare-systems\/#breadcrumb"},"inLanguage":"pl-PL","potentialAction":[{"@type":"ReadAction","target":["https:\/\/redseafish.com\/pl\/compare-systems\/"]}]},{"@type":"ImageObject","inLanguage":"pl-PL","@id":"https:\/\/redseafish.com\/pl\/compare-systems\/#primaryimage","url":"https:\/\/static.redseafish.com\/wp-content\/uploads\/2025\/05\/19145922\/Share-image.Compare.png","contentUrl":"https:\/\/static.redseafish.com\/wp-content\/uploads\/2025\/05\/19145922\/Share-image.Compare.png","width":1200,"height":630},{"@type":"BreadcrumbList","@id":"https:\/\/redseafish.com\/pl\/compare-systems\/#breadcrumb","itemListElement":[{"@type":"ListItem","position":1,"name":"Home","item":"https:\/\/redseafish.com\/pl\/"},{"@type":"ListItem","position":2,"name":"Compare Systems"}]},{"@type":"WebSite","@id":"https:\/\/redseafish.com\/#website","url":"https:\/\/redseafish.com\/","name":"Red Sea Fish","description":"Home of the best salt water aquarium experience","potentialAction":[{"@type":"SearchAction","target":{"@type":"EntryPoint","urlTemplate":"https:\/\/redseafish.com\/?s={search_term_string}"},"query-input":{"@type":"PropertyValueSpecification","valueRequired":true,"valueName":"search_term_string"}}],"inLanguage":"pl-PL"}]}},"_links":{"self":[{"href":"https:\/\/redseafish.com\/pl\/wp-json\/wp\/v2\/pages\/98157","targetHints":{"allow":["GET"]}}],"collection":[{"href":"https:\/\/redseafish.com\/pl\/wp-json\/wp\/v2\/pages"}],"about":[{"href":"https:\/\/redseafish.com\/pl\/wp-json\/wp\/v2\/types\/page"}],"author":[{"embeddable":true,"href":"https:\/\/redseafish.com\/pl\/wp-json\/wp\/v2\/users\/2"}],"replies":[{"embeddable":true,"href":"https:\/\/redseafish.com\/pl\/wp-json\/wp\/v2\/comments?post=98157"}],"version-history":[{"count":1,"href":"https:\/\/redseafish.com\/pl\/wp-json\/wp\/v2\/pages\/98157\/revisions"}],"predecessor-version":[{"id":98927,"href":"https:\/\/redseafish.com\/pl\/wp-json\/wp\/v2\/pages\/98157\/revisions\/98927"}],"wp:featuredmedia":[{"embeddable":true,"href":"https:\/\/redseafish.com\/pl\/wp-json\/wp\/v2\/media\/98159"}],"wp:attachment":[{"href":"https:\/\/redseafish.com\/pl\/wp-json\/wp\/v2\/media?parent=98157"}],"curies":[{"name":"wp","href":"https:\/\/api.w.org\/{rel}","templated":true}]}}