{"id":98099,"date":"2024-02-28T14:07:49","date_gmt":"2024-02-28T12:07:49","guid":{"rendered":"https:\/\/redseafish.com\/myrecipe\/"},"modified":"2025-12-04T13:57:08","modified_gmt":"2025-12-04T11:57:08","slug":"myrecipe","status":"publish","type":"page","link":"https:\/\/redseafish.com\/pl\/myrecipe\/","title":{"rendered":"MyRecipe Wizard"},"content":{"rendered":"\n\t    <script defer=\"defer\" src=\"https:\/\/myrecipe.apps.redseafish.com\/js\/chunk-vendors.829f048d.js\"><\/script>\n\t    <script defer=\"defer\" src=\"https:\/\/myrecipe.apps.redseafish.com\/js\/app.8d947cea.js\"><\/script>\n      <link href=\"https:\/\/myrecipe.apps.redseafish.com\/css\/app.159b60f4.css\" rel=\"stylesheet\">\n\t  \n\t    <noscript><strong>We are sorry but this app does not work properly without JavaScript enabled. Please enable it to continue.<\/strong><\/noscript>\n      <div \n        id=\"app\" \n        siteLanguage=\"pl\"\n      >\n      <\/div>\n\t  ","protected":false},"excerpt":{"rendered":"","protected":false},"author":8,"featured_media":98100,"parent":0,"menu_order":0,"comment_status":"closed","ping_status":"closed","template":"","meta":{"inline_featured_image":false,"footnotes":""},"class_list":["post-98099","page","type-page","status-publish","has-post-thumbnail","hentry"],"yoast_head":"<!-- This site is optimized with the Yoast SEO Premium plugin v27.0 (Yoast SEO v27.0) - https:\/\/yoast.com\/product\/yoast-seo-premium-wordpress\/ -->\n<title>Kreator MyRecipe - Red Sea Fish<\/title>\n<meta name=\"description\" content=\"Zdob\u0105d\u017a indywidualn\u0105 receptur\u0119 Red Sea dla swojego akwarium. Aby \u0142atwo osi\u0105gn\u0105\u0107 cele rafowe, skorzystaj z kreatora \u201eMyRecipe\u201d, kt\u00f3ry dobierze optymalne parametry wody, program suplementacji oraz najlepsz\u0105 dla Ciebie s\u00f3l premium.\" \/>\n<meta name=\"robots\" content=\"index, follow, max-snippet:-1, max-image-preview:large, max-video-preview:-1\" \/>\n<link rel=\"canonical\" href=\"https:\/\/redseafish.com\/pl\/myrecipe\/\" \/>\n<meta property=\"og:locale\" content=\"pl_PL\" \/>\n<meta property=\"og:type\" content=\"article\" \/>\n<meta property=\"og:title\" content=\"Kreator MyRecipe - Red Sea Fish\" \/>\n<meta property=\"og:description\" content=\"Zdob\u0105d\u017a indywidualn\u0105 receptur\u0119 Red Sea dla swojego akwarium. Aby \u0142atwo osi\u0105gn\u0105\u0107 cele rafowe, skorzystaj z kreatora \u201eMyRecipe\u201d, kt\u00f3ry dobierze optymalne parametry wody, program suplementacji oraz najlepsz\u0105 dla Ciebie s\u00f3l premium.\" \/>\n<meta property=\"og:url\" content=\"https:\/\/redseafish.com\/pl\/myrecipe\/\" \/>\n<meta property=\"og:site_name\" content=\"Red Sea Fish\" \/>\n<meta property=\"article:modified_time\" content=\"2025-12-04T11:57:08+00:00\" \/>\n<meta property=\"og:image\" content=\"https:\/\/static.redseafish.com\/wp-content\/uploads\/2024\/04\/18125958\/Share-image-myrecipe-1.png\" \/>\n\t<meta property=\"og:image:width\" content=\"1200\" \/>\n\t<meta property=\"og:image:height\" content=\"630\" \/>\n\t<meta property=\"og:image:type\" content=\"image\/png\" \/>\n<meta name=\"twitter:card\" content=\"summary_large_image\" \/>\n<meta name=\"twitter:label1\" content=\"Szacowany czas czytania\" \/>\n\t<meta name=\"twitter:data1\" content=\"1 minuta\" \/>\n<script type=\"application\/ld+json\" class=\"yoast-schema-graph\">{\"@context\":\"https:\/\/schema.org\",\"@graph\":[{\"@type\":\"WebPage\",\"@id\":\"https:\/\/redseafish.com\/pl\/myrecipe\/\",\"url\":\"https:\/\/redseafish.com\/pl\/myrecipe\/\",\"name\":\"Kreator MyRecipe - Red Sea Fish\",\"isPartOf\":{\"@id\":\"https:\/\/redseafish.com\/#website\"},\"primaryImageOfPage\":{\"@id\":\"https:\/\/redseafish.com\/pl\/myrecipe\/#primaryimage\"},\"image\":{\"@id\":\"https:\/\/redseafish.com\/pl\/myrecipe\/#primaryimage\"},\"thumbnailUrl\":\"https:\/\/static.redseafish.com\/wp-content\/uploads\/2024\/04\/18125958\/Share-image-myrecipe-1.png\",\"datePublished\":\"2024-02-28T12:07:49+00:00\",\"dateModified\":\"2025-12-04T11:57:08+00:00\",\"description\":\"Zdob\u0105d\u017a indywidualn\u0105 receptur\u0119 Red Sea dla swojego akwarium. Aby \u0142atwo osi\u0105gn\u0105\u0107 cele rafowe, skorzystaj z kreatora \u201eMyRecipe\u201d, kt\u00f3ry dobierze optymalne parametry wody, program suplementacji oraz najlepsz\u0105 dla Ciebie s\u00f3l premium.\",\"breadcrumb\":{\"@id\":\"https:\/\/redseafish.com\/pl\/myrecipe\/#breadcrumb\"},\"inLanguage\":\"pl-PL\",\"potentialAction\":[{\"@type\":\"ReadAction\",\"target\":[\"https:\/\/redseafish.com\/pl\/myrecipe\/\"]}]},{\"@type\":\"ImageObject\",\"inLanguage\":\"pl-PL\",\"@id\":\"https:\/\/redseafish.com\/pl\/myrecipe\/#primaryimage\",\"url\":\"https:\/\/static.redseafish.com\/wp-content\/uploads\/2024\/04\/18125958\/Share-image-myrecipe-1.png\",\"contentUrl\":\"https:\/\/static.redseafish.com\/wp-content\/uploads\/2024\/04\/18125958\/Share-image-myrecipe-1.png\",\"width\":1200,\"height\":630},{\"@type\":\"BreadcrumbList\",\"@id\":\"https:\/\/redseafish.com\/pl\/myrecipe\/#breadcrumb\",\"itemListElement\":[{\"@type\":\"ListItem\",\"position\":1,\"name\":\"Home\",\"item\":\"https:\/\/redseafish.com\/pl\/\"},{\"@type\":\"ListItem\",\"position\":2,\"name\":\"MyRecipe Wizard\"}]},{\"@type\":\"WebSite\",\"@id\":\"https:\/\/redseafish.com\/#website\",\"url\":\"https:\/\/redseafish.com\/\",\"name\":\"Red Sea Fish\",\"description\":\"Home of the best salt water aquarium experience\",\"potentialAction\":[{\"@type\":\"SearchAction\",\"target\":{\"@type\":\"EntryPoint\",\"urlTemplate\":\"https:\/\/redseafish.com\/?s={search_term_string}\"},\"query-input\":{\"@type\":\"PropertyValueSpecification\",\"valueRequired\":true,\"valueName\":\"search_term_string\"}}],\"inLanguage\":\"pl-PL\"}]}<\/script>\n<!-- \/ Yoast SEO Premium plugin. -->","yoast_head_json":{"title":"Kreator MyRecipe - Red Sea Fish","description":"Zdob\u0105d\u017a indywidualn\u0105 receptur\u0119 Red Sea dla swojego akwarium. Aby \u0142atwo osi\u0105gn\u0105\u0107 cele rafowe, skorzystaj z kreatora \u201eMyRecipe\u201d, kt\u00f3ry dobierze optymalne parametry wody, program suplementacji oraz najlepsz\u0105 dla Ciebie s\u00f3l premium.","robots":{"index":"index","follow":"follow","max-snippet":"max-snippet:-1","max-image-preview":"max-image-preview:large","max-video-preview":"max-video-preview:-1"},"canonical":"https:\/\/redseafish.com\/pl\/myrecipe\/","og_locale":"pl_PL","og_type":"article","og_title":"Kreator MyRecipe - Red Sea Fish","og_description":"Zdob\u0105d\u017a indywidualn\u0105 receptur\u0119 Red Sea dla swojego akwarium. Aby \u0142atwo osi\u0105gn\u0105\u0107 cele rafowe, skorzystaj z kreatora \u201eMyRecipe\u201d, kt\u00f3ry dobierze optymalne parametry wody, program suplementacji oraz najlepsz\u0105 dla Ciebie s\u00f3l premium.","og_url":"https:\/\/redseafish.com\/pl\/myrecipe\/","og_site_name":"Red Sea Fish","article_modified_time":"2025-12-04T11:57:08+00:00","og_image":[{"width":1200,"height":630,"url":"https:\/\/static.redseafish.com\/wp-content\/uploads\/2024\/04\/18125958\/Share-image-myrecipe-1.png","type":"image\/png"}],"twitter_card":"summary_large_image","twitter_misc":{"Szacowany czas czytania":"1 minuta"},"schema":{"@context":"https:\/\/schema.org","@graph":[{"@type":"WebPage","@id":"https:\/\/redseafish.com\/pl\/myrecipe\/","url":"https:\/\/redseafish.com\/pl\/myrecipe\/","name":"Kreator MyRecipe - Red Sea Fish","isPartOf":{"@id":"https:\/\/redseafish.com\/#website"},"primaryImageOfPage":{"@id":"https:\/\/redseafish.com\/pl\/myrecipe\/#primaryimage"},"image":{"@id":"https:\/\/redseafish.com\/pl\/myrecipe\/#primaryimage"},"thumbnailUrl":"https:\/\/static.redseafish.com\/wp-content\/uploads\/2024\/04\/18125958\/Share-image-myrecipe-1.png","datePublished":"2024-02-28T12:07:49+00:00","dateModified":"2025-12-04T11:57:08+00:00","description":"Zdob\u0105d\u017a indywidualn\u0105 receptur\u0119 Red Sea dla swojego akwarium. Aby \u0142atwo osi\u0105gn\u0105\u0107 cele rafowe, skorzystaj z kreatora \u201eMyRecipe\u201d, kt\u00f3ry dobierze optymalne parametry wody, program suplementacji oraz najlepsz\u0105 dla Ciebie s\u00f3l premium.","breadcrumb":{"@id":"https:\/\/redseafish.com\/pl\/myrecipe\/#breadcrumb"},"inLanguage":"pl-PL","potentialAction":[{"@type":"ReadAction","target":["https:\/\/redseafish.com\/pl\/myrecipe\/"]}]},{"@type":"ImageObject","inLanguage":"pl-PL","@id":"https:\/\/redseafish.com\/pl\/myrecipe\/#primaryimage","url":"https:\/\/static.redseafish.com\/wp-content\/uploads\/2024\/04\/18125958\/Share-image-myrecipe-1.png","contentUrl":"https:\/\/static.redseafish.com\/wp-content\/uploads\/2024\/04\/18125958\/Share-image-myrecipe-1.png","width":1200,"height":630},{"@type":"BreadcrumbList","@id":"https:\/\/redseafish.com\/pl\/myrecipe\/#breadcrumb","itemListElement":[{"@type":"ListItem","position":1,"name":"Home","item":"https:\/\/redseafish.com\/pl\/"},{"@type":"ListItem","position":2,"name":"MyRecipe Wizard"}]},{"@type":"WebSite","@id":"https:\/\/redseafish.com\/#website","url":"https:\/\/redseafish.com\/","name":"Red Sea Fish","description":"Home of the best salt water aquarium experience","potentialAction":[{"@type":"SearchAction","target":{"@type":"EntryPoint","urlTemplate":"https:\/\/redseafish.com\/?s={search_term_string}"},"query-input":{"@type":"PropertyValueSpecification","valueRequired":true,"valueName":"search_term_string"}}],"inLanguage":"pl-PL"}]}},"_links":{"self":[{"href":"https:\/\/redseafish.com\/pl\/wp-json\/wp\/v2\/pages\/98099","targetHints":{"allow":["GET"]}}],"collection":[{"href":"https:\/\/redseafish.com\/pl\/wp-json\/wp\/v2\/pages"}],"about":[{"href":"https:\/\/redseafish.com\/pl\/wp-json\/wp\/v2\/types\/page"}],"author":[{"embeddable":true,"href":"https:\/\/redseafish.com\/pl\/wp-json\/wp\/v2\/users\/8"}],"replies":[{"embeddable":true,"href":"https:\/\/redseafish.com\/pl\/wp-json\/wp\/v2\/comments?post=98099"}],"version-history":[{"count":1,"href":"https:\/\/redseafish.com\/pl\/wp-json\/wp\/v2\/pages\/98099\/revisions"}],"predecessor-version":[{"id":98101,"href":"https:\/\/redseafish.com\/pl\/wp-json\/wp\/v2\/pages\/98099\/revisions\/98101"}],"wp:featuredmedia":[{"embeddable":true,"href":"https:\/\/redseafish.com\/pl\/wp-json\/wp\/v2\/media\/98100"}],"wp:attachment":[{"href":"https:\/\/redseafish.com\/pl\/wp-json\/wp\/v2\/media?parent=98099"}],"curies":[{"name":"wp","href":"https:\/\/api.w.org\/{rel}","templated":true}]}}