{"id":96134,"date":"2025-11-10T10:24:58","date_gmt":"2025-11-10T08:24:58","guid":{"rendered":"https:\/\/redseafish.com\/?page_id=96134"},"modified":"2025-11-10T13:57:21","modified_gmt":"2025-11-10T11:57:21","slug":"mycontroller-tc","status":"publish","type":"page","link":"https:\/\/redseafish.com\/pl\/mycontroller-tc\/","title":{"rendered":"MyController T&amp;C"},"content":{"rendered":"\n<div class=\"wp-block-dfnstbm-story story\"><div class=\"story_loader\"><div class=\"lds-roller mx-auto\"><div><\/div><div><\/div><div><\/div><div><\/div><div><\/div><div><\/div><div><\/div><div><\/div><\/div><h2 class=\"center h3 color-white\">Loading<\/h2><\/div><div class=\"story_content\"><button class=\"storyboard-trigger-button\" style=\"position:fixed;top:1rem;right:1rem;z-index:9999999999;padding:.25rem\">Debug-Button<\/button>\n<div class=\"wp-block-dfnstbm-story-frame story_frame gridbox  bg-color-transparent\" style=\"height:auto\" data-stb-active-viewport-size=\"all\" data-stb-track-scroll-progress-when-entering=\"false\">\n<div style=\"z-index:1;height:auto\" class=\"wp-block-dfnstbm-story-element story_element gridbox-element  bg-color-16 flex flex-column justify-start\">\n<div class=\"wp-block-dfnstbm-content-wrapper \n  content-wrapper border-box col-12 transparent max-width-3 mt5 mb5 ml-auto mr-auto color-black\" style=\"min-height:auto;max-height:none;border-radius:0px;grid-gap:\">\n<h2 class=\"wp-block-dfnstbm-heading \n  h1 color-black max-width-3 helvetica-bold left-align mb2 ml-auto mr-auto relative\">Promocja \u201eMyController\u201d \u2013 Warunki i zasadyder \u201eMyController \u201c promotion<\/h2>\n\n\n\n<h2 class=\"wp-block-dfnstbm-heading \n  h5 color-black max-width-3 helvetica-bold left-align mb2 ml-auto mr-auto relative\">Poni\u017cej przedstawiono warunki i zasady promocji \u201eMyController\u201d (\u201ePromocja\u201d). Udzia\u0142 w Promocji oznacza pe\u0142n\u0105 akceptacj\u0119 wszystkich poni\u017cszych warunk\u00f3w:<\/h2>\n\n\n\n<p class=\"wp-block-dfnstbm-paragraph \n  h6 color-black max-width-3 open-sans-regular left-align ml-auto mr-auto relative\">W stosownych przypadkach wszystkie ceny i koszty zawieraj\u0105 podatek VAT. W przypadku USA podane ceny i koszty nie obejmuj\u0105 obowi\u0105zuj\u0105cych podatk\u00f3w od sprzeda\u017cy.<br>W przypadku, gdy produkt zostanie podany z nieprawid\u0142ow\u0105 cen\u0105 z powodu b\u0142\u0119du typograficznego, fotograficznego lub technicznego, uczestnicz\u0105cy dealerzy Red Sea maj\u0105 prawo odm\u00f3wi\u0107 lub anulowa\u0107 wszelkie zam\u00f3wienia z\u0142o\u017cone na produkty z nieprawid\u0142ow\u0105 cen\u0105.<br>Red Sea mo\u017ce w dowolnym momencie zako\u0144czy\u0107, zmodyfikowa\u0107 lub zawiesi\u0107 promocj\u0119 oraz jej warunki bez wcze\u015bniejszego powiadomienia.<br>Promocja mo\u017ce by\u0107 realizowana przez dowolnego autoryzowanego dealera Red Sea wed\u0142ug jego w\u0142asnego uznania i nie stanowi oferty zakupu bezpo\u015brednio od Red Sea.<br>Red Sea nie ponosi \u017cadnej odpowiedzialno\u015bci za spos\u00f3b, w jaki jakakolwiek strona trzecia korzysta z modu\u0142u strony internetowej MyController lub promocji.<br>Red Sea oraz jego przedstawiciele nie ponosz\u0105 odpowiedzialno\u015bci za niewywi\u0105zanie si\u0119 stron trzecich z zobowi\u0105za\u0144 umownych w zwi\u0105zku z t\u0105 promocj\u0105.<br>U\u017cytkownik przyjmuje do wiadomo\u015bci i wyra\u017ca zgod\u0119, \u017ce wszystkie prawa autorskie, znaki towarowe oraz inne prawa w\u0142asno\u015bci intelektualnej zwi\u0105zane ze stron\u0105 internetow\u0105 lub jej zawarto\u015bci\u0105 nale\u017c\u0105 w ka\u017cdym czasie do Red Sea.<br>Red Sea nie gwarantuje, \u017ce us\u0142uga My Reefer b\u0119dzie wolna od b\u0142\u0119d\u00f3w, \u017ce usterki zostan\u0105 usuni\u0119te, ani \u017ce serwery udost\u0119pniaj\u0105ce us\u0142ug\u0119 s\u0105 wolne od wirus\u00f3w lub b\u0142\u0119d\u00f3w, ani \u017ce zapewniaj\u0105 pe\u0142n\u0105 funkcjonalno\u015b\u0107, dok\u0142adno\u015b\u0107 i niezawodno\u015b\u0107 materia\u0142\u00f3w lub wynik\u00f3w, b\u0105d\u017a dok\u0142adno\u015b\u0107 jakichkolwiek informacji uzyskanych przez u\u017cytkownika za po\u015brednictwem strony internetowej.<br>Niezale\u017cnie od miejsca zamieszkania u\u017cytkownika lub miejsca korzystania z us\u0142ugi, niniejsze warunki oraz korzystanie z us\u0142ugi podlegaj\u0105 wy\u0142\u0105cznie prawu stanu Nowy Jork (NY), z wy\u0142\u0105czeniem wszelkich przepis\u00f3w kolizyjnych.<\/p>\n<\/div>\n<\/div>\n<\/div>\n<\/div><\/div>\n","protected":false},"excerpt":{"rendered":"","protected":false},"author":11,"featured_media":0,"parent":0,"menu_order":0,"comment_status":"closed","ping_status":"closed","template":"","meta":{"inline_featured_image":false,"footnotes":""},"class_list":["post-96134","page","type-page","status-publish","hentry"],"yoast_head":"<!-- This site is optimized with the Yoast SEO Premium plugin v27.0 (Yoast SEO v27.0) - https:\/\/yoast.com\/product\/yoast-seo-premium-wordpress\/ -->\n<title>MyController T&amp;C - Red Sea Fish<\/title>\n<meta name=\"robots\" content=\"index, follow, max-snippet:-1, max-image-preview:large, max-video-preview:-1\" \/>\n<link rel=\"canonical\" href=\"https:\/\/redseafish.com\/pl\/mycontroller-tc\/\" \/>\n<meta property=\"og:locale\" content=\"pl_PL\" \/>\n<meta property=\"og:type\" content=\"article\" \/>\n<meta property=\"og:title\" content=\"MyController T&amp;C - Red Sea Fish\" \/>\n<meta property=\"og:url\" content=\"https:\/\/redseafish.com\/pl\/mycontroller-tc\/\" \/>\n<meta property=\"og:site_name\" content=\"Red Sea Fish\" \/>\n<meta property=\"article:modified_time\" content=\"2025-11-10T11:57:21+00:00\" \/>\n<meta name=\"twitter:card\" content=\"summary_large_image\" \/>\n<meta name=\"twitter:label1\" content=\"Szacowany czas czytania\" \/>\n\t<meta name=\"twitter:data1\" content=\"2 minuty\" \/>\n<script type=\"application\/ld+json\" class=\"yoast-schema-graph\">{\"@context\":\"https:\/\/schema.org\",\"@graph\":[{\"@type\":\"WebPage\",\"@id\":\"https:\/\/redseafish.com\/pl\/mycontroller-tc\/\",\"url\":\"https:\/\/redseafish.com\/pl\/mycontroller-tc\/\",\"name\":\"MyController T&amp;C - Red Sea Fish\",\"isPartOf\":{\"@id\":\"https:\/\/redseafish.com\/#website\"},\"datePublished\":\"2025-11-10T08:24:58+00:00\",\"dateModified\":\"2025-11-10T11:57:21+00:00\",\"breadcrumb\":{\"@id\":\"https:\/\/redseafish.com\/pl\/mycontroller-tc\/#breadcrumb\"},\"inLanguage\":\"pl-PL\",\"potentialAction\":[{\"@type\":\"ReadAction\",\"target\":[\"https:\/\/redseafish.com\/pl\/mycontroller-tc\/\"]}]},{\"@type\":\"BreadcrumbList\",\"@id\":\"https:\/\/redseafish.com\/pl\/mycontroller-tc\/#breadcrumb\",\"itemListElement\":[{\"@type\":\"ListItem\",\"position\":1,\"name\":\"Home\",\"item\":\"https:\/\/redseafish.com\/pl\/\"},{\"@type\":\"ListItem\",\"position\":2,\"name\":\"MyController T&amp;C\"}]},{\"@type\":\"WebSite\",\"@id\":\"https:\/\/redseafish.com\/#website\",\"url\":\"https:\/\/redseafish.com\/\",\"name\":\"Red Sea Fish\",\"description\":\"Home of the best salt water aquarium experience\",\"potentialAction\":[{\"@type\":\"SearchAction\",\"target\":{\"@type\":\"EntryPoint\",\"urlTemplate\":\"https:\/\/redseafish.com\/?s={search_term_string}\"},\"query-input\":{\"@type\":\"PropertyValueSpecification\",\"valueRequired\":true,\"valueName\":\"search_term_string\"}}],\"inLanguage\":\"pl-PL\"}]}<\/script>\n<!-- \/ Yoast SEO Premium plugin. -->","yoast_head_json":{"title":"MyController T&amp;C - Red Sea Fish","robots":{"index":"index","follow":"follow","max-snippet":"max-snippet:-1","max-image-preview":"max-image-preview:large","max-video-preview":"max-video-preview:-1"},"canonical":"https:\/\/redseafish.com\/pl\/mycontroller-tc\/","og_locale":"pl_PL","og_type":"article","og_title":"MyController T&amp;C - Red Sea Fish","og_url":"https:\/\/redseafish.com\/pl\/mycontroller-tc\/","og_site_name":"Red Sea Fish","article_modified_time":"2025-11-10T11:57:21+00:00","twitter_card":"summary_large_image","twitter_misc":{"Szacowany czas czytania":"2 minuty"},"schema":{"@context":"https:\/\/schema.org","@graph":[{"@type":"WebPage","@id":"https:\/\/redseafish.com\/pl\/mycontroller-tc\/","url":"https:\/\/redseafish.com\/pl\/mycontroller-tc\/","name":"MyController T&amp;C - Red Sea Fish","isPartOf":{"@id":"https:\/\/redseafish.com\/#website"},"datePublished":"2025-11-10T08:24:58+00:00","dateModified":"2025-11-10T11:57:21+00:00","breadcrumb":{"@id":"https:\/\/redseafish.com\/pl\/mycontroller-tc\/#breadcrumb"},"inLanguage":"pl-PL","potentialAction":[{"@type":"ReadAction","target":["https:\/\/redseafish.com\/pl\/mycontroller-tc\/"]}]},{"@type":"BreadcrumbList","@id":"https:\/\/redseafish.com\/pl\/mycontroller-tc\/#breadcrumb","itemListElement":[{"@type":"ListItem","position":1,"name":"Home","item":"https:\/\/redseafish.com\/pl\/"},{"@type":"ListItem","position":2,"name":"MyController T&amp;C"}]},{"@type":"WebSite","@id":"https:\/\/redseafish.com\/#website","url":"https:\/\/redseafish.com\/","name":"Red Sea Fish","description":"Home of the best salt water aquarium experience","potentialAction":[{"@type":"SearchAction","target":{"@type":"EntryPoint","urlTemplate":"https:\/\/redseafish.com\/?s={search_term_string}"},"query-input":{"@type":"PropertyValueSpecification","valueRequired":true,"valueName":"search_term_string"}}],"inLanguage":"pl-PL"}]}},"_links":{"self":[{"href":"https:\/\/redseafish.com\/pl\/wp-json\/wp\/v2\/pages\/96134","targetHints":{"allow":["GET"]}}],"collection":[{"href":"https:\/\/redseafish.com\/pl\/wp-json\/wp\/v2\/pages"}],"about":[{"href":"https:\/\/redseafish.com\/pl\/wp-json\/wp\/v2\/types\/page"}],"author":[{"embeddable":true,"href":"https:\/\/redseafish.com\/pl\/wp-json\/wp\/v2\/users\/11"}],"replies":[{"embeddable":true,"href":"https:\/\/redseafish.com\/pl\/wp-json\/wp\/v2\/comments?post=96134"}],"version-history":[{"count":2,"href":"https:\/\/redseafish.com\/pl\/wp-json\/wp\/v2\/pages\/96134\/revisions"}],"predecessor-version":[{"id":96136,"href":"https:\/\/redseafish.com\/pl\/wp-json\/wp\/v2\/pages\/96134\/revisions\/96136"}],"wp:attachment":[{"href":"https:\/\/redseafish.com\/pl\/wp-json\/wp\/v2\/media?parent=96134"}],"curies":[{"name":"wp","href":"https:\/\/api.w.org\/{rel}","templated":true}]}}