{"id":92723,"date":"2024-06-27T03:35:00","date_gmt":"2024-06-27T00:35:00","guid":{"rendered":"https:\/\/redseafish.com\/certificate-of-warranty\/"},"modified":"2025-11-03T19:16:38","modified_gmt":"2025-11-03T17:16:38","slug":"certificate-of-warranty","status":"publish","type":"page","link":"https:\/\/redseafish.com\/pl\/certificate-of-warranty\/","title":{"rendered":"certificate of warranty"},"content":{"rendered":"\n<div class=\"wp-block-dfnstbm-story story\"><div class=\"story_loader\"><div class=\"lds-roller mx-auto\"><div><\/div><div><\/div><div><\/div><div><\/div><div><\/div><div><\/div><div><\/div><div><\/div><\/div><h2 class=\"center h3 color-white\">Loading<\/h2><\/div><div class=\"story_content\"><button class=\"storyboard-trigger-button\" style=\"position:fixed;top:1rem;right:1rem;z-index:9999999999;padding:.25rem\">Debug-Button<\/button>\n<div class=\"wp-block-dfnstbm-story-frame story_frame gridbox  bg-color-transparent\" style=\"height:auto\" data-stb-active-viewport-size=\"all\" data-stb-track-scroll-progress-when-entering=\"false\">\n<div style=\"z-index:1;height:auto\" class=\"wp-block-dfnstbm-story-element story_element gridbox-element  bg-color-16 flex flex-column justify-start\">\n<div class=\"wp-block-dfnstbm-content-wrapper \n  content-wrapper border-box col-12 transparent max-width-3 mt4 mb5 ml-auto mr-auto pl2 pr2 sm-pl2 sm-pr2 md-pl0 md-pr0 lg-pl0 lg-pr0 color-black\" style=\"min-height:auto;max-height:none;border-radius:0px;grid-gap:\">\n<h2 class=\"wp-block-dfnstbm-heading \n  h1 color-black max-width-3 helvetica-bold left-align mb2 ml-auto mr-auto relative\">Ograniczona gwarancja Red Sea Aquarium Systems<\/h2>\n\n\n\n<p class=\"wp-block-dfnstbm-paragraph \n  h6 color-black max-width-3 open-sans-regular left-align ml-auto mr-auto relative\">Dzi\u0119kujemy za zakup systemu akwariowego Red Sea, sk\u0142adaj\u0105cego si\u0119 z akwarium, sumpa, instalacji rurowej oraz szafki (zwanych dalej \u201e<strong>Systemem Akwariowym<\/strong>\u201d).<br><br>Niniejsza ograniczona gwarancja nie obejmuje dodatkowych produkt\u00f3w Red Sea, takich jak ReefATO+, kt\u00f3re mog\u0105 by\u0107 dostarczone wraz z Systemem Akwariowym, ani \u017cadnych produkt\u00f3w zakupionych razem z Systemem Akwariowym w ramach zestaw\u00f3w REEFER Deluxe lub REEFER MAX. Wszystkie takie dodatkowe produkty obj\u0119te s\u0105 w\u0142asn\u0105, indywidualn\u0105 gwarancj\u0105.<br><br>Red Sea Aquatics (UK) Ltd. (zwana dalej \u201eRed Sea\u201d) udziela gwarancji na System Akwariowy przeciwko wadom produkcyjnym materia\u0142owym i wykonawczym przez okres 36 miesi\u0119cy od daty pierwotnego zakupu przez pierwszego nabywc\u0119 (zwanej dalej \u201eDat\u0105 Zakupu Pocz\u0105tkowego\u201d), zgodnie z warunkami opisanymi poni\u017cej.<br><br>Gwarancja udzielana przez Red Sea NIE MO\u017bE BY\u0106 PRZENIESIONA NA OSOBY TRZECIE I OGRANICZA SI\u0118 WY\u0141\u0104CZNIE DO PIERWOTNEGO NABYWCY.<br>Je\u015bli System Akwariowy kwalifikuje si\u0119 do naprawy w ramach tej gwarancji, Red Sea wed\u0142ug w\u0142asnego uznania naprawi go bezp\u0142atnie (z wy\u0142\u0105czeniem koszt\u00f3w wysy\u0142ki) przy u\u017cyciu nowych lub odnowionych cz\u0119\u015bci albo wymieni na nowy lub odnowiony System Akwariowy.<br><br>Niniejsza ograniczona gwarancja NIE OBEJMUJE normalnego zu\u017cycia eksploatacyjnego ani element\u00f3w o ograniczonej trwa\u0142o\u015bci lub charakterze zu\u017cywalnym, takich jak m.in. wirniki, g\u0105bki, skarpety filtracyjne czy uszczelki typu \u201eO-ring\u201d.<br>Nie obejmuje r\u00f3wnie\u017c uszkodze\u0144 powsta\u0142ych podczas transportu ani wad lub usterek wynikaj\u0105cych z u\u017cytkowania w warunkach innych ni\u017c standardowe i\/lub w wyniku kl\u0119sk \u017cywio\u0142owych, wypadk\u00f3w, przepi\u0119\u0107, zaniedba\u0144, niew\u0142a\u015bciwego monta\u017cu, obs\u0142ugi lub konserwacji, a tak\u017ce nieautoryzowanych napraw b\u0105d\u017a ingerencji w System Akwariowy przez osoby inne ni\u017c autoryzowany serwis Red Sea.<br>Gwarancja traci wa\u017cno\u015b\u0107 tak\u017ce w przypadku nieprzestrzegania instrukcji monta\u017cu lub u\u017cytkowania (zawartych w instrukcji systemu lub na stronie internetowej Red Sea) oraz w przypadku niezgodno\u015bci z obowi\u0105zuj\u0105cymi normami technicznymi lub bezpiecze\u0144stwa w kraju u\u017cytkowania.<br>Jakakolwiek modyfikacja Systemu Akwariowego dokonana przez inne podmioty ni\u017c autoryzowany serwis Red Sea powoduje utrat\u0119 gwarancji.<br><br>Aby skorzysta\u0107 z gwarancji, nale\u017cy skontaktowa\u0107 si\u0119 z lokalnym centrum serwisowym. Dla wygody u\u017cytkownik\u00f3w lista autoryzowanych serwis\u00f3w znajduje si\u0119 na stronie internetowej Red Sea. Do realizacji naprawy gwarancyjnej wymagany jest dow\u00f3d zakupu.<br><br>Jedynym i wy\u0142\u0105cznym \u015brodkiem prawnym wobec Red Sea jest naprawa lub wymiana Systemu Akwariowego zgodnie z powy\u017cszymi zasadami.<br>\u017bADNE INNE ROSZCZENIA (w tym m.in. odszkodowania po\u015brednie, utracone korzy\u015bci, utracona sprzeda\u017c lub inne szkody po\u015brednie i wynikowe) nie s\u0105 obj\u0119te t\u0105 gwarancj\u0105.<br>Niekt\u00f3re jurysdykcje nie dopuszczaj\u0105 wy\u0142\u0105czenia odpowiedzialno\u015bci za szkody po\u015brednie, wi\u0119c powy\u017csze ograniczenie mo\u017ce nie mie\u0107 zastosowania.<br>W maksymalnym zakresie dozwolonym przez prawo Red Sea nie ponosi odpowiedzialno\u015bci za jakiekolwiek straty lub szkody dotycz\u0105ce \u017cycia wodnego, innych element\u00f3w mienia lub os\u00f3b (w tym pierwotnego nabywcy), wynikaj\u0105ce z u\u017cytkowania Systemu Akwariowego lub naruszenia niniejszej gwarancji.<br>Wszelkie dorozumiane gwarancje (w tym m.in. gwarancja przydatno\u015bci handlowej lub przydatno\u015bci do okre\u015blonego celu) s\u0105 wy\u0142\u0105czone w maksymalnym zakresie dozwolonym przez prawo, a tam, gdzie ich wy\u0142\u0105czenie nie jest mo\u017cliwe, ograniczone s\u0105 do okresu obowi\u0105zywania gwarancji okre\u015blonego powy\u017cej.<br>Niekt\u00f3re jurysdykcje nie dopuszczaj\u0105 ogranicze\u0144 dotycz\u0105cych czasu trwania gwarancji dorozumianych, dlatego powy\u017csze ograniczenie mo\u017ce nie mie\u0107 zastosowania.<br>Gwarancje udzielone w niniejszym dokumencie stanowi\u0105 jedyne i wy\u0142\u0105czne gwarancje dla pierwotnego nabywcy i nie mog\u0105 by\u0107 zmieniane, rozszerzane ani modyfikowane przez \u017cadnego dystrybutora, sprzedawc\u0119 ani jak\u0105kolwiek osob\u0119 trzeci\u0105.<br>\u00a0<br>SPECJALNE WARUNKI DOTYCZ\u0104CE OPCJI UZYSKANIA DODATKOWEJ 24-MIESI\u0118CZNEJ GWARANCJI<br>\u00a0<br>Pierwotny nabywca, i tylko on, mo\u017ce uzyska\u0107 przed\u0142u\u017con\u0105 gwarancj\u0119 (zwan\u0105 dalej \u201eGwarancj\u0105 Przed\u0142u\u017con\u0105\u201d), obejmuj\u0105c\u0105 integralno\u015b\u0107 konstrukcyjn\u0105 akwarium szklanego i szafki (z wy\u0142\u0105czeniem innych element\u00f3w Systemu Akwariowego oraz produkt\u00f3w dostarczonych wraz z nim lub zakupionych razem z nim), bez dodatkowych koszt\u00f3w, poprzez zarejestrowanie Systemu Akwariowego w ci\u0105gu 90 dni od Daty Zakupu Pocz\u0105tkowego na stronie internetowej Red Sea (<a href=\"http:\/\/www.redseafish.com\">www.redseafish.com<\/a>) i przes\u0142anie dowodu zakupu.<br>Rejestruj\u0105c System Akwariowy i korzystaj\u0105c z opcji uzyskania Gwarancji Przed\u0142u\u017conej, u\u017cytkownik potwierdza, \u017ce zapozna\u0142 si\u0119 z warunkami tej gwarancji opisanymi poni\u017cej i w pe\u0142ni si\u0119 z nimi zgadza.<br>\u00a0<br>WARUNKI GWARANCJI PRZED\u0141U\u017bONEJ:<br>\u00a0<br>Gwarancja Przed\u0142u\u017cona NIE MO\u017bE BY\u0106 PRZENIESIONA NA OSOBY TRZECIE I OGRANICZA SI\u0118 WY\u0141\u0104CZNIE DO PIERWOTNEGO NABYWCY.<br>Gwarancja Przed\u0142u\u017cona dost\u0119pna jest wy\u0142\u0105cznie dla modeli REEFER G2+\/G3 oraz MAX NANO G2 zakupionych po 11 sierpnia 2023 r. w jednym z nast\u0119puj\u0105cych kraj\u00f3w: Austria, Australia, Belgia, Kanada, Francja, Niemcy, Irlandia, Japonia, Niderlandy, Polska, Tajwan, Wielka Brytania i Stany Zjednoczone.<br><br>Gwarancja Przed\u0142u\u017cona jest r\u00f3wnie\u017c dost\u0119pna dla modeli REEFER G3 i MAX NANO G2 zakupionych po 15 pa\u017adziernika 2025 r. w Chinach.<br><br>Gwarancj\u0119 Przed\u0142u\u017con\u0105 mo\u017cna uzyska\u0107 jedynie w ci\u0105gu 90 dni od Daty Zakupu Pocz\u0105tkowego.<br>Jej okres obowi\u0105zywania wynosi 24 miesi\u0105ce i rozpoczyna si\u0119 bezpo\u015brednio po zako\u0144czeniu 36-miesi\u0119cznej podstawowej gwarancji.<br>\u00a0<br>Gwarancja Przed\u0142u\u017cona obejmuje wy\u0142\u0105cznie integralno\u015b\u0107 konstrukcyjn\u0105 akwarium szklanego i szafki (zwanych dalej \u201eElementami Obj\u0119tymi Gwarancj\u0105\u201d).<br>\u00a0<br>Je\u015bli Elementy Obj\u0119te Gwarancj\u0105 kwalifikuj\u0105 si\u0119 do naprawy w ramach Gwarancji Przed\u0142u\u017conej, Red Sea \u2013 wed\u0142ug w\u0142asnego uznania \u2013 naprawi je bezp\u0142atnie (z wy\u0142\u0105czeniem koszt\u00f3w wysy\u0142ki) przy u\u017cyciu nowych lub odnowionych cz\u0119\u015bci albo wymieni je na nowe lub odnowione.<br>\u00a0<br>Gwarancja Przed\u0142u\u017cona NIE OBEJMUJE normalnego zu\u017cycia eksploatacyjnego ani element\u00f3w o ograniczonej trwa\u0142o\u015bci lub charakterze zu\u017cywalnym, takich jak np. uszczelki typu \u201eO-ring\u201d. Nie obejmuje r\u00f3wnie\u017c uszkodze\u0144 powsta\u0142ych podczas transportu ani wad lub usterek wynikaj\u0105cych z u\u017cytkowania w warunkach innych ni\u017c standardowe i\/lub w wyniku kl\u0119sk \u017cywio\u0142owych, wypadk\u00f3w, przepi\u0119\u0107, zaniedba\u0144, niew\u0142a\u015bciwego monta\u017cu, obs\u0142ugi lub konserwacji, a tak\u017ce nieautoryzowanych napraw b\u0105d\u017a ingerencji w Elementy Obj \u0119te Gwarancj\u0105 przez osoby inne ni\u017c autoryzowany serwis Red Sea.<br>Nieprzestrzeganie instrukcji u\u017cytkowania lub monta\u017cu (zawartych w instrukcji systemu lub na stronie Red Sea) oraz wprowadzanie jakichkolwiek modyfikacji przez osoby nieupowa\u017cnione powoduje utrat\u0119 wa\u017cno\u015bci Gwarancji Przed\u0142u\u017conej.<br>\u00a0<br>O ile nie wskazano inaczej w niniejszym dokumencie, wszystkie warunki gwarancji Red Sea obowi\u0105zuj\u0105ce w momencie zakupu Systemu Akwariowego maj\u0105 r\u00f3wnie\u017c zastosowanie do Gwarancji Przed\u0142u\u017conej.<\/p>\n\n\n\n<div class=\"wp-block-dfnstbm-divider \n  stb_divider\n bg-color-12\n mt4 mb4 col-12\" style=\"height:1px\"><\/div>\n\n\n\n<h2 class=\"wp-block-dfnstbm-heading \n  h1 color-black max-width-3 helvetica-bold left-align mb2 ml-auto mr-auto relative\">Ograniczona gwarancja na produkty akwariowe Red Sea<\/h2>\n\n\n\n<p class=\"wp-block-dfnstbm-paragraph \n  h6 color-black max-width-3 open-sans-regular left-align ml-auto mr-auto relative\">Dzi\u0119kujemy za zakup produktu akwariowego Red Sea (zwanego dalej \u201eProduktem\u201d).<br>\u00a0<br>Red Sea Aquatics (UK) Ltd. (zwana dalej \u201eRed Sea\u201d) udziela gwarancji na Produkt przeciwko wadom produkcyjnym materia\u0142owym i wykonawczym przez okres 24 miesi\u0119cy od daty zakupu.<br>\u00a0<br>Gwarancja udzielana przez Red Sea NIE MO\u017bE BY\u0106 PRZENIESIONA NA OSOBY TRZECIE I OGRANICZA SI\u0118 WY\u0141\u0104CZNIE DO PIERWOTNEGO NABYWCY.<br>Je\u015bli Produkt kwalifikuje si\u0119 do naprawy w ramach tej gwarancji, Red Sea wed\u0142ug w\u0142asnego uznania naprawi go bezp\u0142atnie (z wy\u0142\u0105czeniem koszt\u00f3w wysy\u0142ki) przy u\u017cyciu nowych lub odnowionych cz\u0119\u015bci albo wymieni na nowy lub odnowiony Produkt.<br><br>Niniejsza gwarancja NIE OBEJMUJE normalnego zu\u017cycia eksploatacyjnego ani element\u00f3w o ograniczonej trwa\u0142o\u015bci lub charakterze zu\u017cywalnym, takich jak m.in. wirniki, g\u0105bki, filtry, wentylatory, rurki czy uszczelki typu \u201eO-ring\u201d.<br>Nie obejmuje r\u00f3wnie\u017c uszkodze\u0144 powsta\u0142ych podczas transportu ani wad lub usterek wynikaj\u0105cych z u\u017cytkowania w warunkach innych ni\u017c standardowe, kl\u0119sk \u017cywio\u0142owych, wypadk\u00f3w, przepi\u0119\u0107, zaniedba\u0144, niew\u0142a\u015bciwego monta\u017cu, obs\u0142ugi lub konserwacji, a tak\u017ce nieautoryzowanych napraw b\u0105d\u017a ingerencji w Produkt przez osoby inne ni\u017c autoryzowany serwis Red Sea.<br>Gwarancja traci wa\u017cno\u015b\u0107 tak\u017ce w przypadku nieprzestrzegania instrukcji monta\u017cu lub u\u017cytkowania (zawartych w instrukcji produktu lub w innej formie, w tym na stronie internetowej Red Sea) oraz w przypadku niezgodno\u015bci z obowi\u0105zuj\u0105cymi normami technicznymi lub bezpiecze\u0144stwa w kraju u\u017cytkowania.<br>Jakakolwiek modyfikacja Produktu dokonana przez inne podmioty ni\u017c autoryzowany serwis Red Sea powoduje utrat\u0119 gwarancji.<br>Aby skorzysta\u0107 z gwarancji, nale\u017cy skontaktowa\u0107 si\u0119 z lokalnym centrum serwisowym. Dla wygody u\u017cytkownik\u00f3w lista autoryzowanych serwis\u00f3w znajduje si\u0119 na stronie internetowej Red Sea. Do realizacji naprawy gwarancyjnej wymagany jest dow\u00f3d zakupu.<br><br>Jedynym i wy\u0142\u0105cznym \u015brodkiem prawnym wobec Red Sea jest naprawa lub wymiana Produktu zgodnie z powy\u017cszymi zasadami.<br>\u017bADNE INNE ROSZCZENIA (w tym m.in. odszkodowania po\u015brednie, utracone korzy\u015bci, utracona sprzeda\u017c lub inne szkody po\u015brednie i wynikowe) nie s\u0105 obj\u0119te t\u0105 gwarancj\u0105.<br>Niekt\u00f3re jurysdykcje nie dopuszczaj\u0105 wy\u0142\u0105czenia odpowiedzialno\u015bci za szkody po\u015brednie, wi\u0119c powy\u017csze ograniczenie mo\u017ce nie mie\u0107 zastosowania.<br>W maksymalnym zakresie dozwolonym przez prawo Red Sea nie ponosi odpowiedzialno\u015bci za jakiekolwiek straty lub szkody dotycz\u0105ce \u017cycia wodnego, innych element\u00f3w mienia lub os\u00f3b, wynikaj\u0105ce z u\u017cytkowania Produktu lub naruszenia niniejszej gwarancji.<br>Wszelkie dorozumiane gwarancje s\u0105 wy\u0142\u0105czone w maksymalnym zakresie dozwolonym przez prawo, a tam, gdzie ich wy\u0142\u0105czenie nie jest mo\u017cliwe, ograniczone s\u0105 do okresu obowi\u0105zywania gwarancji okre\u015blonego powy\u017cej.<br>Niekt\u00f3re jurysdykcje nie dopuszczaj\u0105 ogranicze\u0144 dotycz\u0105cych czasu trwania gwarancji dorozumianych, dlatego powy\u017csze ograniczenie mo\u017ce nie mie\u0107 zastosowania.<br>Gwarancje udzielone w niniejszym dokumencie stanowi\u0105 jedyne i wy\u0142\u0105czne gwarancje i nie mog\u0105 by\u0107 zmieniane, rozszerzane ani modyfikowane przez \u017cadnego dystrybutora, sprzedawc\u0119 ani jak\u0105kolwiek osob\u0119 trzeci\u0105.<\/p>\n\n\n\n<div class=\"wp-block-dfnstbm-divider \n  stb_divider\n bg-color-12\n mt4 mb4 col-12\" style=\"height:1px\"><\/div>\n<\/div>\n<\/div>\n<\/div>\n<\/div><\/div>\n","protected":false},"excerpt":{"rendered":"","protected":false},"author":7,"featured_media":92724,"parent":0,"menu_order":0,"comment_status":"closed","ping_status":"closed","template":"","meta":{"inline_featured_image":false,"footnotes":""},"class_list":["post-92723","page","type-page","status-publish","has-post-thumbnail","hentry"],"yoast_head":"<!-- This site is optimized with the Yoast SEO Premium plugin v27.0 (Yoast SEO v27.0) - https:\/\/yoast.com\/product\/yoast-seo-premium-wordpress\/ -->\n<title>certificate of warranty - Red Sea Fish<\/title>\n<meta name=\"robots\" content=\"noindex, nofollow\" \/>\n<meta property=\"og:locale\" content=\"pl_PL\" \/>\n<meta property=\"og:type\" content=\"article\" \/>\n<meta property=\"og:title\" content=\"certificate of warranty - Red Sea Fish\" \/>\n<meta property=\"og:url\" content=\"https:\/\/redseafish.com\/pl\/certificate-of-warranty\/\" \/>\n<meta property=\"og:site_name\" content=\"Red Sea Fish\" \/>\n<meta property=\"article:modified_time\" content=\"2025-11-03T17:16:38+00:00\" \/>\n<meta property=\"og:image\" content=\"https:\/\/static.redseafish.com\/wp-content\/uploads\/2025\/05\/19151846\/Share-image.Warranty-Policy.png\" \/>\n\t<meta property=\"og:image:width\" content=\"1200\" \/>\n\t<meta property=\"og:image:height\" content=\"630\" \/>\n\t<meta property=\"og:image:type\" content=\"image\/png\" \/>\n<meta name=\"twitter:card\" content=\"summary_large_image\" \/>\n<meta name=\"twitter:label1\" content=\"Szacowany czas czytania\" \/>\n\t<meta name=\"twitter:data1\" content=\"9 minut\" \/>\n<script type=\"application\/ld+json\" class=\"yoast-schema-graph\">{\"@context\":\"https:\/\/schema.org\",\"@graph\":[{\"@type\":\"WebPage\",\"@id\":\"https:\/\/redseafish.com\/pl\/certificate-of-warranty\/\",\"url\":\"https:\/\/redseafish.com\/pl\/certificate-of-warranty\/\",\"name\":\"certificate of warranty - Red Sea Fish\",\"isPartOf\":{\"@id\":\"https:\/\/redseafish.com\/#website\"},\"primaryImageOfPage\":{\"@id\":\"https:\/\/redseafish.com\/pl\/certificate-of-warranty\/#primaryimage\"},\"image\":{\"@id\":\"https:\/\/redseafish.com\/pl\/certificate-of-warranty\/#primaryimage\"},\"thumbnailUrl\":\"https:\/\/static.redseafish.com\/wp-content\/uploads\/2025\/05\/19151846\/Share-image.Warranty-Policy.png\",\"datePublished\":\"2024-06-27T00:35:00+00:00\",\"dateModified\":\"2025-11-03T17:16:38+00:00\",\"breadcrumb\":{\"@id\":\"https:\/\/redseafish.com\/pl\/certificate-of-warranty\/#breadcrumb\"},\"inLanguage\":\"pl-PL\",\"potentialAction\":[{\"@type\":\"ReadAction\",\"target\":[\"https:\/\/redseafish.com\/pl\/certificate-of-warranty\/\"]}]},{\"@type\":\"ImageObject\",\"inLanguage\":\"pl-PL\",\"@id\":\"https:\/\/redseafish.com\/pl\/certificate-of-warranty\/#primaryimage\",\"url\":\"https:\/\/static.redseafish.com\/wp-content\/uploads\/2025\/05\/19151846\/Share-image.Warranty-Policy.png\",\"contentUrl\":\"https:\/\/static.redseafish.com\/wp-content\/uploads\/2025\/05\/19151846\/Share-image.Warranty-Policy.png\",\"width\":1200,\"height\":630},{\"@type\":\"BreadcrumbList\",\"@id\":\"https:\/\/redseafish.com\/pl\/certificate-of-warranty\/#breadcrumb\",\"itemListElement\":[{\"@type\":\"ListItem\",\"position\":1,\"name\":\"Home\",\"item\":\"https:\/\/redseafish.com\/pl\/\"},{\"@type\":\"ListItem\",\"position\":2,\"name\":\"certificate of warranty\"}]},{\"@type\":\"WebSite\",\"@id\":\"https:\/\/redseafish.com\/#website\",\"url\":\"https:\/\/redseafish.com\/\",\"name\":\"Red Sea Fish\",\"description\":\"Home of the best salt water aquarium experience\",\"potentialAction\":[{\"@type\":\"SearchAction\",\"target\":{\"@type\":\"EntryPoint\",\"urlTemplate\":\"https:\/\/redseafish.com\/?s={search_term_string}\"},\"query-input\":{\"@type\":\"PropertyValueSpecification\",\"valueRequired\":true,\"valueName\":\"search_term_string\"}}],\"inLanguage\":\"pl-PL\"}]}<\/script>\n<!-- \/ Yoast SEO Premium plugin. -->","yoast_head_json":{"title":"certificate of warranty - Red Sea Fish","robots":{"index":"noindex","follow":"nofollow"},"og_locale":"pl_PL","og_type":"article","og_title":"certificate of warranty - Red Sea Fish","og_url":"https:\/\/redseafish.com\/pl\/certificate-of-warranty\/","og_site_name":"Red Sea Fish","article_modified_time":"2025-11-03T17:16:38+00:00","og_image":[{"width":1200,"height":630,"url":"https:\/\/static.redseafish.com\/wp-content\/uploads\/2025\/05\/19151846\/Share-image.Warranty-Policy.png","type":"image\/png"}],"twitter_card":"summary_large_image","twitter_misc":{"Szacowany czas czytania":"9 minut"},"schema":{"@context":"https:\/\/schema.org","@graph":[{"@type":"WebPage","@id":"https:\/\/redseafish.com\/pl\/certificate-of-warranty\/","url":"https:\/\/redseafish.com\/pl\/certificate-of-warranty\/","name":"certificate of warranty - Red Sea Fish","isPartOf":{"@id":"https:\/\/redseafish.com\/#website"},"primaryImageOfPage":{"@id":"https:\/\/redseafish.com\/pl\/certificate-of-warranty\/#primaryimage"},"image":{"@id":"https:\/\/redseafish.com\/pl\/certificate-of-warranty\/#primaryimage"},"thumbnailUrl":"https:\/\/static.redseafish.com\/wp-content\/uploads\/2025\/05\/19151846\/Share-image.Warranty-Policy.png","datePublished":"2024-06-27T00:35:00+00:00","dateModified":"2025-11-03T17:16:38+00:00","breadcrumb":{"@id":"https:\/\/redseafish.com\/pl\/certificate-of-warranty\/#breadcrumb"},"inLanguage":"pl-PL","potentialAction":[{"@type":"ReadAction","target":["https:\/\/redseafish.com\/pl\/certificate-of-warranty\/"]}]},{"@type":"ImageObject","inLanguage":"pl-PL","@id":"https:\/\/redseafish.com\/pl\/certificate-of-warranty\/#primaryimage","url":"https:\/\/static.redseafish.com\/wp-content\/uploads\/2025\/05\/19151846\/Share-image.Warranty-Policy.png","contentUrl":"https:\/\/static.redseafish.com\/wp-content\/uploads\/2025\/05\/19151846\/Share-image.Warranty-Policy.png","width":1200,"height":630},{"@type":"BreadcrumbList","@id":"https:\/\/redseafish.com\/pl\/certificate-of-warranty\/#breadcrumb","itemListElement":[{"@type":"ListItem","position":1,"name":"Home","item":"https:\/\/redseafish.com\/pl\/"},{"@type":"ListItem","position":2,"name":"certificate of warranty"}]},{"@type":"WebSite","@id":"https:\/\/redseafish.com\/#website","url":"https:\/\/redseafish.com\/","name":"Red Sea Fish","description":"Home of the best salt water aquarium experience","potentialAction":[{"@type":"SearchAction","target":{"@type":"EntryPoint","urlTemplate":"https:\/\/redseafish.com\/?s={search_term_string}"},"query-input":{"@type":"PropertyValueSpecification","valueRequired":true,"valueName":"search_term_string"}}],"inLanguage":"pl-PL"}]}},"_links":{"self":[{"href":"https:\/\/redseafish.com\/pl\/wp-json\/wp\/v2\/pages\/92723","targetHints":{"allow":["GET"]}}],"collection":[{"href":"https:\/\/redseafish.com\/pl\/wp-json\/wp\/v2\/pages"}],"about":[{"href":"https:\/\/redseafish.com\/pl\/wp-json\/wp\/v2\/types\/page"}],"author":[{"embeddable":true,"href":"https:\/\/redseafish.com\/pl\/wp-json\/wp\/v2\/users\/7"}],"replies":[{"embeddable":true,"href":"https:\/\/redseafish.com\/pl\/wp-json\/wp\/v2\/comments?post=92723"}],"version-history":[{"count":3,"href":"https:\/\/redseafish.com\/pl\/wp-json\/wp\/v2\/pages\/92723\/revisions"}],"predecessor-version":[{"id":92793,"href":"https:\/\/redseafish.com\/pl\/wp-json\/wp\/v2\/pages\/92723\/revisions\/92793"}],"wp:featuredmedia":[{"embeddable":true,"href":"https:\/\/redseafish.com\/pl\/wp-json\/wp\/v2\/media\/92724"}],"wp:attachment":[{"href":"https:\/\/redseafish.com\/pl\/wp-json\/wp\/v2\/media?parent=92723"}],"curies":[{"name":"wp","href":"https:\/\/api.w.org\/{rel}","templated":true}]}}