{"id":76406,"date":"2025-10-09T10:02:35","date_gmt":"2025-10-09T07:02:35","guid":{"rendered":"https:\/\/redseafish.com\/?page_id=76406"},"modified":"2025-12-04T09:59:29","modified_gmt":"2025-12-04T07:59:29","slug":"models-specs","status":"publish","type":"page","link":"https:\/\/redseafish.com\/pl\/aquarium-systems\/reefer-max-peninsula\/models-specs\/","title":{"rendered":"REEFER MAX Peninsula G3 Models &amp; Specs"},"content":{"rendered":"\n<div class=\"wp-block-rsfmenus-second-menu-bar rsf-second-navbar bg-color-15\"><div class=\"rsf-second-navbar-inner flex justify-center\">\n<a href=\"https:\/\/redseafish.com\/pl\/aquarium-systems\/reefer-max-peninsula\/\" class=\"wp-block-dfnstbm-link\">\n<p class=\"wp-block-dfnstbm-paragraph \n  h6 color-12 max-width-3 open-sans-regular center ml-auto mr-auto relative\">Przegl\u0105d<\/p>\n<\/a>\n\n\n\n<a href=\"https:\/\/redseafish.com\/pl\/aquarium-systems\/reefer-max-peninsula\/models-specs\/\" class=\"wp-block-dfnstbm-link\" target=\"_blank\" rel=\"noopener noreferrer\">\n<p class=\"wp-block-dfnstbm-paragraph \n  h6 color-white max-width-3 open-sans-bold center ml-auto mr-auto relative\">Modele i specyfikacja<\/p>\n<\/a>\n\n\n\n<a href=\"https:\/\/redseafish.com\/aquarium-systems\/reefer-max-series\/reviews-reefer-max-peninsula-g2-series\/#\/en\/model=R43729G2P-R43731G2P-R43735G2P\" class=\"wp-block-dfnstbm-icon-link \n  no-shrink\n flex\n items-center\n w-fit-content\n no-shrink\" style=\"gap:4px\"><img decoding=\"async\" class=\"contain\" src=\"https:\/\/static.redseafish.com\/wp-content\/uploads\/2023\/09\/07085127\/reviews_black_bar_star.svg\" alt=\"\" style=\"margin-top:0px\"\/><p class=\"\n          h6 \n          color-12 \n          open-sans-regular \n        \">Opinie<\/p><\/a>\n\n\n\n<a href=\"https:\/\/g1.redseafish.com\/super-store-finder\/\" class=\"wp-block-dfnstbm-link\" target=\"_blank\" rel=\"noopener noreferrer\">\n<p class=\"wp-block-dfnstbm-paragraph \n  h6 color-12 max-width-3 open-sans-regular center ml-auto mr-auto relative\">Gdzie kupi\u0107<\/p>\n<\/a>\n\n\n\n<a href=\"https:\/\/redseafish.com\/pl\/myreefer\/#\/en\" class=\"wp-block-dfnstbm-link\" target=\"_blank\" rel=\"noopener noreferrer\">\n<p class=\"wp-block-dfnstbm-paragraph \n  h6 color-12 max-width-3 open-sans-regular center ml-auto mr-auto relative\">Zam\u00f3w przez MyREEFER<\/p>\n<\/a>\n\n\n\n<a href=\"https:\/\/redseafish.com\/pl\/register\/\" class=\"wp-block-dfnstbm-link\" target=\"_blank\" rel=\"noopener noreferrer\">\n<p class=\"wp-block-dfnstbm-paragraph \n  h6 color-12 max-width-3 open-sans-regular center ml-auto mr-auto relative\">Plany gwarancyjne<\/p>\n<\/a>\n\n\n\n<a href=\"https:\/\/g1.redseafish.com\/support\/manuals\/categories\/reefer-peninsula-g2plus\" class=\"wp-block-dfnstbm-link\" target=\"_blank\" rel=\"noopener noreferrer\">\n<p class=\"wp-block-dfnstbm-paragraph \n  h6 color-12 max-width-3 open-sans-regular center ml-auto mr-auto relative\">Instrukcje i cz\u0119\u015bci<\/p>\n<\/a>\n<\/div><div class=\"rsf-navbar-mobile-continue-hint-container\"><div class=\"rsf-navbar-mobile-continue-hint-shadow\"><\/div><\/div><\/div>\n\n\n\n\t    <script defer=\"defer\" src=\"https:\/\/baby-compare.apps.redseafish.com\/js\/chunk-vendors.4810da3b.js\"><\/script>\n\t    <script defer=\"defer\" src=\"https:\/\/baby-compare.apps.redseafish.com\/js\/app.e830a5ac.js\"><\/script>\n      <link href=\"https:\/\/baby-compare.apps.redseafish.com\/css\/app.0f200ba1.css\" rel=\"stylesheet\">\n\t  \n\t    <noscript><strong>We are sorry but this app does not work properly without JavaScript enabled. Please enable it to continue.<\/strong><\/noscript>\n      <div id=\"app\" compareId=\"27\" siteLanguage=\"pl\" foo=\"bar\"><\/div>\n\t  ","protected":false},"excerpt":{"rendered":"","protected":false},"author":7,"featured_media":89288,"parent":90184,"menu_order":0,"comment_status":"closed","ping_status":"closed","template":"","meta":{"inline_featured_image":false,"footnotes":""},"class_list":["post-76406","page","type-page","status-publish","has-post-thumbnail","hentry"],"yoast_head":"<!-- This site is optimized with the Yoast SEO Premium plugin v27.0 (Yoast SEO v27.0) - https:\/\/yoast.com\/product\/yoast-seo-premium-wordpress\/ -->\n<title>Modele i specyfikacje Red Sea REEFER MAX Peninsula<\/title>\n<meta name=\"description\" content=\"Poznaj modele Red Sea REEFER MAX\u202fPeninsula wraz ze szczeg\u00f3\u0142owymi specyfikacjami, urz\u0105dzeniami smart w zestawie oraz cenami wybranego modelu.\" \/>\n<meta name=\"robots\" content=\"noindex, nofollow\" \/>\n<meta property=\"og:locale\" content=\"pl_PL\" \/>\n<meta property=\"og:type\" content=\"article\" \/>\n<meta property=\"og:title\" content=\"Modele i specyfikacje Red Sea REEFER MAX Peninsula\" \/>\n<meta property=\"og:description\" content=\"Poznaj modele Red Sea REEFER MAX\u202fPeninsula wraz ze szczeg\u00f3\u0142owymi specyfikacjami, urz\u0105dzeniami smart w zestawie oraz cenami wybranego modelu.\" \/>\n<meta property=\"og:url\" content=\"https:\/\/redseafish.com\/pl\/aquarium-systems\/reefer-max-peninsula\/models-specs\/\" \/>\n<meta property=\"og:site_name\" content=\"Red Sea Fish\" \/>\n<meta property=\"article:modified_time\" content=\"2025-12-04T07:59:29+00:00\" \/>\n<meta property=\"og:image\" content=\"https:\/\/static.redseafish.com\/wp-content\/uploads\/2025\/06\/29154843\/REEFER-MAX-Peninsula-big_share.jpg\" \/>\n\t<meta property=\"og:image:width\" content=\"800\" \/>\n\t<meta property=\"og:image:height\" content=\"422\" \/>\n\t<meta property=\"og:image:type\" content=\"image\/jpeg\" \/>\n<meta name=\"twitter:card\" content=\"summary_large_image\" \/>\n<meta name=\"twitter:label1\" content=\"Szacowany czas czytania\" \/>\n\t<meta name=\"twitter:data1\" content=\"1 minuta\" \/>\n<script type=\"application\/ld+json\" class=\"yoast-schema-graph\">{\"@context\":\"https:\/\/schema.org\",\"@graph\":[{\"@type\":\"WebPage\",\"@id\":\"https:\/\/redseafish.com\/pl\/aquarium-systems\/reefer-max-peninsula\/models-specs\/\",\"url\":\"https:\/\/redseafish.com\/pl\/aquarium-systems\/reefer-max-peninsula\/models-specs\/\",\"name\":\"Modele i specyfikacje Red Sea REEFER MAX Peninsula\",\"isPartOf\":{\"@id\":\"https:\/\/redseafish.com\/#website\"},\"primaryImageOfPage\":{\"@id\":\"https:\/\/redseafish.com\/pl\/aquarium-systems\/reefer-max-peninsula\/models-specs\/#primaryimage\"},\"image\":{\"@id\":\"https:\/\/redseafish.com\/pl\/aquarium-systems\/reefer-max-peninsula\/models-specs\/#primaryimage\"},\"thumbnailUrl\":\"https:\/\/static.redseafish.com\/wp-content\/uploads\/2025\/10\/09105742\/Share-image.REEFER-MAX-P-G3-Specs.png\",\"datePublished\":\"2025-10-09T07:02:35+00:00\",\"dateModified\":\"2025-12-04T07:59:29+00:00\",\"description\":\"Poznaj modele Red Sea REEFER MAX\u202fPeninsula wraz ze szczeg\u00f3\u0142owymi specyfikacjami, urz\u0105dzeniami smart w zestawie oraz cenami wybranego modelu.\",\"breadcrumb\":{\"@id\":\"https:\/\/redseafish.com\/pl\/aquarium-systems\/reefer-max-peninsula\/models-specs\/#breadcrumb\"},\"inLanguage\":\"pl-PL\",\"potentialAction\":[{\"@type\":\"ReadAction\",\"target\":[\"https:\/\/redseafish.com\/pl\/aquarium-systems\/reefer-max-peninsula\/models-specs\/\"]}]},{\"@type\":\"ImageObject\",\"inLanguage\":\"pl-PL\",\"@id\":\"https:\/\/redseafish.com\/pl\/aquarium-systems\/reefer-max-peninsula\/models-specs\/#primaryimage\",\"url\":\"https:\/\/static.redseafish.com\/wp-content\/uploads\/2025\/10\/09105742\/Share-image.REEFER-MAX-P-G3-Specs.png\",\"contentUrl\":\"https:\/\/static.redseafish.com\/wp-content\/uploads\/2025\/10\/09105742\/Share-image.REEFER-MAX-P-G3-Specs.png\",\"width\":1200,\"height\":630},{\"@type\":\"BreadcrumbList\",\"@id\":\"https:\/\/redseafish.com\/pl\/aquarium-systems\/reefer-max-peninsula\/models-specs\/#breadcrumb\",\"itemListElement\":[{\"@type\":\"ListItem\",\"position\":1,\"name\":\"Home\",\"item\":\"https:\/\/redseafish.com\/pl\/\"},{\"@type\":\"ListItem\",\"position\":2,\"name\":\"Aquarium Systems\",\"item\":\"https:\/\/redseafish.com\/pl\/aquarium-systems\/\"},{\"@type\":\"ListItem\",\"position\":3,\"name\":\"REEFER MAX Peninsula\",\"item\":\"https:\/\/redseafish.com\/pl\/aquarium-systems\/reefer-max-peninsula\/\"},{\"@type\":\"ListItem\",\"position\":4,\"name\":\"REEFER MAX Peninsula G3 Models &amp; Specs\"}]},{\"@type\":\"WebSite\",\"@id\":\"https:\/\/redseafish.com\/#website\",\"url\":\"https:\/\/redseafish.com\/\",\"name\":\"Red Sea Fish\",\"description\":\"Home of the best salt water aquarium experience\",\"potentialAction\":[{\"@type\":\"SearchAction\",\"target\":{\"@type\":\"EntryPoint\",\"urlTemplate\":\"https:\/\/redseafish.com\/?s={search_term_string}\"},\"query-input\":{\"@type\":\"PropertyValueSpecification\",\"valueRequired\":true,\"valueName\":\"search_term_string\"}}],\"inLanguage\":\"pl-PL\"}]}<\/script>\n<!-- \/ Yoast SEO Premium plugin. -->","yoast_head_json":{"title":"Modele i specyfikacje Red Sea REEFER MAX Peninsula","description":"Poznaj modele Red Sea REEFER MAX\u202fPeninsula wraz ze szczeg\u00f3\u0142owymi specyfikacjami, urz\u0105dzeniami smart w zestawie oraz cenami wybranego modelu.","robots":{"index":"noindex","follow":"nofollow"},"og_locale":"pl_PL","og_type":"article","og_title":"Modele i specyfikacje Red Sea REEFER MAX Peninsula","og_description":"Poznaj modele Red Sea REEFER MAX\u202fPeninsula wraz ze szczeg\u00f3\u0142owymi specyfikacjami, urz\u0105dzeniami smart w zestawie oraz cenami wybranego modelu.","og_url":"https:\/\/redseafish.com\/pl\/aquarium-systems\/reefer-max-peninsula\/models-specs\/","og_site_name":"Red Sea Fish","article_modified_time":"2025-12-04T07:59:29+00:00","og_image":[{"width":800,"height":422,"url":"https:\/\/static.redseafish.com\/wp-content\/uploads\/2025\/06\/29154843\/REEFER-MAX-Peninsula-big_share.jpg","type":"image\/jpeg"}],"twitter_card":"summary_large_image","twitter_misc":{"Szacowany czas czytania":"1 minuta"},"schema":{"@context":"https:\/\/schema.org","@graph":[{"@type":"WebPage","@id":"https:\/\/redseafish.com\/pl\/aquarium-systems\/reefer-max-peninsula\/models-specs\/","url":"https:\/\/redseafish.com\/pl\/aquarium-systems\/reefer-max-peninsula\/models-specs\/","name":"Modele i specyfikacje Red Sea REEFER MAX Peninsula","isPartOf":{"@id":"https:\/\/redseafish.com\/#website"},"primaryImageOfPage":{"@id":"https:\/\/redseafish.com\/pl\/aquarium-systems\/reefer-max-peninsula\/models-specs\/#primaryimage"},"image":{"@id":"https:\/\/redseafish.com\/pl\/aquarium-systems\/reefer-max-peninsula\/models-specs\/#primaryimage"},"thumbnailUrl":"https:\/\/static.redseafish.com\/wp-content\/uploads\/2025\/10\/09105742\/Share-image.REEFER-MAX-P-G3-Specs.png","datePublished":"2025-10-09T07:02:35+00:00","dateModified":"2025-12-04T07:59:29+00:00","description":"Poznaj modele Red Sea REEFER MAX\u202fPeninsula wraz ze szczeg\u00f3\u0142owymi specyfikacjami, urz\u0105dzeniami smart w zestawie oraz cenami wybranego modelu.","breadcrumb":{"@id":"https:\/\/redseafish.com\/pl\/aquarium-systems\/reefer-max-peninsula\/models-specs\/#breadcrumb"},"inLanguage":"pl-PL","potentialAction":[{"@type":"ReadAction","target":["https:\/\/redseafish.com\/pl\/aquarium-systems\/reefer-max-peninsula\/models-specs\/"]}]},{"@type":"ImageObject","inLanguage":"pl-PL","@id":"https:\/\/redseafish.com\/pl\/aquarium-systems\/reefer-max-peninsula\/models-specs\/#primaryimage","url":"https:\/\/static.redseafish.com\/wp-content\/uploads\/2025\/10\/09105742\/Share-image.REEFER-MAX-P-G3-Specs.png","contentUrl":"https:\/\/static.redseafish.com\/wp-content\/uploads\/2025\/10\/09105742\/Share-image.REEFER-MAX-P-G3-Specs.png","width":1200,"height":630},{"@type":"BreadcrumbList","@id":"https:\/\/redseafish.com\/pl\/aquarium-systems\/reefer-max-peninsula\/models-specs\/#breadcrumb","itemListElement":[{"@type":"ListItem","position":1,"name":"Home","item":"https:\/\/redseafish.com\/pl\/"},{"@type":"ListItem","position":2,"name":"Aquarium Systems","item":"https:\/\/redseafish.com\/pl\/aquarium-systems\/"},{"@type":"ListItem","position":3,"name":"REEFER MAX Peninsula","item":"https:\/\/redseafish.com\/pl\/aquarium-systems\/reefer-max-peninsula\/"},{"@type":"ListItem","position":4,"name":"REEFER MAX Peninsula G3 Models &amp; Specs"}]},{"@type":"WebSite","@id":"https:\/\/redseafish.com\/#website","url":"https:\/\/redseafish.com\/","name":"Red Sea Fish","description":"Home of the best salt water aquarium experience","potentialAction":[{"@type":"SearchAction","target":{"@type":"EntryPoint","urlTemplate":"https:\/\/redseafish.com\/?s={search_term_string}"},"query-input":{"@type":"PropertyValueSpecification","valueRequired":true,"valueName":"search_term_string"}}],"inLanguage":"pl-PL"}]}},"_links":{"self":[{"href":"https:\/\/redseafish.com\/pl\/wp-json\/wp\/v2\/pages\/76406","targetHints":{"allow":["GET"]}}],"collection":[{"href":"https:\/\/redseafish.com\/pl\/wp-json\/wp\/v2\/pages"}],"about":[{"href":"https:\/\/redseafish.com\/pl\/wp-json\/wp\/v2\/types\/page"}],"author":[{"embeddable":true,"href":"https:\/\/redseafish.com\/pl\/wp-json\/wp\/v2\/users\/7"}],"replies":[{"embeddable":true,"href":"https:\/\/redseafish.com\/pl\/wp-json\/wp\/v2\/comments?post=76406"}],"version-history":[{"count":7,"href":"https:\/\/redseafish.com\/pl\/wp-json\/wp\/v2\/pages\/76406\/revisions"}],"predecessor-version":[{"id":98791,"href":"https:\/\/redseafish.com\/pl\/wp-json\/wp\/v2\/pages\/76406\/revisions\/98791"}],"up":[{"embeddable":true,"href":"https:\/\/redseafish.com\/pl\/wp-json\/wp\/v2\/pages\/90184"}],"wp:featuredmedia":[{"embeddable":true,"href":"https:\/\/redseafish.com\/pl\/wp-json\/wp\/v2\/media\/89288"}],"wp:attachment":[{"href":"https:\/\/redseafish.com\/pl\/wp-json\/wp\/v2\/media?parent=76406"}],"curies":[{"name":"wp","href":"https:\/\/api.w.org\/{rel}","templated":true}]}}