{"id":76396,"date":"2025-10-08T10:58:46","date_gmt":"2025-10-08T07:58:46","guid":{"rendered":"https:\/\/redseafish.com\/?page_id=76396"},"modified":"2025-12-04T09:39:11","modified_gmt":"2025-12-04T07:39:11","slug":"models-specs","status":"publish","type":"page","link":"https:\/\/redseafish.com\/pl\/aquarium-systems\/reefer\/models-specs\/","title":{"rendered":"REEFER G3 Models &amp; Specs"},"content":{"rendered":"\n<div class=\"wp-block-rsfmenus-second-menu-bar rsf-second-navbar bg-color-15\"><div class=\"rsf-second-navbar-inner flex justify-center\">\n<a href=\"https:\/\/redseafish.com\/pl\/aquarium-systems\/reefer\/\" class=\"wp-block-dfnstbm-link\">\n<p class=\"wp-block-dfnstbm-paragraph \n  h6 color-12 max-width-3 open-sans-regular center ml-auto mr-auto relative\">Przegl\u0105d<\/p>\n<\/a>\n\n\n\n<a href=\"https:\/\/redseafish.com\/pl\/aquarium-systems\/reefer\/models-specs\/\" class=\"wp-block-dfnstbm-link\" target=\"_blank\" rel=\"noopener noreferrer\">\n<p class=\"wp-block-dfnstbm-paragraph \n  h6 color-white max-width-3 open-sans-regular center ml-auto mr-auto relative\"><strong>Modele i specyfikacja<\/strong><\/p>\n<\/a>\n\n\n\n<a href=\"https:\/\/redseafish.com\/aquarium-systems\/reefer-series\/reviews\/#\/en\/model=R42112G2P-R42462G2P-R42122G2P-R42472G2P-R42132G2P-R42242G2P-R42252G2P-R42262G2P-R42272G2P-R42442G2P\" class=\"wp-block-dfnstbm-icon-link \n  no-shrink\n flex\n items-center\n w-fit-content\n no-shrink\" style=\"gap:4px\"><img decoding=\"async\" class=\"contain\" src=\"https:\/\/static.redseafish.com\/wp-content\/uploads\/2023\/09\/07085127\/reviews_black_bar_star.svg\" alt=\"\" style=\"margin-top:0px\"\/><p class=\"\n          h6 \n          color-12 \n          open-sans-regular \n        \">Opinie<\/p><\/a>\n\n\n\n<a href=\"https:\/\/redseafish.com\/pl\/myreefer\/#\/en\" class=\"wp-block-dfnstbm-link\" target=\"_blank\" rel=\"noopener noreferrer\">\n<p class=\"wp-block-dfnstbm-paragraph \n  h6 color-12 max-width-3 open-sans-regular center ml-auto mr-auto relative\">Zam\u00f3w przez MyREEFER<\/p>\n<\/a>\n\n\n\n<a href=\"https:\/\/g1.redseafish.com\/support\/drawings\/categories\/reefer-g2plus\" class=\"wp-block-dfnstbm-link\" target=\"_blank\" rel=\"noopener noreferrer\">\n<p class=\"wp-block-dfnstbm-paragraph \n  h6 color-12 max-width-3 open-sans-regular center ml-auto mr-auto relative\">Rysunki<\/p>\n<\/a>\n\n\n\n<a href=\"https:\/\/g1.redseafish.com\/register\/\" class=\"wp-block-dfnstbm-link\" target=\"_blank\" rel=\"noopener noreferrer\">\n<p class=\"wp-block-dfnstbm-paragraph \n  h6 color-12 max-width-3 open-sans-regular center ml-auto mr-auto relative\">Plany gwarancyjne<\/p>\n<\/a>\n\n\n\n<a href=\"https:\/\/g1.redseafish.com\/support\/manuals\/categories\/reefer-g2plus\/\" class=\"wp-block-dfnstbm-link\" target=\"_blank\" rel=\"noopener noreferrer\">\n<p class=\"wp-block-dfnstbm-paragraph \n  h6 color-12 max-width-3 open-sans-regular center ml-auto mr-auto relative\">Instrukcje<\/p>\n<\/a>\n\n\n\n<a href=\"https:\/\/g1.redseafish.com\/support\/spare-parts\/categories\/reefer-g2plus\" class=\"wp-block-dfnstbm-link\" target=\"_blank\" rel=\"noopener noreferrer\">\n<p class=\"wp-block-dfnstbm-paragraph \n  h6 color-12 max-width-3 open-sans-regular center ml-auto mr-auto relative\">Cz\u0119\u015bci zamienne<\/p>\n<\/a>\n\n\n\n<a href=\"https:\/\/g1.redseafish.com\/register\/\" class=\"wp-block-dfnstbm-link\" target=\"_blank\" rel=\"noopener noreferrer\">\n<p class=\"wp-block-dfnstbm-paragraph \n  h6 color-12 max-width-3 open-sans-regular center ml-auto mr-auto relative\">Zarejestruj akwarium<\/p>\n<\/a>\n<\/div><div class=\"rsf-navbar-mobile-continue-hint-container\"><div class=\"rsf-navbar-mobile-continue-hint-shadow\"><\/div><\/div><\/div>\n\n\n\n\t    <script defer=\"defer\" src=\"https:\/\/baby-compare.apps.redseafish.com\/js\/chunk-vendors.4810da3b.js\"><\/script>\n\t    <script defer=\"defer\" src=\"https:\/\/baby-compare.apps.redseafish.com\/js\/app.e830a5ac.js\"><\/script>\n      <link href=\"https:\/\/baby-compare.apps.redseafish.com\/css\/app.0f200ba1.css\" rel=\"stylesheet\">\n\t  \n\t    <noscript><strong>We are sorry but this app does not work properly without JavaScript enabled. Please enable it to continue.<\/strong><\/noscript>\n      <div id=\"app\" compareId=\"22\" siteLanguage=\"pl\" foo=\"bar\"><\/div>\n\t  ","protected":false},"excerpt":{"rendered":"","protected":false},"author":7,"featured_media":89245,"parent":88568,"menu_order":0,"comment_status":"closed","ping_status":"closed","template":"","meta":{"inline_featured_image":false,"footnotes":""},"class_list":["post-76396","page","type-page","status-publish","has-post-thumbnail","hentry"],"yoast_head":"<!-- This site is optimized with the Yoast SEO Premium plugin v27.0 (Yoast SEO v27.0) - https:\/\/yoast.com\/product\/yoast-seo-premium-wordpress\/ -->\n<title>Modele i specyfikacje Red Sea REEFER<\/title>\n<meta name=\"description\" content=\"Poznaj modele i specyfikacje Red Sea REEFER. Sprawd\u017a szczeg\u00f3\u0142owe dane techniczne i ceny wybranego modelu.\" \/>\n<meta name=\"robots\" content=\"noindex, nofollow\" \/>\n<meta property=\"og:locale\" content=\"pl_PL\" \/>\n<meta property=\"og:type\" content=\"article\" \/>\n<meta property=\"og:title\" content=\"Modele i specyfikacje Red Sea REEFER\" \/>\n<meta property=\"og:description\" content=\"Poznaj modele i specyfikacje Red Sea REEFER. Sprawd\u017a szczeg\u00f3\u0142owe dane techniczne i ceny wybranego modelu.\" \/>\n<meta property=\"og:url\" content=\"https:\/\/redseafish.com\/pl\/aquarium-systems\/reefer\/models-specs\/\" \/>\n<meta property=\"og:site_name\" content=\"Red Sea Fish\" \/>\n<meta property=\"article:modified_time\" content=\"2025-12-04T07:39:11+00:00\" \/>\n<meta property=\"og:image\" content=\"https:\/\/static.redseafish.com\/wp-content\/uploads\/2025\/06\/29153220\/REEFER-Classic-big_share-1.jpg\" \/>\n\t<meta property=\"og:image:width\" content=\"800\" \/>\n\t<meta property=\"og:image:height\" content=\"422\" \/>\n\t<meta property=\"og:image:type\" content=\"image\/jpeg\" \/>\n<meta name=\"twitter:card\" content=\"summary_large_image\" \/>\n<meta name=\"twitter:label1\" content=\"Szacowany czas czytania\" \/>\n\t<meta name=\"twitter:data1\" content=\"1 minuta\" \/>\n<script type=\"application\/ld+json\" class=\"yoast-schema-graph\">{\"@context\":\"https:\/\/schema.org\",\"@graph\":[{\"@type\":\"WebPage\",\"@id\":\"https:\/\/redseafish.com\/pl\/aquarium-systems\/reefer\/models-specs\/\",\"url\":\"https:\/\/redseafish.com\/pl\/aquarium-systems\/reefer\/models-specs\/\",\"name\":\"Modele i specyfikacje Red Sea REEFER\",\"isPartOf\":{\"@id\":\"https:\/\/redseafish.com\/#website\"},\"primaryImageOfPage\":{\"@id\":\"https:\/\/redseafish.com\/pl\/aquarium-systems\/reefer\/models-specs\/#primaryimage\"},\"image\":{\"@id\":\"https:\/\/redseafish.com\/pl\/aquarium-systems\/reefer\/models-specs\/#primaryimage\"},\"thumbnailUrl\":\"https:\/\/static.redseafish.com\/wp-content\/uploads\/2025\/10\/09104928\/Share-image.REEFER-G3-Specs-2.png\",\"datePublished\":\"2025-10-08T07:58:46+00:00\",\"dateModified\":\"2025-12-04T07:39:11+00:00\",\"description\":\"Poznaj modele i specyfikacje Red Sea REEFER. Sprawd\u017a szczeg\u00f3\u0142owe dane techniczne i ceny wybranego modelu.\",\"breadcrumb\":{\"@id\":\"https:\/\/redseafish.com\/pl\/aquarium-systems\/reefer\/models-specs\/#breadcrumb\"},\"inLanguage\":\"pl-PL\",\"potentialAction\":[{\"@type\":\"ReadAction\",\"target\":[\"https:\/\/redseafish.com\/pl\/aquarium-systems\/reefer\/models-specs\/\"]}]},{\"@type\":\"ImageObject\",\"inLanguage\":\"pl-PL\",\"@id\":\"https:\/\/redseafish.com\/pl\/aquarium-systems\/reefer\/models-specs\/#primaryimage\",\"url\":\"https:\/\/static.redseafish.com\/wp-content\/uploads\/2025\/10\/09104928\/Share-image.REEFER-G3-Specs-2.png\",\"contentUrl\":\"https:\/\/static.redseafish.com\/wp-content\/uploads\/2025\/10\/09104928\/Share-image.REEFER-G3-Specs-2.png\",\"width\":1200,\"height\":630},{\"@type\":\"BreadcrumbList\",\"@id\":\"https:\/\/redseafish.com\/pl\/aquarium-systems\/reefer\/models-specs\/#breadcrumb\",\"itemListElement\":[{\"@type\":\"ListItem\",\"position\":1,\"name\":\"Home\",\"item\":\"https:\/\/redseafish.com\/pl\/\"},{\"@type\":\"ListItem\",\"position\":2,\"name\":\"Aquarium Systems\",\"item\":\"https:\/\/redseafish.com\/pl\/aquarium-systems\/\"},{\"@type\":\"ListItem\",\"position\":3,\"name\":\"REEFER\",\"item\":\"https:\/\/redseafish.com\/pl\/aquarium-systems\/reefer\/\"},{\"@type\":\"ListItem\",\"position\":4,\"name\":\"REEFER G3 Models &amp; Specs\"}]},{\"@type\":\"WebSite\",\"@id\":\"https:\/\/redseafish.com\/#website\",\"url\":\"https:\/\/redseafish.com\/\",\"name\":\"Red Sea Fish\",\"description\":\"Home of the best salt water aquarium experience\",\"potentialAction\":[{\"@type\":\"SearchAction\",\"target\":{\"@type\":\"EntryPoint\",\"urlTemplate\":\"https:\/\/redseafish.com\/?s={search_term_string}\"},\"query-input\":{\"@type\":\"PropertyValueSpecification\",\"valueRequired\":true,\"valueName\":\"search_term_string\"}}],\"inLanguage\":\"pl-PL\"}]}<\/script>\n<!-- \/ Yoast SEO Premium plugin. -->","yoast_head_json":{"title":"Modele i specyfikacje Red Sea REEFER","description":"Poznaj modele i specyfikacje Red Sea REEFER. Sprawd\u017a szczeg\u00f3\u0142owe dane techniczne i ceny wybranego modelu.","robots":{"index":"noindex","follow":"nofollow"},"og_locale":"pl_PL","og_type":"article","og_title":"Modele i specyfikacje Red Sea REEFER","og_description":"Poznaj modele i specyfikacje Red Sea REEFER. Sprawd\u017a szczeg\u00f3\u0142owe dane techniczne i ceny wybranego modelu.","og_url":"https:\/\/redseafish.com\/pl\/aquarium-systems\/reefer\/models-specs\/","og_site_name":"Red Sea Fish","article_modified_time":"2025-12-04T07:39:11+00:00","og_image":[{"width":800,"height":422,"url":"https:\/\/static.redseafish.com\/wp-content\/uploads\/2025\/06\/29153220\/REEFER-Classic-big_share-1.jpg","type":"image\/jpeg"}],"twitter_card":"summary_large_image","twitter_misc":{"Szacowany czas czytania":"1 minuta"},"schema":{"@context":"https:\/\/schema.org","@graph":[{"@type":"WebPage","@id":"https:\/\/redseafish.com\/pl\/aquarium-systems\/reefer\/models-specs\/","url":"https:\/\/redseafish.com\/pl\/aquarium-systems\/reefer\/models-specs\/","name":"Modele i specyfikacje Red Sea REEFER","isPartOf":{"@id":"https:\/\/redseafish.com\/#website"},"primaryImageOfPage":{"@id":"https:\/\/redseafish.com\/pl\/aquarium-systems\/reefer\/models-specs\/#primaryimage"},"image":{"@id":"https:\/\/redseafish.com\/pl\/aquarium-systems\/reefer\/models-specs\/#primaryimage"},"thumbnailUrl":"https:\/\/static.redseafish.com\/wp-content\/uploads\/2025\/10\/09104928\/Share-image.REEFER-G3-Specs-2.png","datePublished":"2025-10-08T07:58:46+00:00","dateModified":"2025-12-04T07:39:11+00:00","description":"Poznaj modele i specyfikacje Red Sea REEFER. Sprawd\u017a szczeg\u00f3\u0142owe dane techniczne i ceny wybranego modelu.","breadcrumb":{"@id":"https:\/\/redseafish.com\/pl\/aquarium-systems\/reefer\/models-specs\/#breadcrumb"},"inLanguage":"pl-PL","potentialAction":[{"@type":"ReadAction","target":["https:\/\/redseafish.com\/pl\/aquarium-systems\/reefer\/models-specs\/"]}]},{"@type":"ImageObject","inLanguage":"pl-PL","@id":"https:\/\/redseafish.com\/pl\/aquarium-systems\/reefer\/models-specs\/#primaryimage","url":"https:\/\/static.redseafish.com\/wp-content\/uploads\/2025\/10\/09104928\/Share-image.REEFER-G3-Specs-2.png","contentUrl":"https:\/\/static.redseafish.com\/wp-content\/uploads\/2025\/10\/09104928\/Share-image.REEFER-G3-Specs-2.png","width":1200,"height":630},{"@type":"BreadcrumbList","@id":"https:\/\/redseafish.com\/pl\/aquarium-systems\/reefer\/models-specs\/#breadcrumb","itemListElement":[{"@type":"ListItem","position":1,"name":"Home","item":"https:\/\/redseafish.com\/pl\/"},{"@type":"ListItem","position":2,"name":"Aquarium Systems","item":"https:\/\/redseafish.com\/pl\/aquarium-systems\/"},{"@type":"ListItem","position":3,"name":"REEFER","item":"https:\/\/redseafish.com\/pl\/aquarium-systems\/reefer\/"},{"@type":"ListItem","position":4,"name":"REEFER G3 Models &amp; Specs"}]},{"@type":"WebSite","@id":"https:\/\/redseafish.com\/#website","url":"https:\/\/redseafish.com\/","name":"Red Sea Fish","description":"Home of the best salt water aquarium experience","potentialAction":[{"@type":"SearchAction","target":{"@type":"EntryPoint","urlTemplate":"https:\/\/redseafish.com\/?s={search_term_string}"},"query-input":{"@type":"PropertyValueSpecification","valueRequired":true,"valueName":"search_term_string"}}],"inLanguage":"pl-PL"}]}},"_links":{"self":[{"href":"https:\/\/redseafish.com\/pl\/wp-json\/wp\/v2\/pages\/76396","targetHints":{"allow":["GET"]}}],"collection":[{"href":"https:\/\/redseafish.com\/pl\/wp-json\/wp\/v2\/pages"}],"about":[{"href":"https:\/\/redseafish.com\/pl\/wp-json\/wp\/v2\/types\/page"}],"author":[{"embeddable":true,"href":"https:\/\/redseafish.com\/pl\/wp-json\/wp\/v2\/users\/7"}],"replies":[{"embeddable":true,"href":"https:\/\/redseafish.com\/pl\/wp-json\/wp\/v2\/comments?post=76396"}],"version-history":[{"count":6,"href":"https:\/\/redseafish.com\/pl\/wp-json\/wp\/v2\/pages\/76396\/revisions"}],"predecessor-version":[{"id":98753,"href":"https:\/\/redseafish.com\/pl\/wp-json\/wp\/v2\/pages\/76396\/revisions\/98753"}],"up":[{"embeddable":true,"href":"https:\/\/redseafish.com\/pl\/wp-json\/wp\/v2\/pages\/88568"}],"wp:featuredmedia":[{"embeddable":true,"href":"https:\/\/redseafish.com\/pl\/wp-json\/wp\/v2\/media\/89245"}],"wp:attachment":[{"href":"https:\/\/redseafish.com\/pl\/wp-json\/wp\/v2\/media?parent=76396"}],"curies":[{"name":"wp","href":"https:\/\/api.w.org\/{rel}","templated":true}]}}