{"id":103418,"date":"2024-06-24T05:15:26","date_gmt":"2024-06-24T02:15:26","guid":{"rendered":"https:\/\/redseafish.com\/red-sea-newsletter\/"},"modified":"2026-03-16T11:05:57","modified_gmt":"2026-03-16T09:05:57","slug":"red-sea-newsletter","status":"publish","type":"page","link":"https:\/\/redseafish.com\/pl\/red-sea-newsletter\/","title":{"rendered":"Newsletter"},"content":{"rendered":"\n<div class=\"wp-block-dfnstbm-story story\"><div class=\"story_loader\"><div class=\"lds-roller mx-auto\"><div><\/div><div><\/div><div><\/div><div><\/div><div><\/div><div><\/div><div><\/div><div><\/div><\/div><h2 class=\"center h3 color-white\">Loading<\/h2><\/div><div class=\"story_content\"><button class=\"storyboard-trigger-button\" style=\"position:fixed;top:1rem;right:1rem;z-index:9999999999;padding:.25rem\">Debug-Button<\/button>\n<div class=\"wp-block-dfnstbm-story-frame story_frame gridbox undefined bg-color-transparent\" style=\"height:50vh\" data-stb-active-viewport-size=\"desktop\" data-stb-track-scroll-progress-when-entering=\"false\">\n<div style=\"z-index:1;height:50vh\" class=\"wp-block-dfnstbm-story-element story_element gridbox-element story_atom bg-color-transparent flex flex-column justify-center\">\n<div class=\"wp-block-dfnstbm-content-wrapper \n  mx-auto mx-auto\n content-wrapper border-box col-12 transparent max-width-3 ml0 mr0 color-black\n items-start\n grid-1-col\" style=\"min-height:auto;max-height:none;border-radius:0px;grid-gap:\">\n<div class=\"wp-block-dfnstbm-story-atom \n  story_atom\n content-wrapper mx-auto border-box stb-animation--fade-in-up stb-animation--delay-04 col-12 transparent ml-auto mr-auto color-black\" data-stb-interaction-type=\"\" data-stb-animationtype=\"fade-in-up\" data-stb-animationthreshold=\"0\" data-stb-exit-animationtype=\"\" data-stb-exit-animationthreshold=\"0\" data-stb-animation-repeatable=\"true\" data-stb-animationendthreshold=\"0\" data-stb-exit-animationendthreshold=\"0\">\n<h2 class=\"wp-block-dfnstbm-heading \n  sans bold sans\n h00 color-white max-width-2 helvetica-bold left-align relative\">Do\u0142\u0105cz do naszego newslettera<\/h2>\n<\/div>\n<\/div>\n<\/div>\n\n\n\n<div style=\"z-index:;height:50vh\" class=\"wp-block-dfnstbm-story-element story_element gridbox-element story_atom bg-color-transparent flex flex-column justify-center\">\n<picture class=\"wp-block-dfnstbm-media block undefined gridbox-bg-media h100 col-12 dfn-stbm-lazy\" style=\"max-height:none;min-height:auto;z-index:0\" loading=\"lazy\" data-stb-real-src=\"https:\/\/static.redseafish.com\/wp-content\/uploads\/2024\/06\/06104428\/newsletter-banner2.jpg\"><img class=\"hi-res-img gridbox-element col-12 block cover gridbox-bg-media h100\" style=\"max-height:none;min-height:auto;z-index:1;opacity:0\" alt=\"\"\/><img decoding=\"async\" class=\"low-res-img gridbox-element col-12 block cover gridbox-bg-media h100\" style=\"max-height:none;min-height:auto;z-index:0;filter:blur(32px)\" alt=\"\" src=\"https:\/\/image-server.redseafish.com\/128x\/https:\/\/static.redseafish.com\/wp-content\/uploads\/2024\/06\/06104428\/newsletter-banner2.jpg\"\/><\/picture>\n<\/div>\n<\/div>\n\n\n\n<div class=\"wp-block-dfnstbm-story-frame story_frame gridbox  bg-color-transparent\" style=\"height:auto\" data-stb-active-viewport-size=\"mobile-tablet\" data-stb-track-scroll-progress-when-entering=\"false\">\n<div style=\"z-index:1;height:auto\" class=\"wp-block-dfnstbm-story-element story_element gridbox-element  bg-color-transparent flex flex-column justify-center\">\n<picture class=\"wp-block-dfnstbm-media block gridbox h100 col-12 dfn-stbm-lazy\" style=\"max-height:none;min-height:auto;z-index:0\" loading=\"lazy\" data-stb-real-src=\"https:\/\/static.redseafish.com\/wp-content\/uploads\/2024\/06\/24051654\/newsletter-banner-mob_eng-1.png\"><img class=\"hi-res-img gridbox-element col-12 block cover relative h100\" style=\"max-height:none;min-height:auto;z-index:1;opacity:0\" alt=\"\"\/><img decoding=\"async\" class=\"low-res-img gridbox-element col-12 block cover relative h100\" style=\"max-height:none;min-height:auto;z-index:0;filter:blur(32px)\" alt=\"\" src=\"https:\/\/image-server.redseafish.com\/128x\/https:\/\/static.redseafish.com\/wp-content\/uploads\/2024\/06\/24051654\/newsletter-banner-mob_eng-1.png\"\/><\/picture>\n<\/div>\n<\/div>\n\n\n\n<div class=\"wp-block-dfnstbm-story-frame story_frame gridbox  bg-color-transparent\" style=\"height:auto\" data-stb-active-viewport-size=\"all\" data-stb-track-scroll-progress-when-entering=\"false\">\n<div style=\"z-index:;height:auto\" class=\"wp-block-dfnstbm-story-element story_element gridbox-element  bg-color-11 flex flex-column justify-start\">\n<div class=\"wp-block-dfnstbm-content-wrapper \n  content-wrapper border-box col-12 bg-color-11 max-width-3 ml-auto mr-auto pt3 pb5 pl2 pr2 sm-pt3 sm-pl2 sm-pr2 md-pt5 md-pl0 md-pr0 lg-pt5 lg-pl0 lg-pr0 color-black\" style=\"min-height:auto;max-height:none;border-radius:0px;grid-gap:\">\n<h2 class=\"wp-block-dfnstbm-heading \n  h0 color-black max-width-3 helvetica-bold left-align mb1 ml-auto mr-auto relative\">Newsletter Red Sea<\/h2>\n\n\n\n<p class=\"wp-block-dfnstbm-paragraph \n  h4 color-black max-width-3 open-sans-bold left-align mb2 ml-auto mr-auto relative\">Do\u0142\u0105cz do naszego newslettera i jako pierwszy otrzymuj informacje, aktualno\u015bci, specjalne oferty oraz promocje!<\/p>\n\n\n\n<p class=\"wp-block-dfnstbm-paragraph \n  h4 color-14 max-width-3 open-sans-regular left-align mb4 ml-auto mr-auto relative\">Wystarczy wype\u0142ni\u0107 poni\u017cszy formularz i do\u0142\u0105czy\u0107 do naszej wyj\u0105tkowej spo\u0142eczno\u015bci akwaryst\u00f3w.<\/p>\n\n\n\n<div class=\"wp-block-contact-form-7-contact-form-selector\">\n<div class=\"wpcf7 no-js\" id=\"wpcf7-f35100-o1\" lang=\"en-US\" dir=\"ltr\" data-wpcf7-id=\"35100\">\n<div class=\"screen-reader-response\"><p role=\"status\" aria-live=\"polite\" aria-atomic=\"true\"><\/p> <ul><\/ul><\/div>\n<form action=\"\/pl\/wp-json\/wp\/v2\/pages\/103418#wpcf7-f35100-o1\" method=\"post\" class=\"wpcf7-form init\" aria-label=\"Contact form\" novalidate=\"novalidate\" data-status=\"init\">\n<fieldset class=\"hidden-fields-container\"><input type=\"hidden\" name=\"_wpcf7\" value=\"35100\" \/><input type=\"hidden\" name=\"_wpcf7_version\" value=\"6.1.1\" \/><input type=\"hidden\" name=\"_wpcf7_locale\" value=\"en_US\" \/><input type=\"hidden\" name=\"_wpcf7_unit_tag\" value=\"wpcf7-f35100-o1\" \/><input type=\"hidden\" name=\"_wpcf7_container_post\" value=\"0\" \/><input type=\"hidden\" name=\"_wpcf7_posted_data_hash\" value=\"\" \/><input type=\"hidden\" name=\"_wpcf7cf_hidden_group_fields\" value=\"[]\" \/><input type=\"hidden\" name=\"_wpcf7cf_hidden_groups\" value=\"[]\" \/><input type=\"hidden\" name=\"_wpcf7cf_visible_groups\" value=\"[]\" \/><input type=\"hidden\" name=\"_wpcf7cf_repeaters\" value=\"[]\" \/><input type=\"hidden\" name=\"_wpcf7cf_steps\" value=\"{}\" \/><input type=\"hidden\" name=\"_wpcf7cf_options\" value=\"{&quot;form_id&quot;:35100,&quot;conditions&quot;:[],&quot;settings&quot;:{&quot;animation&quot;:&quot;yes&quot;,&quot;animation_intime&quot;:200,&quot;animation_outtime&quot;:200,&quot;conditions_ui&quot;:&quot;normal&quot;,&quot;notice_dismissed&quot;:false}}\" \/>\n<\/fieldset>\n<div id=\"rsf-wpcf7-newsletter-registration-form\" class=\"form-wrap full-width-form register-form new rsf-register-form\">\n<input class=\"wpcf7-form-control wpcf7-hidden\" value=\"DE\" type=\"hidden\" name=\"CF7_Language\" \/>\n\t<div class=\"form_row\">\n\t\t<div class=\"form_input\">\n\t\t\t<p><label> First Name <span class=\"required\"><\/span><\/label><br \/>\n<span class=\"wpcf7-form-control-wrap\" data-name=\"your-firstname\"><input size=\"40\" maxlength=\"400\" class=\"wpcf7-form-control wpcf7-text wpcf7-validates-as-required rsf-input\" aria-required=\"true\" aria-invalid=\"false\" value=\"\" type=\"text\" name=\"your-firstname\" \/><\/span>\n\t\t\t<\/p>\n\t\t<\/div>\n\t<\/div>\n\t<div class=\"form_row\">\n\t\t<div class=\"form_input\">\n\t\t\t<p><label> Last Name <span class=\"required\"><\/span><\/label><br \/>\n<span class=\"wpcf7-form-control-wrap\" data-name=\"your-lastname\"><input size=\"40\" maxlength=\"400\" class=\"wpcf7-form-control wpcf7-text wpcf7-validates-as-required rsf-input\" aria-required=\"true\" aria-invalid=\"false\" value=\"\" type=\"text\" name=\"your-lastname\" \/><\/span>\n\t\t\t<\/p>\n\t\t<\/div>\n\t<\/div>\n\t<div class=\"clearfix form_row\">\n\t\t<div class=\"form_input\">\n\t\t\t<p><label> Country <span class=\"required\"><\/span><\/label>\n\t\t\t<\/p>\n\t\t\t<div class=\"select-white\">\n\t\t\t\t<p><span class=\"wpcf7-form-control-wrap\" data-name=\"country\"><select class=\"wpcf7-form-control wpcf7-select wpcf7-validates-as-required rsf-select\" aria-required=\"true\" aria-invalid=\"false\" name=\"country\"><option value=\"\">Choose country<\/option><\/select><\/span>\n\t\t\t\t<\/p>\n\t\t\t<\/div>\n\t\t<\/div>\n\t<\/div>\n\t<div class=\"form_row\">\n\t\t<div class=\"form_input\">\n\t\t\t<p><label>Email <span class=\"required\"><\/span><\/label><br \/>\n<span class=\"wpcf7-form-control-wrap\" data-name=\"your-email\"><input size=\"40\" maxlength=\"400\" class=\"wpcf7-form-control wpcf7-email wpcf7-validates-as-required wpcf7-text wpcf7-validates-as-email rsf-input\" aria-required=\"true\" aria-invalid=\"false\" placeholder=\"example@gmail.com\" value=\"\" type=\"email\" name=\"your-email\" \/><\/span>\n\t\t\t<\/p>\n\t\t<\/div>\n\t<\/div>\n\t<div class=\"form_check_wrap checkbox-input-wrapper\">\n\t\t<div class=\"mb2\">\n\t\t\t<p><span class=\"wpcf7-form-control-wrap\" data-name=\"newsletter-accept\"><span class=\"wpcf7-form-control wpcf7-acceptance\"><span class=\"wpcf7-list-item\"><label><input type=\"checkbox\" name=\"newsletter-accept\" value=\"1\" checked=\"checked\" class=\"rsf-input color-13\" aria-invalid=\"false\" \/><span class=\"wpcf7-list-item-label\">Join Newsletter<\/span><\/label><\/span><\/span><\/span>\n\t\t\t<\/p>\n\t\t<\/div>\n\t<\/div>\n\t<div class=\"form_submit-blue mt4 relative w-fit-content\">\n\t\t<p><input class=\"wpcf7-form-control wpcf7-submit has-spinner\" type=\"submit\" value=\"Send\" \/>\n\t\t<\/p>\n\t<\/div>\n<\/div><div class=\"wpcf7-response-output\" aria-hidden=\"true\"><\/div>\n<\/form>\n<\/div>\n<\/div>\n\n\n\n<p class=\"wp-block-dfnstbm-paragraph \n  h6 color-black max-width-3 open-sans-regular left-align mt4 mb2 ml-auto mr-auto relative\">Ta strona jest chroniona przez reCAPTCHA, a zastosowanie maj\u0105<br><a href=\"http:\/\/www.google.com\">Polityka prywatno\u015bci<\/a> oraz <a href=\"http:\/\/www.google.com\">Warunki korzystania<\/a> z us\u0142ug Google.<\/p>\n<\/div>\n<\/div>\n<\/div>\n<\/div><\/div>\n","protected":false},"excerpt":{"rendered":"","protected":false},"author":7,"featured_media":103420,"parent":0,"menu_order":0,"comment_status":"closed","ping_status":"closed","template":"","meta":{"inline_featured_image":false,"footnotes":""},"class_list":["post-103418","page","type-page","status-publish","has-post-thumbnail","hentry"],"yoast_head":"<!-- This site is optimized with the Yoast SEO Premium plugin v27.0 (Yoast SEO v27.0) - https:\/\/yoast.com\/product\/yoast-seo-premium-wordpress\/ -->\n<title>Zapisz si\u0119 i jako pierwszy otrzymuj wiadomo\u015bci od Red Sea!<\/title>\n<meta name=\"description\" content=\"Do\u0142\u0105cz do naszej wyj\u0105tkowej spo\u0142eczno\u015bci akwaryst\u00f3w rafowych i otrzymuj newsletter z najnowszymi informacjami, aktualno\u015bciami oraz specjalnymi ofertami.\" \/>\n<meta name=\"robots\" content=\"index, follow, max-snippet:-1, max-image-preview:large, max-video-preview:-1\" \/>\n<link rel=\"canonical\" href=\"https:\/\/redseafish.com\/pl\/red-sea-newsletter\/\" \/>\n<meta property=\"og:locale\" content=\"pl_PL\" \/>\n<meta property=\"og:type\" content=\"article\" \/>\n<meta property=\"og:title\" content=\"Zapisz si\u0119 i jako pierwszy otrzymuj wiadomo\u015bci od Red Sea!\" \/>\n<meta property=\"og:description\" content=\"Do\u0142\u0105cz do naszej wyj\u0105tkowej spo\u0142eczno\u015bci akwaryst\u00f3w rafowych i otrzymuj newsletter z najnowszymi informacjami, aktualno\u015bciami oraz specjalnymi ofertami.\" \/>\n<meta property=\"og:url\" content=\"https:\/\/redseafish.com\/pl\/red-sea-newsletter\/\" \/>\n<meta property=\"og:site_name\" content=\"Red Sea Fish\" \/>\n<meta property=\"article:modified_time\" content=\"2026-03-16T09:05:57+00:00\" \/>\n<meta property=\"og:image\" content=\"https:\/\/static.redseafish.com\/wp-content\/uploads\/2024\/06\/25021423\/Share-image.newsletter.png\" \/>\n\t<meta property=\"og:image:width\" content=\"1200\" \/>\n\t<meta property=\"og:image:height\" content=\"630\" \/>\n\t<meta property=\"og:image:type\" content=\"image\/png\" \/>\n<meta name=\"twitter:card\" content=\"summary_large_image\" \/>\n<meta name=\"twitter:label1\" content=\"Szacowany czas czytania\" \/>\n\t<meta name=\"twitter:data1\" content=\"2 minuty\" \/>\n<script type=\"application\/ld+json\" class=\"yoast-schema-graph\">{\"@context\":\"https:\/\/schema.org\",\"@graph\":[{\"@type\":\"WebPage\",\"@id\":\"https:\/\/redseafish.com\/pl\/red-sea-newsletter\/\",\"url\":\"https:\/\/redseafish.com\/pl\/red-sea-newsletter\/\",\"name\":\"Zapisz si\u0119 i jako pierwszy otrzymuj wiadomo\u015bci od Red Sea!\",\"isPartOf\":{\"@id\":\"https:\/\/redseafish.com\/#website\"},\"primaryImageOfPage\":{\"@id\":\"https:\/\/redseafish.com\/pl\/red-sea-newsletter\/#primaryimage\"},\"image\":{\"@id\":\"https:\/\/redseafish.com\/pl\/red-sea-newsletter\/#primaryimage\"},\"thumbnailUrl\":\"https:\/\/static.redseafish.com\/wp-content\/uploads\/2024\/06\/25021423\/Share-image.newsletter.png\",\"datePublished\":\"2024-06-24T02:15:26+00:00\",\"dateModified\":\"2026-03-16T09:05:57+00:00\",\"description\":\"Do\u0142\u0105cz do naszej wyj\u0105tkowej spo\u0142eczno\u015bci akwaryst\u00f3w rafowych i otrzymuj newsletter z najnowszymi informacjami, aktualno\u015bciami oraz specjalnymi ofertami.\",\"breadcrumb\":{\"@id\":\"https:\/\/redseafish.com\/pl\/red-sea-newsletter\/#breadcrumb\"},\"inLanguage\":\"pl-PL\",\"potentialAction\":[{\"@type\":\"ReadAction\",\"target\":[\"https:\/\/redseafish.com\/pl\/red-sea-newsletter\/\"]}]},{\"@type\":\"ImageObject\",\"inLanguage\":\"pl-PL\",\"@id\":\"https:\/\/redseafish.com\/pl\/red-sea-newsletter\/#primaryimage\",\"url\":\"https:\/\/static.redseafish.com\/wp-content\/uploads\/2024\/06\/25021423\/Share-image.newsletter.png\",\"contentUrl\":\"https:\/\/static.redseafish.com\/wp-content\/uploads\/2024\/06\/25021423\/Share-image.newsletter.png\",\"width\":1200,\"height\":630},{\"@type\":\"BreadcrumbList\",\"@id\":\"https:\/\/redseafish.com\/pl\/red-sea-newsletter\/#breadcrumb\",\"itemListElement\":[{\"@type\":\"ListItem\",\"position\":1,\"name\":\"Home\",\"item\":\"https:\/\/redseafish.com\/pl\/\"},{\"@type\":\"ListItem\",\"position\":2,\"name\":\"Newsletter\"}]},{\"@type\":\"WebSite\",\"@id\":\"https:\/\/redseafish.com\/#website\",\"url\":\"https:\/\/redseafish.com\/\",\"name\":\"Red Sea Fish\",\"description\":\"Home of the best salt water aquarium experience\",\"potentialAction\":[{\"@type\":\"SearchAction\",\"target\":{\"@type\":\"EntryPoint\",\"urlTemplate\":\"https:\/\/redseafish.com\/?s={search_term_string}\"},\"query-input\":{\"@type\":\"PropertyValueSpecification\",\"valueRequired\":true,\"valueName\":\"search_term_string\"}}],\"inLanguage\":\"pl-PL\"}]}<\/script>\n<!-- \/ Yoast SEO Premium plugin. -->","yoast_head_json":{"title":"Zapisz si\u0119 i jako pierwszy otrzymuj wiadomo\u015bci od Red Sea!","description":"Do\u0142\u0105cz do naszej wyj\u0105tkowej spo\u0142eczno\u015bci akwaryst\u00f3w rafowych i otrzymuj newsletter z najnowszymi informacjami, aktualno\u015bciami oraz specjalnymi ofertami.","robots":{"index":"index","follow":"follow","max-snippet":"max-snippet:-1","max-image-preview":"max-image-preview:large","max-video-preview":"max-video-preview:-1"},"canonical":"https:\/\/redseafish.com\/pl\/red-sea-newsletter\/","og_locale":"pl_PL","og_type":"article","og_title":"Zapisz si\u0119 i jako pierwszy otrzymuj wiadomo\u015bci od Red Sea!","og_description":"Do\u0142\u0105cz do naszej wyj\u0105tkowej spo\u0142eczno\u015bci akwaryst\u00f3w rafowych i otrzymuj newsletter z najnowszymi informacjami, aktualno\u015bciami oraz specjalnymi ofertami.","og_url":"https:\/\/redseafish.com\/pl\/red-sea-newsletter\/","og_site_name":"Red Sea Fish","article_modified_time":"2026-03-16T09:05:57+00:00","og_image":[{"width":1200,"height":630,"url":"https:\/\/static.redseafish.com\/wp-content\/uploads\/2024\/06\/25021423\/Share-image.newsletter.png","type":"image\/png"}],"twitter_card":"summary_large_image","twitter_misc":{"Szacowany czas czytania":"2 minuty"},"schema":{"@context":"https:\/\/schema.org","@graph":[{"@type":"WebPage","@id":"https:\/\/redseafish.com\/pl\/red-sea-newsletter\/","url":"https:\/\/redseafish.com\/pl\/red-sea-newsletter\/","name":"Zapisz si\u0119 i jako pierwszy otrzymuj wiadomo\u015bci od Red Sea!","isPartOf":{"@id":"https:\/\/redseafish.com\/#website"},"primaryImageOfPage":{"@id":"https:\/\/redseafish.com\/pl\/red-sea-newsletter\/#primaryimage"},"image":{"@id":"https:\/\/redseafish.com\/pl\/red-sea-newsletter\/#primaryimage"},"thumbnailUrl":"https:\/\/static.redseafish.com\/wp-content\/uploads\/2024\/06\/25021423\/Share-image.newsletter.png","datePublished":"2024-06-24T02:15:26+00:00","dateModified":"2026-03-16T09:05:57+00:00","description":"Do\u0142\u0105cz do naszej wyj\u0105tkowej spo\u0142eczno\u015bci akwaryst\u00f3w rafowych i otrzymuj newsletter z najnowszymi informacjami, aktualno\u015bciami oraz specjalnymi ofertami.","breadcrumb":{"@id":"https:\/\/redseafish.com\/pl\/red-sea-newsletter\/#breadcrumb"},"inLanguage":"pl-PL","potentialAction":[{"@type":"ReadAction","target":["https:\/\/redseafish.com\/pl\/red-sea-newsletter\/"]}]},{"@type":"ImageObject","inLanguage":"pl-PL","@id":"https:\/\/redseafish.com\/pl\/red-sea-newsletter\/#primaryimage","url":"https:\/\/static.redseafish.com\/wp-content\/uploads\/2024\/06\/25021423\/Share-image.newsletter.png","contentUrl":"https:\/\/static.redseafish.com\/wp-content\/uploads\/2024\/06\/25021423\/Share-image.newsletter.png","width":1200,"height":630},{"@type":"BreadcrumbList","@id":"https:\/\/redseafish.com\/pl\/red-sea-newsletter\/#breadcrumb","itemListElement":[{"@type":"ListItem","position":1,"name":"Home","item":"https:\/\/redseafish.com\/pl\/"},{"@type":"ListItem","position":2,"name":"Newsletter"}]},{"@type":"WebSite","@id":"https:\/\/redseafish.com\/#website","url":"https:\/\/redseafish.com\/","name":"Red Sea Fish","description":"Home of the best salt water aquarium experience","potentialAction":[{"@type":"SearchAction","target":{"@type":"EntryPoint","urlTemplate":"https:\/\/redseafish.com\/?s={search_term_string}"},"query-input":{"@type":"PropertyValueSpecification","valueRequired":true,"valueName":"search_term_string"}}],"inLanguage":"pl-PL"}]}},"_links":{"self":[{"href":"https:\/\/redseafish.com\/pl\/wp-json\/wp\/v2\/pages\/103418","targetHints":{"allow":["GET"]}}],"collection":[{"href":"https:\/\/redseafish.com\/pl\/wp-json\/wp\/v2\/pages"}],"about":[{"href":"https:\/\/redseafish.com\/pl\/wp-json\/wp\/v2\/types\/page"}],"author":[{"embeddable":true,"href":"https:\/\/redseafish.com\/pl\/wp-json\/wp\/v2\/users\/7"}],"replies":[{"embeddable":true,"href":"https:\/\/redseafish.com\/pl\/wp-json\/wp\/v2\/comments?post=103418"}],"version-history":[{"count":4,"href":"https:\/\/redseafish.com\/pl\/wp-json\/wp\/v2\/pages\/103418\/revisions"}],"predecessor-version":[{"id":103441,"href":"https:\/\/redseafish.com\/pl\/wp-json\/wp\/v2\/pages\/103418\/revisions\/103441"}],"wp:featuredmedia":[{"embeddable":true,"href":"https:\/\/redseafish.com\/pl\/wp-json\/wp\/v2\/media\/103420"}],"wp:attachment":[{"href":"https:\/\/redseafish.com\/pl\/wp-json\/wp\/v2\/media?parent=103418"}],"curies":[{"name":"wp","href":"https:\/\/api.w.org\/{rel}","templated":true}]}}