{"id":96058,"date":"2025-11-10T10:24:58","date_gmt":"2025-11-10T08:24:58","guid":{"rendered":"https:\/\/redseafish.com\/?page_id=96058"},"modified":"2025-11-10T13:54:42","modified_gmt":"2025-11-10T11:54:42","slug":"mycontroller-tc","status":"publish","type":"page","link":"https:\/\/redseafish.com\/fr\/mycontroller-tc\/","title":{"rendered":"MyController T&amp;C"},"content":{"rendered":"\n<div class=\"wp-block-dfnstbm-story story\"><div class=\"story_loader\"><div class=\"lds-roller mx-auto\"><div><\/div><div><\/div><div><\/div><div><\/div><div><\/div><div><\/div><div><\/div><div><\/div><\/div><h2 class=\"center h3 color-white\">Loading<\/h2><\/div><div class=\"story_content\"><button class=\"storyboard-trigger-button\" style=\"position:fixed;top:1rem;right:1rem;z-index:9999999999;padding:.25rem\">Debug-Button<\/button>\n<div class=\"wp-block-dfnstbm-story-frame story_frame gridbox  bg-color-transparent\" style=\"height:auto\" data-stb-active-viewport-size=\"all\" data-stb-track-scroll-progress-when-entering=\"false\">\n<div style=\"z-index:1;height:auto\" class=\"wp-block-dfnstbm-story-element story_element gridbox-element  bg-color-16 flex flex-column justify-start\">\n<div class=\"wp-block-dfnstbm-content-wrapper \n  content-wrapper border-box col-12 transparent max-width-3 mt5 mb5 ml-auto mr-auto color-black\" style=\"min-height:auto;max-height:none;border-radius:0px;grid-gap:\">\n<h2 class=\"wp-block-dfnstbm-heading \n  h1 color-black max-width-3 helvetica-bold left-align mb2 ml-auto mr-auto relative\">Promotion MyController Conditions generales de vente<\/h2>\n\n\n\n<h2 class=\"wp-block-dfnstbm-heading \n  h5 color-black max-width-3 helvetica-bold left-align mb2 ml-auto mr-auto relative\">Ce qui suit sont les conditions g\u00e9n\u00e9rales de vente de la promotion \u00ab\u00a0MyController \u00bb (appel\u00e9e\u00a0\u00ab\u00a0Promotion\u00a0\u00bb). Votre participation \u00e0 cette promotion entra\u00eene votre compl\u00e8te acceptation des conditions g\u00e9n\u00e9rales de vente telles que d\u00e9crites ci-dessous\u00a0:<\/h2>\n\n\n\n<p class=\"wp-block-dfnstbm-paragraph \n  h6 color-black max-width-3 open-sans-regular left-align ml-auto mr-auto relative\">O\u00f9 elle est applicable, tous les prix et co\u00fbts s\u2019entendent TVA comprise. Pour les USA, les prix et co\u00fbts indiqu\u00e9s n\u2019incluent pas les taxes applicables sur les ventes.<br>Au cas o\u00f9 un produit apparaisse \u00e0 un mauvais prix \u00e0 cause d\u2019une erreur typographique, photographique ou d\u2019une erreur technique, les Revendeurs Agr\u00e9\u00e9s Red Sea ont le droit de refuser ou d\u2019annuler leurs commandes pass\u00e9es au mauvais prix.<br>Red Sea se r\u00e9serve le droit de cl\u00f4turer, modifier ou suspendre la Promotion et ses conditions \u00e0 tout moment et sans pr\u00e9avis.<br>Cette Promotion peut \u00eatre suivie par les Revendeurs Agr\u00e9\u00e9s Red Sea participant \u00e0 leur seule discr\u00e9tion et n\u2018est pas une offre d\u2019achat direct aupr\u00e8s de Red Sea.<br>Red Sea d\u00e9cline toute responsabilit\u00e9 concernant l\u2019usage que pourrait faire une tierce personne du module web MyController ou de la Promotion .<br>Red Sea et ses agents d\u00e9clinent toute responsabilit\u00e9 concernant les d\u00e9faillances dues \u00e0 une tierce personne ne respectant pas les obligations contractuelles li\u00e9es \u00e0 cette \u00ab Promotion \u00bb.<br>Vous consentez express\u00e9ment et reconnaissez que tous les droits de copyright (droits d\u2019auteurs), trademark (marques d\u00e9pos\u00e9es) et autres propri\u00e9t\u00e9s intellectuelles du site web et de son contenu appartiennent pour toujours \u00e0 Red Sea.<br>Red Sea ne promet pas que le service MyController sera sans erreur, que les d\u00e9fauts seront corrig\u00e9s ou que les serveurs qui le rendent disponible sont sans virus ou sans bugs, ou garantissent toutes les fonctionnalit\u00e9s, la pr\u00e9cision, la fiabilit\u00e9 des donn\u00e9es ou des r\u00e9sultats, ou la pr\u00e9cision des informations obtenues de vous via le site web.<br>Quelle que soit votre lieu de r\u00e9sidence ou l\u2019endroit d\u2019acc\u00e8s ou d\u2019utilisation de ce Service, ces conditions et l\u2019usage que vous faites de ce Service seront r\u00e9gis et interpr\u00e9t\u00e9s en vertu des lois de New York, NY, \u00e0 l\u2019exclusion d\u2019autres r\u00e8gles sur le conflit des lois.<\/p>\n<\/div>\n<\/div>\n<\/div>\n<\/div><\/div>\n","protected":false},"excerpt":{"rendered":"","protected":false},"author":11,"featured_media":0,"parent":0,"menu_order":0,"comment_status":"closed","ping_status":"closed","template":"","meta":{"inline_featured_image":false,"footnotes":""},"class_list":["post-96058","page","type-page","status-publish","hentry"],"yoast_head":"<!-- This site is optimized with the Yoast SEO Premium plugin v27.0 (Yoast SEO v27.0) - https:\/\/yoast.com\/product\/yoast-seo-premium-wordpress\/ -->\n<title>MyController T&amp;C - Red Sea Fish<\/title>\n<meta name=\"robots\" content=\"noindex, nofollow\" \/>\n<meta property=\"og:locale\" content=\"fr_FR\" \/>\n<meta property=\"og:type\" content=\"article\" \/>\n<meta property=\"og:title\" content=\"MyController T&amp;C - Red Sea Fish\" \/>\n<meta property=\"og:url\" content=\"https:\/\/redseafish.com\/fr\/mycontroller-tc\/\" \/>\n<meta property=\"og:site_name\" content=\"Red Sea Fish\" \/>\n<meta property=\"article:modified_time\" content=\"2025-11-10T11:54:42+00:00\" \/>\n<meta name=\"twitter:card\" content=\"summary_large_image\" \/>\n<meta name=\"twitter:label1\" content=\"Dur\u00e9e de lecture estim\u00e9e\" \/>\n\t<meta name=\"twitter:data1\" content=\"2 minutes\" \/>\n<script type=\"application\/ld+json\" class=\"yoast-schema-graph\">{\"@context\":\"https:\/\/schema.org\",\"@graph\":[{\"@type\":\"WebPage\",\"@id\":\"https:\/\/redseafish.com\/fr\/mycontroller-tc\/\",\"url\":\"https:\/\/redseafish.com\/fr\/mycontroller-tc\/\",\"name\":\"MyController T&amp;C - Red Sea Fish\",\"isPartOf\":{\"@id\":\"https:\/\/redseafish.com\/#website\"},\"datePublished\":\"2025-11-10T08:24:58+00:00\",\"dateModified\":\"2025-11-10T11:54:42+00:00\",\"breadcrumb\":{\"@id\":\"https:\/\/redseafish.com\/fr\/mycontroller-tc\/#breadcrumb\"},\"inLanguage\":\"fr-FR\",\"potentialAction\":[{\"@type\":\"ReadAction\",\"target\":[\"https:\/\/redseafish.com\/fr\/mycontroller-tc\/\"]}]},{\"@type\":\"BreadcrumbList\",\"@id\":\"https:\/\/redseafish.com\/fr\/mycontroller-tc\/#breadcrumb\",\"itemListElement\":[{\"@type\":\"ListItem\",\"position\":1,\"name\":\"Home\",\"item\":\"https:\/\/redseafish.com\/fr\/\"},{\"@type\":\"ListItem\",\"position\":2,\"name\":\"MyController T&amp;C\"}]},{\"@type\":\"WebSite\",\"@id\":\"https:\/\/redseafish.com\/#website\",\"url\":\"https:\/\/redseafish.com\/\",\"name\":\"Red Sea Fish\",\"description\":\"Home of the best salt water aquarium experience\",\"potentialAction\":[{\"@type\":\"SearchAction\",\"target\":{\"@type\":\"EntryPoint\",\"urlTemplate\":\"https:\/\/redseafish.com\/?s={search_term_string}\"},\"query-input\":{\"@type\":\"PropertyValueSpecification\",\"valueRequired\":true,\"valueName\":\"search_term_string\"}}],\"inLanguage\":\"fr-FR\"}]}<\/script>\n<!-- \/ Yoast SEO Premium plugin. -->","yoast_head_json":{"title":"MyController T&amp;C - Red Sea Fish","robots":{"index":"noindex","follow":"nofollow"},"og_locale":"fr_FR","og_type":"article","og_title":"MyController T&amp;C - Red Sea Fish","og_url":"https:\/\/redseafish.com\/fr\/mycontroller-tc\/","og_site_name":"Red Sea Fish","article_modified_time":"2025-11-10T11:54:42+00:00","twitter_card":"summary_large_image","twitter_misc":{"Dur\u00e9e de lecture estim\u00e9e":"2 minutes"},"schema":{"@context":"https:\/\/schema.org","@graph":[{"@type":"WebPage","@id":"https:\/\/redseafish.com\/fr\/mycontroller-tc\/","url":"https:\/\/redseafish.com\/fr\/mycontroller-tc\/","name":"MyController T&amp;C - Red Sea Fish","isPartOf":{"@id":"https:\/\/redseafish.com\/#website"},"datePublished":"2025-11-10T08:24:58+00:00","dateModified":"2025-11-10T11:54:42+00:00","breadcrumb":{"@id":"https:\/\/redseafish.com\/fr\/mycontroller-tc\/#breadcrumb"},"inLanguage":"fr-FR","potentialAction":[{"@type":"ReadAction","target":["https:\/\/redseafish.com\/fr\/mycontroller-tc\/"]}]},{"@type":"BreadcrumbList","@id":"https:\/\/redseafish.com\/fr\/mycontroller-tc\/#breadcrumb","itemListElement":[{"@type":"ListItem","position":1,"name":"Home","item":"https:\/\/redseafish.com\/fr\/"},{"@type":"ListItem","position":2,"name":"MyController T&amp;C"}]},{"@type":"WebSite","@id":"https:\/\/redseafish.com\/#website","url":"https:\/\/redseafish.com\/","name":"Red Sea Fish","description":"Home of the best salt water aquarium experience","potentialAction":[{"@type":"SearchAction","target":{"@type":"EntryPoint","urlTemplate":"https:\/\/redseafish.com\/?s={search_term_string}"},"query-input":{"@type":"PropertyValueSpecification","valueRequired":true,"valueName":"search_term_string"}}],"inLanguage":"fr-FR"}]}},"_links":{"self":[{"href":"https:\/\/redseafish.com\/fr\/wp-json\/wp\/v2\/pages\/96058","targetHints":{"allow":["GET"]}}],"collection":[{"href":"https:\/\/redseafish.com\/fr\/wp-json\/wp\/v2\/pages"}],"about":[{"href":"https:\/\/redseafish.com\/fr\/wp-json\/wp\/v2\/types\/page"}],"author":[{"embeddable":true,"href":"https:\/\/redseafish.com\/fr\/wp-json\/wp\/v2\/users\/11"}],"replies":[{"embeddable":true,"href":"https:\/\/redseafish.com\/fr\/wp-json\/wp\/v2\/comments?post=96058"}],"version-history":[{"count":2,"href":"https:\/\/redseafish.com\/fr\/wp-json\/wp\/v2\/pages\/96058\/revisions"}],"predecessor-version":[{"id":96132,"href":"https:\/\/redseafish.com\/fr\/wp-json\/wp\/v2\/pages\/96058\/revisions\/96132"}],"wp:attachment":[{"href":"https:\/\/redseafish.com\/fr\/wp-json\/wp\/v2\/media?parent=96058"}],"curies":[{"name":"wp","href":"https:\/\/api.w.org\/{rel}","templated":true}]}}