{"id":90292,"date":"2025-10-20T13:15:20","date_gmt":"2025-10-20T10:15:20","guid":{"rendered":"https:\/\/redseafish.com\/mycontroller\/"},"modified":"2025-11-13T09:22:15","modified_gmt":"2025-11-13T07:22:15","slug":"mycontroller","status":"publish","type":"page","link":"https:\/\/redseafish.com\/fr\/mycontroller\/","title":{"rendered":"MyController Wizard"},"content":{"rendered":"<link href=\"https:\/\/mycontroller.apps.redseafish.com\/assets\/index-Cvflh0Y8.css\" rel=\"stylesheet\"><script src=\"https:\/\/mycontroller.apps.redseafish.com\/assets\/index-DGQ1Ogj7.js\" defer><\/script><div id=\"root\" data-siteLanguage=\"fr\" ><\/div>","protected":false},"excerpt":{"rendered":"","protected":false},"author":8,"featured_media":0,"parent":0,"menu_order":0,"comment_status":"closed","ping_status":"closed","template":"","meta":{"inline_featured_image":false,"footnotes":""},"class_list":["post-90292","page","type-page","status-publish","hentry"],"yoast_head":"<!-- This site is optimized with the Yoast SEO Premium plugin v27.0 (Yoast SEO v27.0) - https:\/\/yoast.com\/product\/yoast-seo-premium-wordpress\/ -->\n<title>Assistant MonContr\u00f4leur - Red Sea Fish<\/title>\n<meta name=\"description\" content=\"Cr\u00e9ez le syst\u00e8me de contr\u00f4le id\u00e9al pour votre r\u00e9cif\" \/>\n<meta name=\"robots\" content=\"index, follow, max-snippet:-1, max-image-preview:large, max-video-preview:-1\" \/>\n<link rel=\"canonical\" href=\"https:\/\/redseafish.com\/fr\/mycontroller\/\" \/>\n<meta property=\"og:locale\" content=\"fr_FR\" \/>\n<meta property=\"og:type\" content=\"article\" \/>\n<meta property=\"og:title\" content=\"Assistant MonContr\u00f4leur - Red Sea Fish\" \/>\n<meta property=\"og:description\" content=\"Cr\u00e9ez le syst\u00e8me de contr\u00f4le id\u00e9al pour votre r\u00e9cif\" \/>\n<meta property=\"og:url\" content=\"https:\/\/redseafish.com\/fr\/mycontroller\/\" \/>\n<meta property=\"og:site_name\" content=\"Red Sea Fish\" \/>\n<meta property=\"article:modified_time\" content=\"2025-11-13T07:22:15+00:00\" \/>\n<meta property=\"og:image\" content=\"https:\/\/static.redseafish.com\/wp-content\/uploads\/2025\/11\/13092119\/Share-image-USA2.jpg\" \/>\n\t<meta property=\"og:image:width\" content=\"2400\" \/>\n\t<meta property=\"og:image:height\" content=\"1260\" \/>\n\t<meta property=\"og:image:type\" content=\"image\/jpeg\" \/>\n<meta name=\"twitter:card\" content=\"summary_large_image\" \/>\n<script type=\"application\/ld+json\" class=\"yoast-schema-graph\">{\"@context\":\"https:\/\/schema.org\",\"@graph\":[{\"@type\":\"WebPage\",\"@id\":\"https:\/\/redseafish.com\/fr\/mycontroller\/\",\"url\":\"https:\/\/redseafish.com\/fr\/mycontroller\/\",\"name\":\"Assistant MonContr\u00f4leur - Red Sea Fish\",\"isPartOf\":{\"@id\":\"https:\/\/redseafish.com\/#website\"},\"datePublished\":\"2025-10-20T10:15:20+00:00\",\"dateModified\":\"2025-11-13T07:22:15+00:00\",\"description\":\"Cr\u00e9ez le syst\u00e8me de contr\u00f4le id\u00e9al pour votre r\u00e9cif\",\"breadcrumb\":{\"@id\":\"https:\/\/redseafish.com\/fr\/mycontroller\/#breadcrumb\"},\"inLanguage\":\"fr-FR\",\"potentialAction\":[{\"@type\":\"ReadAction\",\"target\":[\"https:\/\/redseafish.com\/fr\/mycontroller\/\"]}]},{\"@type\":\"BreadcrumbList\",\"@id\":\"https:\/\/redseafish.com\/fr\/mycontroller\/#breadcrumb\",\"itemListElement\":[{\"@type\":\"ListItem\",\"position\":1,\"name\":\"Home\",\"item\":\"https:\/\/redseafish.com\/fr\/\"},{\"@type\":\"ListItem\",\"position\":2,\"name\":\"MyController Wizard\"}]},{\"@type\":\"WebSite\",\"@id\":\"https:\/\/redseafish.com\/#website\",\"url\":\"https:\/\/redseafish.com\/\",\"name\":\"Red Sea Fish\",\"description\":\"Home of the best salt water aquarium experience\",\"potentialAction\":[{\"@type\":\"SearchAction\",\"target\":{\"@type\":\"EntryPoint\",\"urlTemplate\":\"https:\/\/redseafish.com\/?s={search_term_string}\"},\"query-input\":{\"@type\":\"PropertyValueSpecification\",\"valueRequired\":true,\"valueName\":\"search_term_string\"}}],\"inLanguage\":\"fr-FR\"}]}<\/script>\n<!-- \/ Yoast SEO Premium plugin. -->","yoast_head_json":{"title":"Assistant MonContr\u00f4leur - Red Sea Fish","description":"Cr\u00e9ez le syst\u00e8me de contr\u00f4le id\u00e9al pour votre r\u00e9cif","robots":{"index":"index","follow":"follow","max-snippet":"max-snippet:-1","max-image-preview":"max-image-preview:large","max-video-preview":"max-video-preview:-1"},"canonical":"https:\/\/redseafish.com\/fr\/mycontroller\/","og_locale":"fr_FR","og_type":"article","og_title":"Assistant MonContr\u00f4leur - Red Sea Fish","og_description":"Cr\u00e9ez le syst\u00e8me de contr\u00f4le id\u00e9al pour votre r\u00e9cif","og_url":"https:\/\/redseafish.com\/fr\/mycontroller\/","og_site_name":"Red Sea Fish","article_modified_time":"2025-11-13T07:22:15+00:00","og_image":[{"width":2400,"height":1260,"url":"https:\/\/static.redseafish.com\/wp-content\/uploads\/2025\/11\/13092119\/Share-image-USA2.jpg","type":"image\/jpeg"}],"twitter_card":"summary_large_image","schema":{"@context":"https:\/\/schema.org","@graph":[{"@type":"WebPage","@id":"https:\/\/redseafish.com\/fr\/mycontroller\/","url":"https:\/\/redseafish.com\/fr\/mycontroller\/","name":"Assistant MonContr\u00f4leur - Red Sea Fish","isPartOf":{"@id":"https:\/\/redseafish.com\/#website"},"datePublished":"2025-10-20T10:15:20+00:00","dateModified":"2025-11-13T07:22:15+00:00","description":"Cr\u00e9ez le syst\u00e8me de contr\u00f4le id\u00e9al pour votre r\u00e9cif","breadcrumb":{"@id":"https:\/\/redseafish.com\/fr\/mycontroller\/#breadcrumb"},"inLanguage":"fr-FR","potentialAction":[{"@type":"ReadAction","target":["https:\/\/redseafish.com\/fr\/mycontroller\/"]}]},{"@type":"BreadcrumbList","@id":"https:\/\/redseafish.com\/fr\/mycontroller\/#breadcrumb","itemListElement":[{"@type":"ListItem","position":1,"name":"Home","item":"https:\/\/redseafish.com\/fr\/"},{"@type":"ListItem","position":2,"name":"MyController Wizard"}]},{"@type":"WebSite","@id":"https:\/\/redseafish.com\/#website","url":"https:\/\/redseafish.com\/","name":"Red Sea Fish","description":"Home of the best salt water aquarium experience","potentialAction":[{"@type":"SearchAction","target":{"@type":"EntryPoint","urlTemplate":"https:\/\/redseafish.com\/?s={search_term_string}"},"query-input":{"@type":"PropertyValueSpecification","valueRequired":true,"valueName":"search_term_string"}}],"inLanguage":"fr-FR"}]}},"_links":{"self":[{"href":"https:\/\/redseafish.com\/fr\/wp-json\/wp\/v2\/pages\/90292","targetHints":{"allow":["GET"]}}],"collection":[{"href":"https:\/\/redseafish.com\/fr\/wp-json\/wp\/v2\/pages"}],"about":[{"href":"https:\/\/redseafish.com\/fr\/wp-json\/wp\/v2\/types\/page"}],"author":[{"embeddable":true,"href":"https:\/\/redseafish.com\/fr\/wp-json\/wp\/v2\/users\/8"}],"replies":[{"embeddable":true,"href":"https:\/\/redseafish.com\/fr\/wp-json\/wp\/v2\/comments?post=90292"}],"version-history":[{"count":3,"href":"https:\/\/redseafish.com\/fr\/wp-json\/wp\/v2\/pages\/90292\/revisions"}],"predecessor-version":[{"id":94620,"href":"https:\/\/redseafish.com\/fr\/wp-json\/wp\/v2\/pages\/90292\/revisions\/94620"}],"wp:attachment":[{"href":"https:\/\/redseafish.com\/fr\/wp-json\/wp\/v2\/media?parent=90292"}],"curies":[{"name":"wp","href":"https:\/\/api.w.org\/{rel}","templated":true}]}}