{"id":56153,"date":"2024-11-10T13:52:23","date_gmt":"2024-11-10T11:52:23","guid":{"rendered":"https:\/\/redseafish.com\/?page_id=56153"},"modified":"2025-06-10T14:29:04","modified_gmt":"2025-06-10T11:29:04","slug":"prize-draw-xmas-2024","status":"publish","type":"page","link":"https:\/\/redseafish.com\/fr\/prize-draw-xmas-2024\/","title":{"rendered":"Prize draw"},"content":{"rendered":"\n<div class=\"wp-block-dfnstbm-story story\"><div class=\"story_loader\"><div class=\"lds-roller mx-auto\"><div><\/div><div><\/div><div><\/div><div><\/div><div><\/div><div><\/div><div><\/div><div><\/div><\/div><h2 class=\"center h3 color-white\">Loading<\/h2><\/div><div class=\"story_content\"><button class=\"storyboard-trigger-button\" style=\"position:fixed;top:1rem;right:1rem;z-index:9999999999;padding:.25rem\">Debug-Button<\/button>\n<div class=\"wp-block-dfnstbm-story-frame story_frame gridbox undefined bg-color-transparent\" style=\"height:auto\" data-stb-active-viewport-size=\"desktop\" data-stb-track-scroll-progress-when-entering=\"false\">\n<div style=\"z-index:2;height:70vh\" class=\"wp-block-dfnstbm-story-element story_element gridbox-element story_atom bg-color-transparent flex flex-column justify-center\">\n<div class=\"wp-block-dfnstbm-content-wrapper \n  content-wrapper border-box col-12 transparent max-width-5 ml-auto mr-auto color-black\n grid-2-col\" style=\"min-height:auto;max-height:none;border-radius:0px;grid-gap:\">\n<div class=\"wp-block-dfnstbm-content-wrapper \n  mx-auto mx-auto\n content-wrapper border-box bg-color-transparent ml-auto mr-auto pt3 pb3 pl3 pr3 color-black\" style=\"min-height:auto;max-height:none;border-radius:8px;grid-gap:\">\n<div class=\"wp-block-dfnstbm-content-wrapper \n  mx-auto mx-auto\n content-wrapper border-box bg-color-1 mb3 ml-auto mr-auto pt3 pb3 pl3 pr3 color-black\" style=\"min-height:auto;max-height:none;border-radius:8px;grid-gap:\">\n<h2 class=\"wp-block-dfnstbm-heading \n  sans bold sans\n h1 color-white max-width-2 helvetica-bold left-align relative\">Gagnez un REEFER MAX 250 G2+ tout \u00e9quip\u00e9 d&rsquo;une valeur de plus de 4500 \u20ac !<\/h2>\n<\/div>\n\n\n\n<ul class=\"wp-block-dfnstbm-list \n  stb_list\n h5 color-11 open-sans-regular left-align stb_bullet_point_check\"><li>REEFER MAX 250 G2+<\/li><li>2x ReefLED 90<\/li><li>2x Potence ajustable RL90<\/li><li>1x DC REEFER Skimmer 300<\/li><li>2x ReefWave 25<\/li><li>1x ReefRun 5500<\/li><li>1x ReefRun Dual Controller<\/li><li>1x ReefMat 250<\/li><li>1x ReefATO+<\/li><li>1x Panneau lat\u00e9ral coulissant 25<\/li><\/ul>\n<\/div>\n<\/div>\n<\/div>\n\n\n\n<div style=\"z-index:1;height:70vh\" class=\"wp-block-dfnstbm-story-element story_element gridbox-element story_atom bg-color-transparent flex flex-column justify-end\">\n<div class=\"wp-block-dfnstbm-content-wrapper \n  content-wrapper border-box col-12 transparent ml-auto mr-auto color-black\" style=\"min-height:auto;max-height:80vh;border-radius:0px;grid-gap:\"><picture class=\"wp-block-dfnstbm-media block obj-pos-bottom parallax-image undefined gridbox h100 col-12 dfn-stbm-lazy\" style=\"max-height:90vh;min-height:90vh;z-index:0\" loading=\"lazy\" data-stb-real-src=\"https:\/\/static.redseafish.com\/wp-content\/uploads\/2024\/11\/17135243\/HP_Top-Banner_desktop_2024-5.png\">\n  <img class=\"hi-res-img gridbox-element col-12 block cover obj-pos-bottom relative h100 parallax-image\" style=\"max-height:90vh;min-height:90vh;z-index:1;opacity:0\" alt=\"\" \/><img decoding=\"async\" class=\"low-res-img gridbox-element col-12 block cover obj-pos-bottom relative h100 parallax-image\" style=\"max-height:90vh;min-height:90vh;z-index:0;filter:blur(32px)\" src=\"https:\/\/image-server.redseafish.com\/128x\/https:\/\/static.redseafish.com\/wp-content\/uploads\/2024\/11\/17135243\/HP_Top-Banner_desktop_2024-5.png\" alt=\"\" \/>\n<\/picture><\/div>\n<\/div>\n<\/div>\n\n\n\n<div class=\"wp-block-dfnstbm-story-frame story_frame gridbox foundation banner bg-color-black\" style=\"height:auto\" data-stb-active-viewport-size=\"mobile\" data-stb-track-scroll-progress-when-entering=\"false\">\n<div style=\"z-index:4;height:auto\" class=\"wp-block-dfnstbm-story-element story_element gridbox-element undefined bg-color-transparent flex flex-column justify-end\">\n<div class=\"wp-block-dfnstbm-content-wrapper \n  content-wrapper border-box col-12 transparent mb3 ml-auto mr-auto pl2 pr2 color-black\n justify-end\" style=\"min-height:auto;max-height:none;border-radius:0px;grid-gap:\">\n<div class=\"wp-block-dfnstbm-story-atom \n  story_atom\n content-wrapper mx-auto border-box stb-animation--static col-12 transparent ml-auto mr-auto color-black\" data-stb-interaction-type=\"\" data-stb-animationtype=\"static\" data-stb-animationthreshold=\"0\" data-stb-exit-animationtype=\"\" data-stb-exit-animationthreshold=\"0\" data-stb-animation-repeatable=\"true\" data-stb-animationendthreshold=\"0\" data-stb-exit-animationendthreshold=\"0\">\n<h2 class=\"wp-block-dfnstbm-heading \n  undefined bold bold\n h1 color-white max-width-3 helvetica-bold left-align mb0 ml-auto mr-auto relative\"><span id=\"Foundation_Elements\" class=\"anchor\"><\/span>Gagnez un REEFER MAX 250 G2+ tout \u00e9quip\u00e9 d&rsquo;une valeur de plus de 4500 \u20ac !<\/h2>\n<\/div>\n\n\n\n<div class=\"wp-block-dfnstbm-story-atom \n  story_atom\n content-wrapper mx-auto border-box stb-animation--static col-12 transparent mb2 ml-auto mr-auto color-black\" data-stb-interaction-type=\"\" data-stb-animationtype=\"static\" data-stb-animationthreshold=\"0\" data-stb-exit-animationtype=\"\" data-stb-exit-animationthreshold=\"0\" data-stb-animation-repeatable=\"true\" data-stb-animationendthreshold=\"0\" data-stb-exit-animationendthreshold=\"0\"><\/div>\n\n\n\n<ul class=\"wp-block-dfnstbm-list \n  stb_list\n h6 color-11 open-sans-regular left-align stb_bullet_point_check\"><li>REEFER MAX 250 G2+<\/li><li>2x ReefLED 90<\/li><li>2x Potence ajustable RL90<\/li><li>1x DC REEFER Skimmer 300<\/li><li>2x ReefWave 25<\/li><li>1x ReefRun 5500<\/li><li>1x ReefRun Dual Controller<\/li><li>1x ReefMat 250<\/li><li>1x ReefATO+<\/li><li>1x Panneau lat\u00e9ral coulissant 25<\/li><\/ul>\n<\/div>\n<\/div>\n\n\n\n<div style=\"z-index:2;height:auto\" class=\"wp-block-dfnstbm-story-element story_element gridbox-element  bg-color-transparent flex flex-column justify-end\">\n<div class=\"wp-block-dfnstbm-story-atom \n  story_atom\n content-wrapper mx-auto border-box stb-animation--static col-12 bg-gradient ml-auto mr-auto color-black\" data-stb-interaction-type=\"\" data-stb-animationtype=\"static\" data-stb-animationthreshold=\"0\" data-stb-exit-animationtype=\"\" data-stb-exit-animationthreshold=\"0\" data-stb-animation-repeatable=\"true\" data-stb-animationendthreshold=\"0\" data-stb-exit-animationendthreshold=\"0\">\n<div class=\"wp-block-dfnstbm-content-wrapper \n  content-wrapper border-box col-12 bg-color-transparent ml-auto mr-auto color-black\n justify-end\" style=\"min-height:50vh;max-height:50vh;border-radius:0px;grid-gap:\"><\/div>\n<\/div>\n<\/div>\n\n\n\n<div style=\"z-index:1;height:auto\" class=\"wp-block-dfnstbm-story-element story_element gridbox-element story_atom bg-color-transparent flex flex-column justify-center\"><picture class=\"wp-block-dfnstbm-media block undefined gridbox h100 mb3 col-12 dfn-stbm-lazy\" style=\"max-height:none;min-height:auto;z-index:0\" loading=\"lazy\" data-stb-real-src=\"https:\/\/static.redseafish.com\/wp-content\/uploads\/2024\/11\/17135620\/HP_Top-Banner_mob-3.jpg\">\n  <img class=\"hi-res-img gridbox-element col-12 block cover relative h100\" style=\"max-height:none;min-height:auto;z-index:1;opacity:0\" alt=\"\" \/><img decoding=\"async\" class=\"low-res-img gridbox-element col-12 block cover relative h100\" style=\"max-height:none;min-height:auto;z-index:0;filter:blur(32px)\" src=\"https:\/\/image-server.redseafish.com\/128x\/https:\/\/static.redseafish.com\/wp-content\/uploads\/2024\/11\/17135620\/HP_Top-Banner_mob-3.jpg\" alt=\"\" \/>\n<\/picture><\/div>\n<\/div>\n\n\n\n<div class=\"wp-block-dfnstbm-story-frame story_frame gridbox  bg-color-11\" style=\"height:auto\" data-stb-active-viewport-size=\"all\" data-stb-track-scroll-progress-when-entering=\"false\">\n<div style=\"z-index:1;height:auto\" class=\"wp-block-dfnstbm-story-element story_element gridbox-element  bg-color-transparent flex flex-column justify-center\">\n<div class=\"wp-block-dfnstbm-content-wrapper \n  content-wrapper border-box col-12 transparent mt4 ml-auto mr-auto color-black\" style=\"min-height:auto;max-height:none;border-radius:0px;grid-gap:\">\n<div class=\"wp-block-dfnstbm-content-wrapper \n  content-wrapper border-box col-12 transparent ml-auto mr-auto color-black\" style=\"min-height:auto;max-height:none;border-radius:0px;grid-gap:\">\n<div dfnstbm-countdown-datetime=\"2024-12-26T20:00:00\" class=\"wp-block-dfnstbm-countdown-frame dfnstbm-countdown-frame\">\n<div class=\"wp-block-dfnstbm-countdown-display-container-countdown-active dfnstbm-countdown-display-container-countdown-active\">\n<h2 class=\"wp-block-dfnstbm-heading \n  h0 color-black max-width-3 helvetica-bold center mb1 ml-auto mr-auto relative\">Inscrivez-vous d\u00e8s maintenant !<\/h2>\n\n\n\n<h2 class=\"wp-block-dfnstbm-heading \n  h3 color-black max-width-3 open-sans-regular center mb3 ml-auto mr-auto relative\">Le tirage au sort aura lieu<br>le 26 d\u00e9cembre, \u00e0 19h00<\/h2>\n\n\n\n<div class=\"wp-block-dfnstbm-countdown-timer dfnstbm-countdown-timer countdown-light\"><\/div>\n\n\n\n<div class=\"wp-block-dfnstbm-content-wrapper \n  content-wrapper border-box col-12 bg-color-11 mt4 ml-auto mr-auto color-black\" style=\"min-height:auto;max-height:none;border-radius:0px;grid-gap:\">\n\t    <script defer=\"defer\" src=\"https:\/\/prizeform.apps.redseafish.com\/js\/chunk-vendors.dd522ace.js\"><\/script>\n\t    <script defer=\"defer\" src=\"https:\/\/prizeform.apps.redseafish.com\/js\/app.e378495d.js\"><\/script>\n      <link href=\"https:\/\/prizeform.apps.redseafish.com\/css\/app.15c9fd9e.css\" rel=\"stylesheet\">\n\t  \n\t    <noscript><strong>We are sorry but this app does not work properly without JavaScript enabled. Please enable it to continue.<\/strong><\/noscript>\n      <div \n        id=\"app\" \n        siteLanguage=\"fr\"\n        audienceId=\"123456\" \n        line1=\"&lt;span&gt;1.&lt;\/span&gt; Saisissez vos coordonn\u00e9es ci-dessous pour vous inscrire \u00e0 notre lettre d&#039;information et au tirage au sort. \"\n        line2=\"&lt;span&gt;2.&lt;\/span&gt; Rejoignez notre groupe Facebook.\"\n        line3=\"&lt;span&gt;3.&lt;\/span&gt;  Laissez votre commentaire dans le post \u00e9pingl\u00e9 en haut de la page du groupe.\"\n        line4=\"&lt;span&gt;4.&lt;\/span&gt; Croisons les doigts !\"\n        newsletterTag=\"PrizeDrawXmas2024FR\"\n        bgColor=\"\"\n        headingColor=\"\"\n        sublineColor=\"\"\n        bulletPointColor=\"\"\n        checkBoxTextColor=\"\"\n        tNCLink=\"https:\/\/redseafish.com\/fr\/red-sea-prize-draw-official-rules\/\"\n        btnVariant=\"rsf-btn-primary\"\n        btnBgColor=\"bg-color-1\"\n        btnTextColor=\"color-white\"\n      >\n      <\/div>\n\t  <\/div>\n<\/div>\n\n\n\n<div class=\"wp-block-dfnstbm-countdown-display-container-countdown-over dfnstbm-countdown-display-container-countdown-over\">\n<h2 class=\"wp-block-dfnstbm-heading \n  h0 color-black max-width-3 helvetica-bold center mb1 ml-auto mr-auto pl2 pr2 sm-pl2 sm-pr2 md-pl0 md-pr0 lg-pl0 lg-pr0\n relative\">Le tirage au sort est termin\u00e9<\/h2>\n\n\n\n<h2 class=\"wp-block-dfnstbm-heading \n  h2 color-black max-width-3 helvetica-bold center mb3 ml-auto mr-auto pl2 pr2 sm-pl2 sm-pr2 md-pl0 md-pr0 lg-pl0 lg-pr0\n relative\">Inscrivez-vous \u00e0 notre newsletter et ne manquez aucun \u00e9v\u00e9nement \u00e0 venir !<\/h2>\n\n\n\n<div class=\"wp-block-dfnstbm-content-wrapper \n  content-wrapper border-box col-12 bg-color-11 max-width-2 mt4 ml-auto mr-auto pl2 pr2 sm-pl2 sm-pr2 md-pl0 md-pr0 lg-pl0 lg-pr0 color-black\" style=\"min-height:auto;max-height:none;border-radius:0px;grid-gap:\">\n<div class=\"wp-block-contact-form-7-contact-form-selector\">\n<div class=\"wpcf7 no-js\" id=\"wpcf7-f35100-o1\" lang=\"en-US\" dir=\"ltr\" data-wpcf7-id=\"35100\">\n<div class=\"screen-reader-response\"><p role=\"status\" aria-live=\"polite\" aria-atomic=\"true\"><\/p> <ul><\/ul><\/div>\n<form action=\"\/fr\/wp-json\/wp\/v2\/pages\/56153#wpcf7-f35100-o1\" method=\"post\" class=\"wpcf7-form init\" aria-label=\"Contact form\" novalidate=\"novalidate\" data-status=\"init\">\n<fieldset class=\"hidden-fields-container\"><input type=\"hidden\" name=\"_wpcf7\" value=\"35100\" \/><input type=\"hidden\" name=\"_wpcf7_version\" value=\"6.1.1\" \/><input type=\"hidden\" name=\"_wpcf7_locale\" value=\"en_US\" \/><input type=\"hidden\" name=\"_wpcf7_unit_tag\" value=\"wpcf7-f35100-o1\" \/><input type=\"hidden\" name=\"_wpcf7_container_post\" value=\"0\" \/><input type=\"hidden\" name=\"_wpcf7_posted_data_hash\" value=\"\" \/><input type=\"hidden\" name=\"_wpcf7cf_hidden_group_fields\" value=\"[]\" \/><input type=\"hidden\" name=\"_wpcf7cf_hidden_groups\" value=\"[]\" \/><input type=\"hidden\" name=\"_wpcf7cf_visible_groups\" value=\"[]\" \/><input type=\"hidden\" name=\"_wpcf7cf_repeaters\" value=\"[]\" \/><input type=\"hidden\" name=\"_wpcf7cf_steps\" value=\"{}\" \/><input type=\"hidden\" name=\"_wpcf7cf_options\" value=\"{&quot;form_id&quot;:35100,&quot;conditions&quot;:[],&quot;settings&quot;:{&quot;animation&quot;:&quot;yes&quot;,&quot;animation_intime&quot;:200,&quot;animation_outtime&quot;:200,&quot;conditions_ui&quot;:&quot;normal&quot;,&quot;notice_dismissed&quot;:false,&quot;notice_dismissed_update-cf7-6.1.5&quot;:true}}\" \/>\n<\/fieldset>\n<div id=\"rsf-wpcf7-newsletter-registration-form\" class=\"form-wrap full-width-form register-form new rsf-register-form\">\n<input class=\"wpcf7-form-control wpcf7-hidden\" value=\"DE\" type=\"hidden\" name=\"CF7_Language\" \/>\n\t<div class=\"form_row\">\n\t\t<div class=\"form_input\">\n\t\t\t<p><label> First Name <span class=\"required\"><\/span><\/label><br \/>\n<span class=\"wpcf7-form-control-wrap\" data-name=\"your-firstname\"><input size=\"40\" maxlength=\"400\" class=\"wpcf7-form-control wpcf7-text wpcf7-validates-as-required rsf-input\" aria-required=\"true\" aria-invalid=\"false\" value=\"\" type=\"text\" name=\"your-firstname\" \/><\/span>\n\t\t\t<\/p>\n\t\t<\/div>\n\t<\/div>\n\t<div class=\"form_row\">\n\t\t<div class=\"form_input\">\n\t\t\t<p><label> Last Name <span class=\"required\"><\/span><\/label><br \/>\n<span class=\"wpcf7-form-control-wrap\" data-name=\"your-lastname\"><input size=\"40\" maxlength=\"400\" class=\"wpcf7-form-control wpcf7-text wpcf7-validates-as-required rsf-input\" aria-required=\"true\" aria-invalid=\"false\" value=\"\" type=\"text\" name=\"your-lastname\" \/><\/span>\n\t\t\t<\/p>\n\t\t<\/div>\n\t<\/div>\n\t<div class=\"clearfix form_row\">\n\t\t<div class=\"form_input\">\n\t\t\t<p><label> Country <span class=\"required\"><\/span><\/label>\n\t\t\t<\/p>\n\t\t\t<div class=\"select-white\">\n\t\t\t\t<p><span class=\"wpcf7-form-control-wrap\" data-name=\"country\"><select class=\"wpcf7-form-control wpcf7-select wpcf7-validates-as-required rsf-select\" aria-required=\"true\" aria-invalid=\"false\" name=\"country\"><option value=\"\">Choose country<\/option><\/select><\/span>\n\t\t\t\t<\/p>\n\t\t\t<\/div>\n\t\t<\/div>\n\t<\/div>\n\t<div class=\"form_row\">\n\t\t<div class=\"form_input\">\n\t\t\t<p><label>Email <span class=\"required\"><\/span><\/label><br \/>\n<span class=\"wpcf7-form-control-wrap\" data-name=\"your-email\"><input size=\"40\" maxlength=\"400\" class=\"wpcf7-form-control wpcf7-email wpcf7-validates-as-required wpcf7-text wpcf7-validates-as-email rsf-input\" aria-required=\"true\" aria-invalid=\"false\" placeholder=\"example@gmail.com\" value=\"\" type=\"email\" name=\"your-email\" \/><\/span>\n\t\t\t<\/p>\n\t\t<\/div>\n\t<\/div>\n\t<div class=\"form_check_wrap checkbox-input-wrapper\">\n\t\t<div class=\"mb2\">\n\t\t\t<p><span class=\"wpcf7-form-control-wrap\" data-name=\"newsletter-accept\"><span class=\"wpcf7-form-control wpcf7-acceptance\"><span class=\"wpcf7-list-item\"><label><input type=\"checkbox\" name=\"newsletter-accept\" value=\"1\" checked=\"checked\" class=\"rsf-input color-13\" aria-invalid=\"false\" \/><span class=\"wpcf7-list-item-label\">Join Newsletter<\/span><\/label><\/span><\/span><\/span>\n\t\t\t<\/p>\n\t\t<\/div>\n\t<\/div>\n\t<div class=\"form_submit-blue mt4 relative w-fit-content\">\n\t\t<p><input class=\"wpcf7-form-control wpcf7-submit has-spinner\" type=\"submit\" value=\"Send\" \/>\n\t\t<\/p>\n\t<\/div>\n<\/div><div class=\"wpcf7-response-output\" aria-hidden=\"true\"><\/div>\n<\/form>\n<\/div>\n<\/div>\n<\/div>\n<\/div>\n<\/div>\n<\/div>\n<\/div>\n<\/div>\n<\/div>\n<\/div><\/div>\n","protected":false},"excerpt":{"rendered":"","protected":false},"author":11,"featured_media":57261,"parent":0,"menu_order":0,"comment_status":"closed","ping_status":"closed","template":"","meta":{"inline_featured_image":false,"footnotes":""},"class_list":["post-56153","page","type-page","status-publish","has-post-thumbnail","hentry"],"yoast_head":"<!-- This site is optimized with the Yoast SEO Premium plugin v27.0 (Yoast SEO v27.0) - https:\/\/yoast.com\/product\/yoast-seo-premium-wordpress\/ -->\n<title>Gagnez un REEFER MAX 250 G2+ tout \u00e9quip\u00e9 d&#039;une valeur de plus de 4500 \u20ac !<\/title>\n<meta name=\"robots\" content=\"index, follow, max-snippet:-1, max-image-preview:large, max-video-preview:-1\" \/>\n<link rel=\"canonical\" href=\"https:\/\/redseafish.com\/prize-draw-xmas-2024\/\" \/>\n<meta property=\"og:locale\" content=\"fr_FR\" \/>\n<meta property=\"og:type\" content=\"article\" \/>\n<meta property=\"og:title\" content=\"Gagnez un REEFER MAX 250 G2+ tout \u00e9quip\u00e9 d&#039;une valeur de plus de 4500 \u20ac !\" \/>\n<meta property=\"og:url\" content=\"https:\/\/redseafish.com\/prize-draw-xmas-2024\/\" \/>\n<meta property=\"og:site_name\" content=\"Red Sea Fish\" \/>\n<meta property=\"article:modified_time\" content=\"2025-06-10T11:29:04+00:00\" \/>\n<meta property=\"og:image\" content=\"https:\/\/static.redseafish.com\/wp-content\/uploads\/2024\/12\/15105901\/Share-image.product-name-1-1024x538.jpg\" \/>\n<meta name=\"twitter:card\" content=\"summary_large_image\" \/>\n<meta name=\"twitter:label1\" content=\"Dur\u00e9e de lecture estim\u00e9e\" \/>\n\t<meta name=\"twitter:data1\" content=\"2 minutes\" \/>\n<script type=\"application\/ld+json\" class=\"yoast-schema-graph\">{\"@context\":\"https:\/\/schema.org\",\"@graph\":[{\"@type\":\"WebPage\",\"@id\":\"https:\/\/redseafish.com\/prize-draw-xmas-2024\/\",\"url\":\"https:\/\/redseafish.com\/prize-draw-xmas-2024\/\",\"name\":\"Gagnez un REEFER MAX 250 G2+ tout \u00e9quip\u00e9 d'une valeur de plus de 4500 \u20ac !\",\"isPartOf\":{\"@id\":\"https:\/\/redseafish.com\/#website\"},\"primaryImageOfPage\":{\"@id\":\"https:\/\/redseafish.com\/prize-draw-xmas-2024\/#primaryimage\"},\"image\":{\"@id\":\"https:\/\/redseafish.com\/prize-draw-xmas-2024\/#primaryimage\"},\"thumbnailUrl\":\"https:\/\/static.redseafish.com\/wp-content\/uploads\/2024\/11\/17135308\/Share-image.product-name.jpg\",\"datePublished\":\"2024-11-10T11:52:23+00:00\",\"dateModified\":\"2025-06-10T11:29:04+00:00\",\"breadcrumb\":{\"@id\":\"https:\/\/redseafish.com\/prize-draw-xmas-2024\/#breadcrumb\"},\"inLanguage\":\"fr-FR\",\"potentialAction\":[{\"@type\":\"ReadAction\",\"target\":[\"https:\/\/redseafish.com\/prize-draw-xmas-2024\/\"]}]},{\"@type\":\"ImageObject\",\"inLanguage\":\"fr-FR\",\"@id\":\"https:\/\/redseafish.com\/prize-draw-xmas-2024\/#primaryimage\",\"url\":\"https:\/\/static.redseafish.com\/wp-content\/uploads\/2024\/11\/17135308\/Share-image.product-name.jpg\",\"contentUrl\":\"https:\/\/static.redseafish.com\/wp-content\/uploads\/2024\/11\/17135308\/Share-image.product-name.jpg\",\"width\":2400,\"height\":1260},{\"@type\":\"BreadcrumbList\",\"@id\":\"https:\/\/redseafish.com\/prize-draw-xmas-2024\/#breadcrumb\",\"itemListElement\":[{\"@type\":\"ListItem\",\"position\":1,\"name\":\"Home\",\"item\":\"https:\/\/redseafish.com\/fr\/\"},{\"@type\":\"ListItem\",\"position\":2,\"name\":\"Prize draw\"}]},{\"@type\":\"WebSite\",\"@id\":\"https:\/\/redseafish.com\/#website\",\"url\":\"https:\/\/redseafish.com\/\",\"name\":\"Red Sea Fish\",\"description\":\"Home of the best salt water aquarium experience\",\"potentialAction\":[{\"@type\":\"SearchAction\",\"target\":{\"@type\":\"EntryPoint\",\"urlTemplate\":\"https:\/\/redseafish.com\/?s={search_term_string}\"},\"query-input\":{\"@type\":\"PropertyValueSpecification\",\"valueRequired\":true,\"valueName\":\"search_term_string\"}}],\"inLanguage\":\"fr-FR\"}]}<\/script>\n<!-- \/ Yoast SEO Premium plugin. -->","yoast_head_json":{"title":"Gagnez un REEFER MAX 250 G2+ tout \u00e9quip\u00e9 d'une valeur de plus de 4500 \u20ac !","robots":{"index":"index","follow":"follow","max-snippet":"max-snippet:-1","max-image-preview":"max-image-preview:large","max-video-preview":"max-video-preview:-1"},"canonical":"https:\/\/redseafish.com\/prize-draw-xmas-2024\/","og_locale":"fr_FR","og_type":"article","og_title":"Gagnez un REEFER MAX 250 G2+ tout \u00e9quip\u00e9 d'une valeur de plus de 4500 \u20ac !","og_url":"https:\/\/redseafish.com\/prize-draw-xmas-2024\/","og_site_name":"Red Sea Fish","article_modified_time":"2025-06-10T11:29:04+00:00","og_image":[{"url":"https:\/\/static.redseafish.com\/wp-content\/uploads\/2024\/12\/15105901\/Share-image.product-name-1-1024x538.jpg","type":"","width":"","height":""}],"twitter_card":"summary_large_image","twitter_misc":{"Dur\u00e9e de lecture estim\u00e9e":"2 minutes"},"schema":{"@context":"https:\/\/schema.org","@graph":[{"@type":"WebPage","@id":"https:\/\/redseafish.com\/prize-draw-xmas-2024\/","url":"https:\/\/redseafish.com\/prize-draw-xmas-2024\/","name":"Gagnez un REEFER MAX 250 G2+ tout \u00e9quip\u00e9 d'une valeur de plus de 4500 \u20ac !","isPartOf":{"@id":"https:\/\/redseafish.com\/#website"},"primaryImageOfPage":{"@id":"https:\/\/redseafish.com\/prize-draw-xmas-2024\/#primaryimage"},"image":{"@id":"https:\/\/redseafish.com\/prize-draw-xmas-2024\/#primaryimage"},"thumbnailUrl":"https:\/\/static.redseafish.com\/wp-content\/uploads\/2024\/11\/17135308\/Share-image.product-name.jpg","datePublished":"2024-11-10T11:52:23+00:00","dateModified":"2025-06-10T11:29:04+00:00","breadcrumb":{"@id":"https:\/\/redseafish.com\/prize-draw-xmas-2024\/#breadcrumb"},"inLanguage":"fr-FR","potentialAction":[{"@type":"ReadAction","target":["https:\/\/redseafish.com\/prize-draw-xmas-2024\/"]}]},{"@type":"ImageObject","inLanguage":"fr-FR","@id":"https:\/\/redseafish.com\/prize-draw-xmas-2024\/#primaryimage","url":"https:\/\/static.redseafish.com\/wp-content\/uploads\/2024\/11\/17135308\/Share-image.product-name.jpg","contentUrl":"https:\/\/static.redseafish.com\/wp-content\/uploads\/2024\/11\/17135308\/Share-image.product-name.jpg","width":2400,"height":1260},{"@type":"BreadcrumbList","@id":"https:\/\/redseafish.com\/prize-draw-xmas-2024\/#breadcrumb","itemListElement":[{"@type":"ListItem","position":1,"name":"Home","item":"https:\/\/redseafish.com\/fr\/"},{"@type":"ListItem","position":2,"name":"Prize draw"}]},{"@type":"WebSite","@id":"https:\/\/redseafish.com\/#website","url":"https:\/\/redseafish.com\/","name":"Red Sea Fish","description":"Home of the best salt water aquarium experience","potentialAction":[{"@type":"SearchAction","target":{"@type":"EntryPoint","urlTemplate":"https:\/\/redseafish.com\/?s={search_term_string}"},"query-input":{"@type":"PropertyValueSpecification","valueRequired":true,"valueName":"search_term_string"}}],"inLanguage":"fr-FR"}]}},"_links":{"self":[{"href":"https:\/\/redseafish.com\/fr\/wp-json\/wp\/v2\/pages\/56153","targetHints":{"allow":["GET"]}}],"collection":[{"href":"https:\/\/redseafish.com\/fr\/wp-json\/wp\/v2\/pages"}],"about":[{"href":"https:\/\/redseafish.com\/fr\/wp-json\/wp\/v2\/types\/page"}],"author":[{"embeddable":true,"href":"https:\/\/redseafish.com\/fr\/wp-json\/wp\/v2\/users\/11"}],"replies":[{"embeddable":true,"href":"https:\/\/redseafish.com\/fr\/wp-json\/wp\/v2\/comments?post=56153"}],"version-history":[{"count":12,"href":"https:\/\/redseafish.com\/fr\/wp-json\/wp\/v2\/pages\/56153\/revisions"}],"predecessor-version":[{"id":73898,"href":"https:\/\/redseafish.com\/fr\/wp-json\/wp\/v2\/pages\/56153\/revisions\/73898"}],"wp:featuredmedia":[{"embeddable":true,"href":"https:\/\/redseafish.com\/fr\/wp-json\/wp\/v2\/media\/57261"}],"wp:attachment":[{"href":"https:\/\/redseafish.com\/fr\/wp-json\/wp\/v2\/media?parent=56153"}],"curies":[{"name":"wp","href":"https:\/\/api.w.org\/{rel}","templated":true}]}}