{"id":50506,"date":"2024-09-17T10:35:17","date_gmt":"2024-09-17T07:35:17","guid":{"rendered":"https:\/\/redseafish.com\/?page_id=50506"},"modified":"2024-09-26T10:24:42","modified_gmt":"2024-09-26T07:24:42","slug":"specs","status":"publish","type":"page","link":"https:\/\/redseafish.com\/fr\/aquariums-systems\/max-nano-g2-xxl\/specs\/","title":{"rendered":"MAX NANO Models &#038; Specs"},"content":{"rendered":"\n<div class=\"wp-block-rsfmenus-second-menu-bar rsf-second-navbar bg-color-15\"><div class=\"rsf-second-navbar-inner flex justify-center\">\n<a href=\"https:\/\/redseafish.com\/fr\/aquariums-systems\/max-nano-g2-xxl\/\" class=\"wp-block-dfnstbm-link\">\n<p class=\"wp-block-dfnstbm-paragraph \n  h6 color-12 max-width-3 open-sans-regular center ml-auto mr-auto relative\">Vue d\u2019ensemble<\/p>\n<\/a>\n\n\n\n<a href=\"https:\/\/redseafish.com\/fr\/aquariums-systems\/max-nano-g2-xxl\/specs\/\" class=\"wp-block-dfnstbm-link\">\n<p class=\"wp-block-dfnstbm-paragraph \n  h6 color-white max-width-3 open-sans-bold center ml-auto mr-auto relative\">Mod\u00e8les et caract\u00e9ristiques<\/p>\n<\/a>\n\n\n\n<a href=\"https:\/\/g1.redseafish.com\/fr\/super-store-finder\/\" class=\"wp-block-dfnstbm-link\">\n<p class=\"wp-block-dfnstbm-paragraph \n  h6 color-12 max-width-3 open-sans-regular center ml-auto mr-auto relative\">O\u00f9 l&rsquo;acheter<\/p>\n<\/a>\n\n\n\n<a href=\"https:\/\/g1.redseafish.com\/fr\/support\/manuals\/categories\/max-nano\/\" class=\"wp-block-dfnstbm-link\">\n<p class=\"wp-block-dfnstbm-paragraph \n  h6 color-12 max-width-3 open-sans-regular center ml-auto mr-auto relative\">Notices d\u2019utilisation<\/p>\n<\/a>\n\n\n\n<a href=\"https:\/\/g1.redseafish.com\/fr\/register\/\" class=\"wp-block-dfnstbm-link\">\n<p class=\"wp-block-dfnstbm-paragraph \n  h6 color-12 max-width-3 open-sans-regular center ml-auto mr-auto relative\">Enregistrer l&rsquo;aquarium<\/p>\n<\/a>\n<\/div><div class=\"rsf-navbar-mobile-continue-hint-container\"><div class=\"rsf-navbar-mobile-continue-hint-shadow\"><\/div><\/div><\/div>\n\n\n\n\t    <script defer=\"defer\" src=\"https:\/\/baby-compare.apps.redseafish.com\/js\/chunk-vendors.4810da3b.js\"><\/script>\n\t    <script defer=\"defer\" src=\"https:\/\/baby-compare.apps.redseafish.com\/js\/app.e830a5ac.js\"><\/script>\n      <link href=\"https:\/\/baby-compare.apps.redseafish.com\/css\/app.0f200ba1.css\" rel=\"stylesheet\">\n\t  \n\t    <noscript><strong>We are sorry but this app does not work properly without JavaScript enabled. Please enable it to continue.<\/strong><\/noscript>\n      <div id=\"app\" compareId=\"20\" siteLanguage=\"fr\" foo=\"bar\"><\/div>\n\t  ","protected":false},"excerpt":{"rendered":"","protected":false},"author":11,"featured_media":69465,"parent":51059,"menu_order":0,"comment_status":"closed","ping_status":"closed","template":"","meta":{"inline_featured_image":false,"footnotes":""},"class_list":["post-50506","page","type-page","status-publish","has-post-thumbnail","hentry"],"yoast_head":"<!-- This site is optimized with the Yoast SEO Premium plugin v27.0 (Yoast SEO v27.0) - https:\/\/yoast.com\/product\/yoast-seo-premium-wordpress\/ -->\n<title>MAX NANO Red Sea Mod\u00e8les et caract\u00e9ristiques techniques<\/title>\n<meta name=\"description\" content=\"D\u00e9couvrez les mod\u00e8les et les caract\u00e9ristiques des MAX NANO Red Sea. D\u00e9couvrez les caract\u00e9ristiques d\u00e9taill\u00e9es, les \u00e9quipements intelligents inclus et le tarif du mod\u00e8le de votre choix.\" \/>\n<meta name=\"robots\" content=\"index, follow, max-snippet:-1, max-image-preview:large, max-video-preview:-1\" \/>\n<link rel=\"canonical\" href=\"https:\/\/redseafish.com\/fr\/aquariums-systems\/max-nano-g2-xxl\/specs\/\" \/>\n<meta property=\"og:locale\" content=\"fr_FR\" \/>\n<meta property=\"og:type\" content=\"article\" \/>\n<meta property=\"og:title\" content=\"MAX NANO Red Sea Mod\u00e8les et caract\u00e9ristiques techniques\" \/>\n<meta property=\"og:description\" content=\"D\u00e9couvrez les mod\u00e8les et les caract\u00e9ristiques des MAX NANO Red Sea. D\u00e9couvrez les caract\u00e9ristiques d\u00e9taill\u00e9es, les \u00e9quipements intelligents inclus et le tarif du mod\u00e8le de votre choix.\" \/>\n<meta property=\"og:url\" content=\"https:\/\/redseafish.com\/fr\/aquariums-systems\/max-nano-g2-xxl\/specs\/\" \/>\n<meta property=\"og:site_name\" content=\"Red Sea Fish\" \/>\n<meta property=\"article:modified_time\" content=\"2024-09-26T07:24:42+00:00\" \/>\n<meta property=\"og:image\" content=\"https:\/\/static.redseafish.com\/wp-content\/uploads\/2023\/07\/10065450\/MAX-NANOs.-Specs.-Main-banner.png\" \/>\n\t<meta property=\"og:image:width\" content=\"989\" \/>\n\t<meta property=\"og:image:height\" content=\"422\" \/>\n\t<meta property=\"og:image:type\" content=\"image\/png\" \/>\n<meta name=\"twitter:card\" content=\"summary_large_image\" \/>\n<meta name=\"twitter:label1\" content=\"Dur\u00e9e de lecture estim\u00e9e\" \/>\n\t<meta name=\"twitter:data1\" content=\"1 minute\" \/>\n<script type=\"application\/ld+json\" class=\"yoast-schema-graph\">{\"@context\":\"https:\/\/schema.org\",\"@graph\":[{\"@type\":\"WebPage\",\"@id\":\"https:\/\/redseafish.com\/fr\/aquariums-systems\/max-nano-g2-xxl\/specs\/\",\"url\":\"https:\/\/redseafish.com\/fr\/aquariums-systems\/max-nano-g2-xxl\/specs\/\",\"name\":\"MAX NANO Red Sea Mod\u00e8les et caract\u00e9ristiques techniques\",\"isPartOf\":{\"@id\":\"https:\/\/redseafish.com\/#website\"},\"primaryImageOfPage\":{\"@id\":\"https:\/\/redseafish.com\/fr\/aquariums-systems\/max-nano-g2-xxl\/specs\/#primaryimage\"},\"image\":{\"@id\":\"https:\/\/redseafish.com\/fr\/aquariums-systems\/max-nano-g2-xxl\/specs\/#primaryimage\"},\"thumbnailUrl\":\"https:\/\/static.redseafish.com\/wp-content\/uploads\/2025\/03\/02123818\/Share-image.MAX_.NANO-SPAC_G2.png\",\"datePublished\":\"2024-09-17T07:35:17+00:00\",\"dateModified\":\"2024-09-26T07:24:42+00:00\",\"description\":\"D\u00e9couvrez les mod\u00e8les et les caract\u00e9ristiques des MAX NANO Red Sea. D\u00e9couvrez les caract\u00e9ristiques d\u00e9taill\u00e9es, les \u00e9quipements intelligents inclus et le tarif du mod\u00e8le de votre choix.\",\"breadcrumb\":{\"@id\":\"https:\/\/redseafish.com\/fr\/aquariums-systems\/max-nano-g2-xxl\/specs\/#breadcrumb\"},\"inLanguage\":\"fr-FR\",\"potentialAction\":[{\"@type\":\"ReadAction\",\"target\":[\"https:\/\/redseafish.com\/fr\/aquariums-systems\/max-nano-g2-xxl\/specs\/\"]}]},{\"@type\":\"ImageObject\",\"inLanguage\":\"fr-FR\",\"@id\":\"https:\/\/redseafish.com\/fr\/aquariums-systems\/max-nano-g2-xxl\/specs\/#primaryimage\",\"url\":\"https:\/\/static.redseafish.com\/wp-content\/uploads\/2025\/03\/02123818\/Share-image.MAX_.NANO-SPAC_G2.png\",\"contentUrl\":\"https:\/\/static.redseafish.com\/wp-content\/uploads\/2025\/03\/02123818\/Share-image.MAX_.NANO-SPAC_G2.png\",\"width\":1200,\"height\":630},{\"@type\":\"BreadcrumbList\",\"@id\":\"https:\/\/redseafish.com\/fr\/aquariums-systems\/max-nano-g2-xxl\/specs\/#breadcrumb\",\"itemListElement\":[{\"@type\":\"ListItem\",\"position\":1,\"name\":\"Home\",\"item\":\"https:\/\/redseafish.com\/fr\/\"},{\"@type\":\"ListItem\",\"position\":2,\"name\":\"Aquariums Systems\",\"item\":\"https:\/\/redseafish.com\/fr\/aquariums-systems\/\"},{\"@type\":\"ListItem\",\"position\":3,\"name\":\"MAX NANO G2 XXL\",\"item\":\"https:\/\/redseafish.com\/fr\/aquariums-systems\/max-nano-g2-xxl\/\"},{\"@type\":\"ListItem\",\"position\":4,\"name\":\"MAX NANO Models &#038; Specs\"}]},{\"@type\":\"WebSite\",\"@id\":\"https:\/\/redseafish.com\/#website\",\"url\":\"https:\/\/redseafish.com\/\",\"name\":\"Red Sea Fish\",\"description\":\"Home of the best salt water aquarium experience\",\"potentialAction\":[{\"@type\":\"SearchAction\",\"target\":{\"@type\":\"EntryPoint\",\"urlTemplate\":\"https:\/\/redseafish.com\/?s={search_term_string}\"},\"query-input\":{\"@type\":\"PropertyValueSpecification\",\"valueRequired\":true,\"valueName\":\"search_term_string\"}}],\"inLanguage\":\"fr-FR\"}]}<\/script>\n<!-- \/ Yoast SEO Premium plugin. -->","yoast_head_json":{"title":"MAX NANO Red Sea Mod\u00e8les et caract\u00e9ristiques techniques","description":"D\u00e9couvrez les mod\u00e8les et les caract\u00e9ristiques des MAX NANO Red Sea. D\u00e9couvrez les caract\u00e9ristiques d\u00e9taill\u00e9es, les \u00e9quipements intelligents inclus et le tarif du mod\u00e8le de votre choix.","robots":{"index":"index","follow":"follow","max-snippet":"max-snippet:-1","max-image-preview":"max-image-preview:large","max-video-preview":"max-video-preview:-1"},"canonical":"https:\/\/redseafish.com\/fr\/aquariums-systems\/max-nano-g2-xxl\/specs\/","og_locale":"fr_FR","og_type":"article","og_title":"MAX NANO Red Sea Mod\u00e8les et caract\u00e9ristiques techniques","og_description":"D\u00e9couvrez les mod\u00e8les et les caract\u00e9ristiques des MAX NANO Red Sea. D\u00e9couvrez les caract\u00e9ristiques d\u00e9taill\u00e9es, les \u00e9quipements intelligents inclus et le tarif du mod\u00e8le de votre choix.","og_url":"https:\/\/redseafish.com\/fr\/aquariums-systems\/max-nano-g2-xxl\/specs\/","og_site_name":"Red Sea Fish","article_modified_time":"2024-09-26T07:24:42+00:00","og_image":[{"width":989,"height":422,"url":"https:\/\/static.redseafish.com\/wp-content\/uploads\/2023\/07\/10065450\/MAX-NANOs.-Specs.-Main-banner.png","type":"image\/png"}],"twitter_card":"summary_large_image","twitter_misc":{"Dur\u00e9e de lecture estim\u00e9e":"1 minute"},"schema":{"@context":"https:\/\/schema.org","@graph":[{"@type":"WebPage","@id":"https:\/\/redseafish.com\/fr\/aquariums-systems\/max-nano-g2-xxl\/specs\/","url":"https:\/\/redseafish.com\/fr\/aquariums-systems\/max-nano-g2-xxl\/specs\/","name":"MAX NANO Red Sea Mod\u00e8les et caract\u00e9ristiques techniques","isPartOf":{"@id":"https:\/\/redseafish.com\/#website"},"primaryImageOfPage":{"@id":"https:\/\/redseafish.com\/fr\/aquariums-systems\/max-nano-g2-xxl\/specs\/#primaryimage"},"image":{"@id":"https:\/\/redseafish.com\/fr\/aquariums-systems\/max-nano-g2-xxl\/specs\/#primaryimage"},"thumbnailUrl":"https:\/\/static.redseafish.com\/wp-content\/uploads\/2025\/03\/02123818\/Share-image.MAX_.NANO-SPAC_G2.png","datePublished":"2024-09-17T07:35:17+00:00","dateModified":"2024-09-26T07:24:42+00:00","description":"D\u00e9couvrez les mod\u00e8les et les caract\u00e9ristiques des MAX NANO Red Sea. D\u00e9couvrez les caract\u00e9ristiques d\u00e9taill\u00e9es, les \u00e9quipements intelligents inclus et le tarif du mod\u00e8le de votre choix.","breadcrumb":{"@id":"https:\/\/redseafish.com\/fr\/aquariums-systems\/max-nano-g2-xxl\/specs\/#breadcrumb"},"inLanguage":"fr-FR","potentialAction":[{"@type":"ReadAction","target":["https:\/\/redseafish.com\/fr\/aquariums-systems\/max-nano-g2-xxl\/specs\/"]}]},{"@type":"ImageObject","inLanguage":"fr-FR","@id":"https:\/\/redseafish.com\/fr\/aquariums-systems\/max-nano-g2-xxl\/specs\/#primaryimage","url":"https:\/\/static.redseafish.com\/wp-content\/uploads\/2025\/03\/02123818\/Share-image.MAX_.NANO-SPAC_G2.png","contentUrl":"https:\/\/static.redseafish.com\/wp-content\/uploads\/2025\/03\/02123818\/Share-image.MAX_.NANO-SPAC_G2.png","width":1200,"height":630},{"@type":"BreadcrumbList","@id":"https:\/\/redseafish.com\/fr\/aquariums-systems\/max-nano-g2-xxl\/specs\/#breadcrumb","itemListElement":[{"@type":"ListItem","position":1,"name":"Home","item":"https:\/\/redseafish.com\/fr\/"},{"@type":"ListItem","position":2,"name":"Aquariums Systems","item":"https:\/\/redseafish.com\/fr\/aquariums-systems\/"},{"@type":"ListItem","position":3,"name":"MAX NANO G2 XXL","item":"https:\/\/redseafish.com\/fr\/aquariums-systems\/max-nano-g2-xxl\/"},{"@type":"ListItem","position":4,"name":"MAX NANO Models &#038; Specs"}]},{"@type":"WebSite","@id":"https:\/\/redseafish.com\/#website","url":"https:\/\/redseafish.com\/","name":"Red Sea Fish","description":"Home of the best salt water aquarium experience","potentialAction":[{"@type":"SearchAction","target":{"@type":"EntryPoint","urlTemplate":"https:\/\/redseafish.com\/?s={search_term_string}"},"query-input":{"@type":"PropertyValueSpecification","valueRequired":true,"valueName":"search_term_string"}}],"inLanguage":"fr-FR"}]}},"_links":{"self":[{"href":"https:\/\/redseafish.com\/fr\/wp-json\/wp\/v2\/pages\/50506","targetHints":{"allow":["GET"]}}],"collection":[{"href":"https:\/\/redseafish.com\/fr\/wp-json\/wp\/v2\/pages"}],"about":[{"href":"https:\/\/redseafish.com\/fr\/wp-json\/wp\/v2\/types\/page"}],"author":[{"embeddable":true,"href":"https:\/\/redseafish.com\/fr\/wp-json\/wp\/v2\/users\/11"}],"replies":[{"embeddable":true,"href":"https:\/\/redseafish.com\/fr\/wp-json\/wp\/v2\/comments?post=50506"}],"version-history":[{"count":3,"href":"https:\/\/redseafish.com\/fr\/wp-json\/wp\/v2\/pages\/50506\/revisions"}],"predecessor-version":[{"id":51745,"href":"https:\/\/redseafish.com\/fr\/wp-json\/wp\/v2\/pages\/50506\/revisions\/51745"}],"up":[{"embeddable":true,"href":"https:\/\/redseafish.com\/fr\/wp-json\/wp\/v2\/pages\/51059"}],"wp:featuredmedia":[{"embeddable":true,"href":"https:\/\/redseafish.com\/fr\/wp-json\/wp\/v2\/media\/69465"}],"wp:attachment":[{"href":"https:\/\/redseafish.com\/fr\/wp-json\/wp\/v2\/media?parent=50506"}],"curies":[{"name":"wp","href":"https:\/\/api.w.org\/{rel}","templated":true}]}}