{"id":43322,"date":"2024-06-25T02:29:25","date_gmt":"2024-06-24T23:29:25","guid":{"rendered":"https:\/\/redseafish.com\/mybatch\/"},"modified":"2025-12-16T13:32:33","modified_gmt":"2025-12-16T11:32:33","slug":"mybatch","status":"publish","type":"page","link":"https:\/\/redseafish.com\/fr\/mybatch\/","title":{"rendered":"MyBatch"},"content":{"rendered":"\n<div class=\"wp-block-dfnstbm-story story\"><div class=\"story_loader\"><div class=\"lds-roller mx-auto\"><div><\/div><div><\/div><div><\/div><div><\/div><div><\/div><div><\/div><div><\/div><div><\/div><\/div><h2 class=\"center h3 color-white\">Loading<\/h2><\/div><div class=\"story_content\"><button class=\"storyboard-trigger-button\" style=\"position:fixed;top:1rem;right:1rem;z-index:9999999999;padding:.25rem\">Debug-Button<\/button>\n<div class=\"wp-block-dfnstbm-story-frame story_frame gridbox undefined bg-color-transparent\" style=\"height:auto\" data-stb-active-viewport-size=\"desktop\" data-stb-track-scroll-progress-when-entering=\"false\">\n<div style=\"z-index:2;height:auto\" class=\"wp-block-dfnstbm-story-element story_element gridbox-element story_atom bg-color-transparent flex flex-column justify-start\">\n<div class=\"wp-block-dfnstbm-content-wrapper \n  content-wrapper border-box flex flex-column col-12 transparent ml-auto mr-auto pb3 color-black\n items-center\" style=\"min-height:auto;max-height:none;border-radius:0px;grid-gap:\">\n<div class=\"wp-block-dfnstbm-content-wrapper \n  content-wrapper border-box flex flex-column col-12 transparent color-black\n items-center\" style=\"min-height:auto;max-height:none;border-radius:0px;grid-gap:\">\n<h2 class=\"wp-block-dfnstbm-heading \n  sans bold sans\n h0 color-black max-width-3 helvetica-bold center mt2 mb1 ml-auto mr-auto pl3 pr3 relative\">MyBatch<\/h2>\n\n\n\n<h2 class=\"wp-block-dfnstbm-heading \n  h1 color-black max-width-3 helvetica-roman center mb2 ml-auto mr-auto relative\">Get our QC lab analysis of your specific bucket<\/h2>\n\n\n\n<p class=\"wp-block-dfnstbm-paragraph \n  h5 color-black max-width-3 open-sans-regular center mt0 ml-auto mr-auto pb2 relative\">Welcome to\u00a0<strong>MyBatch<\/strong>\u2122, a unique service from Red Sea, providing Red Sea salts users easy access to the chemical analysis of the specific batch of salt which they have purchased (as tested by our QC lab).<\/p>\n\n\n\n<a class=\"wp-block-dfnstbm-button rsf-btn  rsf-btn-tertiary color-1 bg-color-transparent\" data-stb-click-event=\"toggleContentAndVanish\" data-stb-click-event-target=\"readmore-content\">Read more<\/a>\n\n\n\n<div class=\"wp-block-dfnstbm-story-atom \n  story_atom\n content-wrapper mx-auto border-box stb-animation--static col-12 transparent ml-auto mr-auto color-black\n hidden_content\" data-stb-interaction-type=\"toggleable-content\" data-stb-animationtype=\"static\" data-stb-animationthreshold=\"0\" data-stb-exit-animationtype=\"\" data-stb-exit-animationthreshold=\"0\" data-stb-animation-repeatable=\"true\" data-stb-atom-identifier=\"readmore-content\" data-stb-animationendthreshold=\"0\" data-stb-exit-animationendthreshold=\"0\">\n<p class=\"wp-block-dfnstbm-paragraph \n  h5 color-black max-width-3 open-sans-regular center mt0 ml-auto mr-auto pb3 relative\">Good water chemistry is the most basic element of reef keeping and you deserve more than blind faith to ensure that you are getting exactly what you need.<br>Red Sea is one of the few salt manufacturers that state on their packages an accurate, guaranteed range of all of the parameters that will be achieved when mixing our salts according to the mixing instructions.<br>\u00a0<br>We are able to achieve this as our salts are produced according to a highly controlled, small-batch production process, that guarantees both a high level of homogeneity within each batch, as well as consistency from batch to batch. The process is monitored by thorough quality control testing in our laboratory, that includes state-of-the-art ICP analysis, calibrated specifically for the unique composition of seawater.<br>\u00a0<br>The accuracy of our salt production and analysis is consistently reliable \u2013 if you follow all the mixing instructions and adjust the salinity using a correctly calibrated seawater refractometer (such as Red Sea\u2019s REEF-SPEC Refractometer), you will be able to use your salt mix to check the reliability of your marine and reef test kits.<\/p>\n<\/div>\n<\/div>\n\n\n\n<div class=\"wp-block-dfnstbm-content-wrapper \n  content-wrapper border-box flex flex-column col-9 transparent color-black\n items-center\" style=\"min-height:auto;max-height:none;border-radius:0px;grid-gap:\"><picture class=\"wp-block-dfnstbm-media block undefined gridbox col-7 dfn-stbm-lazy\" style=\"max-height:none;min-height:auto;z-index:0\" loading=\"lazy\" data-stb-real-src=\"https:\/\/static.redseafish.com\/wp-content\/uploads\/2024\/06\/26052912\/MyBatch-main-image.png\">\n  <img class=\"hi-res-img gridbox-element col-12 block cover relative\" style=\"max-height:none;min-height:auto;z-index:1;opacity:0\" alt=\"\" \/><img decoding=\"async\" class=\"low-res-img gridbox-element col-12 block cover relative\" style=\"max-height:none;min-height:auto;z-index:0;filter:blur(32px)\" src=\"https:\/\/image-server.redseafish.com\/128x\/https:\/\/static.redseafish.com\/wp-content\/uploads\/2024\/06\/26052912\/MyBatch-main-image.png\" alt=\"\" \/>\n<\/picture><\/div>\n<\/div>\n<\/div>\n<\/div>\n\n\n\n<div class=\"wp-block-dfnstbm-story-frame story_frame gridbox undefined bg-color-transparent\" style=\"height:auto\" data-stb-active-viewport-size=\"mobile-tablet\" data-stb-track-scroll-progress-when-entering=\"false\">\n<div style=\"z-index:2;height:auto\" class=\"wp-block-dfnstbm-story-element story_element gridbox-element story_atom bg-color-transparent flex flex-column justify-start\">\n<div class=\"wp-block-dfnstbm-content-wrapper \n  content-wrapper border-box flex flex-column col-12 transparent ml-auto mr-auto pb3 color-black\n items-center\" style=\"min-height:auto;max-height:none;border-radius:0px;grid-gap:\">\n<div class=\"wp-block-dfnstbm-content-wrapper \n  content-wrapper border-box flex flex-column col-12 transparent color-black\n items-center\" style=\"min-height:auto;max-height:none;border-radius:0px;grid-gap:\">\n<h2 class=\"wp-block-dfnstbm-heading \n  sans bold sans\n h0 color-black max-width-3 helvetica-bold center mt2 mb1 ml-auto mr-auto pl3 pr3 relative\">MyBatch<\/h2>\n\n\n\n<h2 class=\"wp-block-dfnstbm-heading \n  h2 color-black max-width-3 helvetica-roman center mb2 ml2 mr2 relative\">Get our QC lab analysis of your specific bucket<\/h2>\n\n\n\n<p class=\"wp-block-dfnstbm-paragraph \n  h6 color-black max-width-3 open-sans-regular center mt0 ml-auto mr-auto pb2 pl1 pr1 relative\">Welcome to\u00a0<strong>MyBatch<\/strong>\u2122, a unique service from Red Sea, providing Red Sea salts users easy access to the chemical analysis of the specific batch of salt which they have purchased (as tested by our QC lab).<\/p>\n\n\n\n<a class=\"wp-block-dfnstbm-button rsf-btn  rsf-btn-tertiary color-1 bg-color-transparent\" data-stb-click-event=\"toggleContentAndVanish\" data-stb-click-event-target=\"readmore-content\">Read more<\/a>\n\n\n\n<div class=\"wp-block-dfnstbm-story-atom \n  story_atom\n content-wrapper mx-auto border-box stb-animation--static col-12 transparent ml-auto mr-auto color-black\n hidden_content\" data-stb-interaction-type=\"toggleable-content\" data-stb-animationtype=\"static\" data-stb-animationthreshold=\"0\" data-stb-exit-animationtype=\"\" data-stb-exit-animationthreshold=\"0\" data-stb-animation-repeatable=\"true\" data-stb-atom-identifier=\"readmore-content\" data-stb-animationendthreshold=\"0\" data-stb-exit-animationendthreshold=\"0\">\n<p class=\"wp-block-dfnstbm-paragraph \n  h6 color-black max-width-3 open-sans-regular center mt0 ml-auto mr-auto pb3 pl1 pr1 relative\">Good water chemistry is the most basic element of reef keeping and you deserve more than blind faith to ensure that you are getting exactly what you need.<br>Red Sea is one of the few salt manufacturers that state on their packages an accurate, guaranteed range of all of the parameters that will be achieved when mixing our salts according to the mixing instructions.<br>\u00a0<br>We are able to achieve this as our salts are produced according to a highly controlled, small-batch production process, that guarantees both a high level of homogeneity within each batch, as well as consistency from batch to batch. The process is monitored by thorough quality control testing in our laboratory, that includes state-of-the-art ICP analysis, calibrated specifically for the unique composition of seawater.<br>\u00a0<br>The accuracy of our salt production and analysis is consistently reliable \u2013 if you follow all the mixing instructions and adjust the salinity using a correctly calibrated seawater refractometer (such as Red Sea\u2019s REEF-SPEC Refractometer), you will be able to use your salt mix to check the reliability of your marine and reef test kits.<\/p>\n<\/div>\n<\/div>\n\n\n\n<div class=\"wp-block-dfnstbm-content-wrapper \n  content-wrapper border-box flex flex-column transparent color-black\n items-center\" style=\"min-height:auto;max-height:none;border-radius:0px;grid-gap:\"><picture class=\"wp-block-dfnstbm-media block undefined gridbox col-12 dfn-stbm-lazy\" style=\"max-height:none;min-height:auto;z-index:0\" loading=\"lazy\" data-stb-real-src=\"https:\/\/static.redseafish.com\/wp-content\/uploads\/2024\/06\/26052930\/MyBatch-main-image-1.png\">\n  <img class=\"hi-res-img gridbox-element col-12 block cover relative\" style=\"max-height:none;min-height:auto;z-index:1;opacity:0\" alt=\"\" \/><img decoding=\"async\" class=\"low-res-img gridbox-element col-12 block cover relative\" style=\"max-height:none;min-height:auto;z-index:0;filter:blur(32px)\" src=\"https:\/\/image-server.redseafish.com\/128x\/https:\/\/static.redseafish.com\/wp-content\/uploads\/2024\/06\/26052930\/MyBatch-main-image-1.png\" alt=\"\" \/>\n<\/picture><\/div>\n<\/div>\n<\/div>\n<\/div>\n\n\n\n<div class=\"wp-block-dfnstbm-story-frame story_frame gridbox  bg-color-transparent\" style=\"height:auto\" data-stb-active-viewport-size=\"all\" data-stb-track-scroll-progress-when-entering=\"false\">\n<div style=\"z-index:1;height:auto\" class=\"wp-block-dfnstbm-story-element story_element gridbox-element  bg-color-transparent flex flex-column justify-center\">\n<div class=\"wp-block-dfnstbm-content-wrapper \n  content-wrapper border-box col-12 bg-color-11 color-black\" style=\"min-height:auto;max-height:none;border-radius:0px;grid-gap:\">\n\t    <script defer=\"defer\" src=\"https:\/\/mybatch.apps.redseafish.com\/js\/chunk-vendors.8d9f8b86.js\"><\/script>\n\t    <script defer=\"defer\" src=\"https:\/\/mybatch.apps.redseafish.com\/js\/app.3aa7e039.js\"><\/script>\n      <link href=\"https:\/\/mybatch.apps.redseafish.com\/css\/app.b78584f6.css\" rel=\"stylesheet\">\n\t  \n\t    <noscript><strong>We are sorry but this app does not work properly without JavaScript enabled. Please enable it to continue.<\/strong><\/noscript>\n      <div \n        id=\"app\" \n        siteLanguage=\"fr\"\n        faqLink=\"https:\/\/g1.redseafish.com\/support\/faq\/products\/mybatch\/tabs\/faq\/MyBatch\/\"\n      >\n      <\/div>\n\t  <\/div>\n<\/div>\n<\/div>\n\n\n\n<div class=\"wp-block-dfnstbm-story-frame story_frame gridbox undefined bg-color-white\" style=\"height:auto\" data-stb-active-viewport-size=\"all\" data-stb-track-scroll-progress-when-entering=\"false\">\n<div style=\"z-index:1;height:auto\" class=\"wp-block-dfnstbm-story-element story_element gridbox-element story_atom bg-color-transparent flex flex-column justify-center\">\n<div class=\"wp-block-dfnstbm-story-atom \n  story_atom\n content-wrapper mx-auto border-box stb-animation--static col-12 transparent ml-auto mr-auto color-black\" data-stb-interaction-type=\"\" data-stb-animationtype=\"static\" data-stb-animationthreshold=\"0\" data-stb-exit-animationtype=\"\" data-stb-exit-animationthreshold=\"0\" data-stb-animation-repeatable=\"true\" data-stb-animationendthreshold=\"0\" data-stb-exit-animationendthreshold=\"0\">\n<h2 class=\"wp-block-dfnstbm-heading \n  h1 color-black max-width-3 helvetica-bold center mt3 mb1 ml-auto mr-auto relative\">Batch number location<\/h2>\n<\/div>\n\n\n\n<div class=\"wp-block-dfnstbm-story-atom \n  story_atom\n content-wrapper mx-auto border-box undefined\n stb-animation--static col-12 transparent max-width-4 ml-auto mr-auto h100\n color-black\n undefined\" data-stb-interaction-type=\"tabs\" data-stb-animationtype=\"static\" data-stb-animationthreshold=\"0\" data-stb-exit-animationtype=\"\" data-stb-exit-animationthreshold=\"0\" data-stb-animation-repeatable=\"true\" data-stb-animationendthreshold=\"0\" data-stb-exit-animationendthreshold=\"0\">\n<div class=\"wp-block-dfnstbm-content-wrapper \n  mx-auto mx-auto\n content-wrapper border-box col-12 transparent color-black\" style=\"min-height:auto;max-height:none;border-radius:0px;grid-gap:\">\n<div class=\"wp-block-dfnstbm-content-wrapper \n  mx-auto mx-auto\n content-wrapper border-box col-12 transparent max-width-3 mt3 ml-auto mr-auto color-black\" style=\"min-height:auto;max-height:none;border-radius:0px;grid-gap:\">\n<div class=\"wp-block-dfnstbm-tab-nav-wrapper-new gridbox story_atom_tab_wrapper story_atom_tab_wrapper_new w-fit-content mx-auto\"><div class=\"gridbox-element flex flex-column justify-end z1\"><div class=\"col-12\"><div class=\"stb_tab_active_indicator hide\" data-stb-interaction-identifier=\"tab-active-indicator\"><\/div><\/div><\/div><div class=\"stb_tab_active_indicator_rail px2 border-box bg-color-14\" style=\"background-clip:content-box\"><\/div><div class=\"gridbox-element z2 px2 border-box\"><div class=\"flex justify-center                 \" style=\"gap:32px\">\n<div class=\"wp-block-dfnstbm-tab-nav-item-new stb_tab_nav_item stb_tab_nav_item_new w-fit-content pointer border-box flex flex-column\" data-stb-interaction-identifier=\"tab-nav-item\"><p class=\"stb_tab_nav_item_simple w-fit-content mx-auto center sm-px1 px0 open-sans-bold sm-h5 h6 mb2 nowrap color-black active-color-1\">on buckets<\/p><div class=\"tab-nav-item-new-active-indictaor bg-color-1\"><\/div><\/div>\n\n\n\n<div class=\"wp-block-dfnstbm-tab-nav-item-new stb_tab_nav_item stb_tab_nav_item_new w-fit-content pointer border-box flex flex-column\" data-stb-interaction-identifier=\"tab-nav-item\"><p class=\"stb_tab_nav_item_simple w-fit-content mx-auto center sm-px1 px0 open-sans-bold sm-h5 h6 mb2 nowrap color-black active-color-1\">on bags<\/p><div class=\"tab-nav-item-new-active-indictaor bg-color-1\"><\/div><\/div>\n\n\n\n<div class=\"wp-block-dfnstbm-tab-nav-item-new stb_tab_nav_item stb_tab_nav_item_new w-fit-content pointer border-box flex flex-column\" data-stb-interaction-identifier=\"tab-nav-item\"><p class=\"stb_tab_nav_item_simple w-fit-content mx-auto center sm-px1 px0 open-sans-bold sm-h5 h6 mb2 nowrap color-black active-color-1\">on boxes<\/p><div class=\"tab-nav-item-new-active-indictaor bg-color-1\"><\/div><\/div>\n<\/div><\/div><\/div>\n<\/div>\n\n\n\n<div class=\"wp-block-dfnstbm-tab-content-wrapper tab-contant-box-wrapper undefined\" data-stb-interaction-identifier=\"tab-content-wrapper\">\n<div class=\"wp-block-dfnstbm-tab-content-box tab-contant-box undefined\" data-stb-interaction-identifier=\"tab-content-box\">\n<div class=\"wp-block-dfnstbm-content-wrapper \n  content-wrapper border-box col-12 transparent max-width-4 ml-auto mr-auto color-black\" style=\"min-height:auto;max-height:none;border-radius:8px;grid-gap:\"><picture class=\"wp-block-dfnstbm-media contain block max-height-vh50 gridbox col-12 dfn-stbm-lazy\" style=\"max-height:none;min-height:auto;z-index:0\" loading=\"lazy\" data-stb-real-src=\"https:\/\/static.redseafish.com\/wp-content\/uploads\/2024\/06\/26053011\/MtBatch.Batches.on_.backets.png\">\n  <img class=\"hi-res-img gridbox-element col-12 block contain relative\" style=\"max-height:none;min-height:auto;z-index:1;opacity:0\" alt=\"\" \/><img decoding=\"async\" class=\"low-res-img gridbox-element col-12 block contain relative\" style=\"max-height:none;min-height:auto;z-index:0;filter:blur(32px)\" src=\"https:\/\/image-server.redseafish.com\/128x\/https:\/\/static.redseafish.com\/wp-content\/uploads\/2024\/06\/26053011\/MtBatch.Batches.on_.backets.png\" alt=\"\" \/>\n<\/picture><\/div>\n<\/div>\n\n\n\n<div class=\"wp-block-dfnstbm-tab-content-box tab-contant-box undefined\" data-stb-interaction-identifier=\"tab-content-box\">\n<div class=\"wp-block-dfnstbm-content-wrapper \n  content-wrapper border-box col-12 transparent max-width-4 ml-auto mr-auto color-black\" style=\"min-height:auto;max-height:none;border-radius:8px;grid-gap:\"><picture class=\"wp-block-dfnstbm-media contain block max-height-vh50 gridbox col-12 dfn-stbm-lazy\" style=\"max-height:none;min-height:auto;z-index:0\" loading=\"lazy\" data-stb-real-src=\"https:\/\/static.redseafish.com\/wp-content\/uploads\/2024\/06\/26053019\/MtBatch.Batches.on_.bags_.png\">\n  <img class=\"hi-res-img gridbox-element col-12 block contain relative\" style=\"max-height:none;min-height:auto;z-index:1;opacity:0\" alt=\"\" \/><img decoding=\"async\" class=\"low-res-img gridbox-element col-12 block contain relative\" style=\"max-height:none;min-height:auto;z-index:0;filter:blur(32px)\" src=\"https:\/\/image-server.redseafish.com\/128x\/https:\/\/static.redseafish.com\/wp-content\/uploads\/2024\/06\/26053019\/MtBatch.Batches.on_.bags_.png\" alt=\"\" \/>\n<\/picture><\/div>\n<\/div>\n\n\n\n<div class=\"wp-block-dfnstbm-tab-content-box tab-contant-box undefined\" data-stb-interaction-identifier=\"tab-content-box\">\n<div class=\"wp-block-dfnstbm-content-wrapper \n  content-wrapper border-box col-12 transparent max-width-4 ml-auto mr-auto color-black\" style=\"min-height:auto;max-height:none;border-radius:8px;grid-gap:\"><picture class=\"wp-block-dfnstbm-media contain block max-height-vh50 gridbox col-12 dfn-stbm-lazy\" style=\"max-height:none;min-height:auto;z-index:0\" loading=\"lazy\" data-stb-real-src=\"https:\/\/static.redseafish.com\/wp-content\/uploads\/2024\/06\/26053032\/MtBatch.Batches.on_.boxes_.png\">\n  <img class=\"hi-res-img gridbox-element col-12 block contain relative\" style=\"max-height:none;min-height:auto;z-index:1;opacity:0\" alt=\"\" \/><img decoding=\"async\" class=\"low-res-img gridbox-element col-12 block contain relative\" style=\"max-height:none;min-height:auto;z-index:0;filter:blur(32px)\" src=\"https:\/\/image-server.redseafish.com\/128x\/https:\/\/static.redseafish.com\/wp-content\/uploads\/2024\/06\/26053032\/MtBatch.Batches.on_.boxes_.png\" alt=\"\" \/>\n<\/picture><\/div>\n<\/div>\n<\/div>\n<\/div>\n<\/div>\n<\/div>\n<\/div>\n<\/div><\/div>\n","protected":false},"excerpt":{"rendered":"","protected":false},"author":7,"featured_media":43185,"parent":0,"menu_order":0,"comment_status":"closed","ping_status":"closed","template":"","meta":{"inline_featured_image":false,"footnotes":""},"class_list":["post-43322","page","type-page","status-publish","has-post-thumbnail","hentry"],"yoast_head":"<!-- This site is optimized with the Yoast SEO Premium plugin v27.0 (Yoast SEO v27.0) - https:\/\/yoast.com\/product\/yoast-seo-premium-wordpress\/ -->\n<title>MyBatch : Acc\u00e8s instantan\u00e9 \u00e0 l\u2019analyse laboratoire de votre seau de sel.<\/title>\n<meta name=\"description\" content=\"Un service unique qui permet aux utilisateurs de sels Red Sea d&#039;acc\u00e9der facilement \u00e0 l&#039;analyse chimique du lot de sel dont est issu le sel qu\u2019il viennent d\u2019acheter.\" \/>\n<meta name=\"robots\" content=\"index, follow, max-snippet:-1, max-image-preview:large, max-video-preview:-1\" \/>\n<link rel=\"canonical\" href=\"https:\/\/redseafish.com\/fr\/mybatch\/\" \/>\n<meta property=\"og:locale\" content=\"fr_FR\" \/>\n<meta property=\"og:type\" content=\"article\" \/>\n<meta property=\"og:title\" content=\"MyBatch : Acc\u00e8s instantan\u00e9 \u00e0 l\u2019analyse laboratoire de votre seau de sel.\" \/>\n<meta property=\"og:description\" content=\"Un service unique qui permet aux utilisateurs de sels Red Sea d&#039;acc\u00e9der facilement \u00e0 l&#039;analyse chimique du lot de sel dont est issu le sel qu\u2019il viennent d\u2019acheter.\" \/>\n<meta property=\"og:url\" content=\"https:\/\/redseafish.com\/fr\/mybatch\/\" \/>\n<meta property=\"og:site_name\" content=\"Red Sea Fish\" \/>\n<meta property=\"article:modified_time\" content=\"2025-12-16T11:32:33+00:00\" \/>\n<meta property=\"og:image\" content=\"https:\/\/static.redseafish.com\/wp-content\/uploads\/2024\/06\/25023230\/Share-image.MyBatch.png\" \/>\n\t<meta property=\"og:image:width\" content=\"1200\" \/>\n\t<meta property=\"og:image:height\" content=\"630\" \/>\n\t<meta property=\"og:image:type\" content=\"image\/png\" \/>\n<meta name=\"twitter:card\" content=\"summary_large_image\" \/>\n<meta name=\"twitter:label1\" content=\"Dur\u00e9e de lecture estim\u00e9e\" \/>\n\t<meta name=\"twitter:data1\" content=\"4 minutes\" \/>\n<script type=\"application\/ld+json\" class=\"yoast-schema-graph\">{\"@context\":\"https:\/\/schema.org\",\"@graph\":[{\"@type\":\"WebPage\",\"@id\":\"https:\/\/redseafish.com\/fr\/mybatch\/\",\"url\":\"https:\/\/redseafish.com\/fr\/mybatch\/\",\"name\":\"MyBatch : Acc\u00e8s instantan\u00e9 \u00e0 l\u2019analyse laboratoire de votre seau de sel.\",\"isPartOf\":{\"@id\":\"https:\/\/redseafish.com\/#website\"},\"primaryImageOfPage\":{\"@id\":\"https:\/\/redseafish.com\/fr\/mybatch\/#primaryimage\"},\"image\":{\"@id\":\"https:\/\/redseafish.com\/fr\/mybatch\/#primaryimage\"},\"thumbnailUrl\":\"https:\/\/static.redseafish.com\/wp-content\/uploads\/2024\/06\/25023230\/Share-image.MyBatch.png\",\"datePublished\":\"2024-06-24T23:29:25+00:00\",\"dateModified\":\"2025-12-16T11:32:33+00:00\",\"description\":\"Un service unique qui permet aux utilisateurs de sels Red Sea d'acc\u00e9der facilement \u00e0 l'analyse chimique du lot de sel dont est issu le sel qu\u2019il viennent d\u2019acheter.\",\"breadcrumb\":{\"@id\":\"https:\/\/redseafish.com\/fr\/mybatch\/#breadcrumb\"},\"inLanguage\":\"fr-FR\",\"potentialAction\":[{\"@type\":\"ReadAction\",\"target\":[\"https:\/\/redseafish.com\/fr\/mybatch\/\"]}]},{\"@type\":\"ImageObject\",\"inLanguage\":\"fr-FR\",\"@id\":\"https:\/\/redseafish.com\/fr\/mybatch\/#primaryimage\",\"url\":\"https:\/\/static.redseafish.com\/wp-content\/uploads\/2024\/06\/25023230\/Share-image.MyBatch.png\",\"contentUrl\":\"https:\/\/static.redseafish.com\/wp-content\/uploads\/2024\/06\/25023230\/Share-image.MyBatch.png\",\"width\":1200,\"height\":630},{\"@type\":\"BreadcrumbList\",\"@id\":\"https:\/\/redseafish.com\/fr\/mybatch\/#breadcrumb\",\"itemListElement\":[{\"@type\":\"ListItem\",\"position\":1,\"name\":\"Home\",\"item\":\"https:\/\/redseafish.com\/fr\/\"},{\"@type\":\"ListItem\",\"position\":2,\"name\":\"MyBatch\"}]},{\"@type\":\"WebSite\",\"@id\":\"https:\/\/redseafish.com\/#website\",\"url\":\"https:\/\/redseafish.com\/\",\"name\":\"Red Sea Fish\",\"description\":\"Home of the best salt water aquarium experience\",\"potentialAction\":[{\"@type\":\"SearchAction\",\"target\":{\"@type\":\"EntryPoint\",\"urlTemplate\":\"https:\/\/redseafish.com\/?s={search_term_string}\"},\"query-input\":{\"@type\":\"PropertyValueSpecification\",\"valueRequired\":true,\"valueName\":\"search_term_string\"}}],\"inLanguage\":\"fr-FR\"}]}<\/script>\n<!-- \/ Yoast SEO Premium plugin. -->","yoast_head_json":{"title":"MyBatch : Acc\u00e8s instantan\u00e9 \u00e0 l\u2019analyse laboratoire de votre seau de sel.","description":"Un service unique qui permet aux utilisateurs de sels Red Sea d'acc\u00e9der facilement \u00e0 l'analyse chimique du lot de sel dont est issu le sel qu\u2019il viennent d\u2019acheter.","robots":{"index":"index","follow":"follow","max-snippet":"max-snippet:-1","max-image-preview":"max-image-preview:large","max-video-preview":"max-video-preview:-1"},"canonical":"https:\/\/redseafish.com\/fr\/mybatch\/","og_locale":"fr_FR","og_type":"article","og_title":"MyBatch : Acc\u00e8s instantan\u00e9 \u00e0 l\u2019analyse laboratoire de votre seau de sel.","og_description":"Un service unique qui permet aux utilisateurs de sels Red Sea d'acc\u00e9der facilement \u00e0 l'analyse chimique du lot de sel dont est issu le sel qu\u2019il viennent d\u2019acheter.","og_url":"https:\/\/redseafish.com\/fr\/mybatch\/","og_site_name":"Red Sea Fish","article_modified_time":"2025-12-16T11:32:33+00:00","og_image":[{"width":1200,"height":630,"url":"https:\/\/static.redseafish.com\/wp-content\/uploads\/2024\/06\/25023230\/Share-image.MyBatch.png","type":"image\/png"}],"twitter_card":"summary_large_image","twitter_misc":{"Dur\u00e9e de lecture estim\u00e9e":"4 minutes"},"schema":{"@context":"https:\/\/schema.org","@graph":[{"@type":"WebPage","@id":"https:\/\/redseafish.com\/fr\/mybatch\/","url":"https:\/\/redseafish.com\/fr\/mybatch\/","name":"MyBatch : Acc\u00e8s instantan\u00e9 \u00e0 l\u2019analyse laboratoire de votre seau de sel.","isPartOf":{"@id":"https:\/\/redseafish.com\/#website"},"primaryImageOfPage":{"@id":"https:\/\/redseafish.com\/fr\/mybatch\/#primaryimage"},"image":{"@id":"https:\/\/redseafish.com\/fr\/mybatch\/#primaryimage"},"thumbnailUrl":"https:\/\/static.redseafish.com\/wp-content\/uploads\/2024\/06\/25023230\/Share-image.MyBatch.png","datePublished":"2024-06-24T23:29:25+00:00","dateModified":"2025-12-16T11:32:33+00:00","description":"Un service unique qui permet aux utilisateurs de sels Red Sea d'acc\u00e9der facilement \u00e0 l'analyse chimique du lot de sel dont est issu le sel qu\u2019il viennent d\u2019acheter.","breadcrumb":{"@id":"https:\/\/redseafish.com\/fr\/mybatch\/#breadcrumb"},"inLanguage":"fr-FR","potentialAction":[{"@type":"ReadAction","target":["https:\/\/redseafish.com\/fr\/mybatch\/"]}]},{"@type":"ImageObject","inLanguage":"fr-FR","@id":"https:\/\/redseafish.com\/fr\/mybatch\/#primaryimage","url":"https:\/\/static.redseafish.com\/wp-content\/uploads\/2024\/06\/25023230\/Share-image.MyBatch.png","contentUrl":"https:\/\/static.redseafish.com\/wp-content\/uploads\/2024\/06\/25023230\/Share-image.MyBatch.png","width":1200,"height":630},{"@type":"BreadcrumbList","@id":"https:\/\/redseafish.com\/fr\/mybatch\/#breadcrumb","itemListElement":[{"@type":"ListItem","position":1,"name":"Home","item":"https:\/\/redseafish.com\/fr\/"},{"@type":"ListItem","position":2,"name":"MyBatch"}]},{"@type":"WebSite","@id":"https:\/\/redseafish.com\/#website","url":"https:\/\/redseafish.com\/","name":"Red Sea Fish","description":"Home of the best salt water aquarium experience","potentialAction":[{"@type":"SearchAction","target":{"@type":"EntryPoint","urlTemplate":"https:\/\/redseafish.com\/?s={search_term_string}"},"query-input":{"@type":"PropertyValueSpecification","valueRequired":true,"valueName":"search_term_string"}}],"inLanguage":"fr-FR"}]}},"_links":{"self":[{"href":"https:\/\/redseafish.com\/fr\/wp-json\/wp\/v2\/pages\/43322","targetHints":{"allow":["GET"]}}],"collection":[{"href":"https:\/\/redseafish.com\/fr\/wp-json\/wp\/v2\/pages"}],"about":[{"href":"https:\/\/redseafish.com\/fr\/wp-json\/wp\/v2\/types\/page"}],"author":[{"embeddable":true,"href":"https:\/\/redseafish.com\/fr\/wp-json\/wp\/v2\/users\/7"}],"replies":[{"embeddable":true,"href":"https:\/\/redseafish.com\/fr\/wp-json\/wp\/v2\/comments?post=43322"}],"version-history":[{"count":10,"href":"https:\/\/redseafish.com\/fr\/wp-json\/wp\/v2\/pages\/43322\/revisions"}],"predecessor-version":[{"id":99638,"href":"https:\/\/redseafish.com\/fr\/wp-json\/wp\/v2\/pages\/43322\/revisions\/99638"}],"wp:featuredmedia":[{"embeddable":true,"href":"https:\/\/redseafish.com\/fr\/wp-json\/wp\/v2\/media\/43185"}],"wp:attachment":[{"href":"https:\/\/redseafish.com\/fr\/wp-json\/wp\/v2\/media?parent=43322"}],"curies":[{"name":"wp","href":"https:\/\/api.w.org\/{rel}","templated":true}]}}