{"id":22694,"date":"2023-07-12T10:31:20","date_gmt":"2023-07-12T07:31:20","guid":{"rendered":"https:\/\/redseafish.com\/?page_id=22694"},"modified":"2024-01-24T09:56:13","modified_gmt":"2024-01-24T09:56:13","slug":"reefer-g2-models-specs-webpage","status":"publish","type":"page","link":"https:\/\/redseafish.com\/fr\/aquariums-systems\/reefer-series\/reefer-g2-models-specs-webpage\/","title":{"rendered":"REEFER G2+ Models &#038; Specs webpage"},"content":{"rendered":"\n<div class=\"wp-block-rsfmenus-second-menu-bar rsf-second-navbar bg-color-15\"><div class=\"rsf-second-navbar-inner flex justify-center\">\n<a href=\"https:\/\/redseafish.com\/fr\/aquarium-systems\/reefer-g2\/\" class=\"wp-block-dfnstbm-link\">\n<p class=\"wp-block-dfnstbm-paragraph \n  h6 color-12 max-width-3 open-sans-regular center ml-auto mr-auto relative\">Vue d\u2019ensemble<\/p>\n<\/a>\n\n\n\n<a href=\"https:\/\/redseafish.com\/fr\/aquarium-systems\/reefer-series\/reefer-g2-models-specs-webpage-2\/#\/en\" class=\"wp-block-dfnstbm-link\" target=\"_blank\" rel=\"noopener noreferrer\">\n<p class=\"wp-block-dfnstbm-paragraph \n  h6 color-12 max-width-3 open-sans-regular center ml-auto mr-auto relative\"><strong>Mod\u00e8les et caract\u00e9ristiques<\/strong><\/p>\n<\/a>\n\n\n\n<a href=\"https:\/\/redseafish.com\/fr\/myreefer\/#\/fr\" class=\"wp-block-dfnstbm-link\" target=\"_blank\" rel=\"noopener noreferrer\">\n<p class=\"wp-block-dfnstbm-paragraph \n  h6 color-12 max-width-3 open-sans-regular center ml-auto mr-auto relative\">Assistant MyREEFER<\/p>\n<\/a>\n\n\n\n<a href=\"https:\/\/g1.redseafish.com\/fr\/support\/drawings\/categories\/reefer-g2plus\" class=\"wp-block-dfnstbm-link\" target=\"_blank\" rel=\"noopener noreferrer\">\n<p class=\"wp-block-dfnstbm-paragraph \n  h6 color-12 max-width-3 open-sans-regular center ml-auto mr-auto relative\">Plans<\/p>\n<\/a>\n\n\n\n<a href=\"https:\/\/g1.redseafish.com\/fr\/register\/\" class=\"wp-block-dfnstbm-link\" target=\"_blank\" rel=\"noopener noreferrer\">\n<p class=\"wp-block-dfnstbm-paragraph \n  h6 color-12 max-width-3 open-sans-regular center ml-auto mr-auto relative\">Contrats de garantie<\/p>\n<\/a>\n\n\n\n<a href=\"https:\/\/g1.redseafish.com\/fr\/support\/manuals\/categories\/reefer-g2plus\/\" class=\"wp-block-dfnstbm-link\" target=\"_blank\" rel=\"noopener noreferrer\">\n<p class=\"wp-block-dfnstbm-paragraph \n  h6 color-12 max-width-3 open-sans-regular center ml-auto mr-auto relative\">Notices d\u2019utilisation<\/p>\n<\/a>\n\n\n\n<a href=\"https:\/\/g1.redseafish.com\/fr\/support\/spare-parts\/categories\/reefer-g2plus\" class=\"wp-block-dfnstbm-link\" target=\"_blank\" rel=\"noopener noreferrer\">\n<p class=\"wp-block-dfnstbm-paragraph \n  h6 color-12 max-width-3 open-sans-regular center ml-auto mr-auto relative\">Assistant Pi\u00e8ces D\u00e9tach\u00e9es<\/p>\n<\/a>\n\n\n\n<a href=\"https:\/\/g1.redseafish.com\/fr\/register\/\" class=\"wp-block-dfnstbm-link\" target=\"_blank\" rel=\"noopener noreferrer\">\n<p class=\"wp-block-dfnstbm-paragraph \n  h6 color-12 max-width-3 open-sans-regular center ml-auto mr-auto relative\">Enregistrement de l\u2019aquarium<\/p>\n<\/a>\n<\/div><div class=\"rsf-navbar-mobile-continue-hint-container\"><div class=\"rsf-navbar-mobile-continue-hint-shadow\"><\/div><\/div><\/div>\n\n\n\n\t    <script defer=\"defer\" src=\"https:\/\/baby-compare.apps.redseafish.com\/js\/chunk-vendors.4810da3b.js\"><\/script>\n\t    <script defer=\"defer\" src=\"https:\/\/baby-compare.apps.redseafish.com\/js\/app.e830a5ac.js\"><\/script>\n      <link href=\"https:\/\/baby-compare.apps.redseafish.com\/css\/app.0f200ba1.css\" rel=\"stylesheet\">\n\t  \n\t    <noscript><strong>We are sorry but this app does not work properly without JavaScript enabled. Please enable it to continue.<\/strong><\/noscript>\n      <div id=\"app\" compareId=\"9\" siteLanguage=\"fr\" foo=\"bar\"><\/div>\n\t  ","protected":false},"excerpt":{"rendered":"","protected":false},"author":11,"featured_media":0,"parent":21924,"menu_order":0,"comment_status":"closed","ping_status":"closed","template":"","meta":{"inline_featured_image":false,"footnotes":""},"class_list":["post-22694","page","type-page","status-publish","hentry"],"yoast_head":"<!-- This site is optimized with the Yoast SEO Premium plugin v27.0 (Yoast SEO v27.0) - https:\/\/yoast.com\/product\/yoast-seo-premium-wordpress\/ -->\n<title>REEFER Red Sea Mod\u00e8les et caract\u00e9ristiques techniques<\/title>\n<meta name=\"description\" content=\"D\u00e9couvrez les mod\u00e8les et les caract\u00e9ristiques des REEFER Red Sea. D\u00e9couvrez les caract\u00e9ristiques d\u00e9taill\u00e9es, les \u00e9quipements intelligents inclus et le tarif du mod\u00e8le de votre choix.\" \/>\n<meta name=\"robots\" content=\"noindex, nofollow\" \/>\n<meta property=\"og:locale\" content=\"fr_FR\" \/>\n<meta property=\"og:type\" content=\"article\" \/>\n<meta property=\"og:title\" content=\"REEFER Red Sea Mod\u00e8les et caract\u00e9ristiques techniques\" \/>\n<meta property=\"og:description\" content=\"D\u00e9couvrez les mod\u00e8les et les caract\u00e9ristiques des REEFER Red Sea. D\u00e9couvrez les caract\u00e9ristiques d\u00e9taill\u00e9es, les \u00e9quipements intelligents inclus et le tarif du mod\u00e8le de votre choix.\" \/>\n<meta property=\"og:url\" content=\"https:\/\/redseafish.com\/fr\/aquariums-systems\/reefer-series\/reefer-g2-models-specs-webpage\/\" \/>\n<meta property=\"og:site_name\" content=\"Red Sea Fish\" \/>\n<meta property=\"article:modified_time\" content=\"2024-01-24T09:56:13+00:00\" \/>\n<meta name=\"twitter:card\" content=\"summary_large_image\" \/>\n<meta name=\"twitter:label1\" content=\"Dur\u00e9e de lecture estim\u00e9e\" \/>\n\t<meta name=\"twitter:data1\" content=\"1 minute\" \/>\n<script type=\"application\/ld+json\" class=\"yoast-schema-graph\">{\"@context\":\"https:\/\/schema.org\",\"@graph\":[{\"@type\":\"WebPage\",\"@id\":\"https:\/\/redseafish.com\/fr\/aquariums-systems\/reefer-series\/reefer-g2-models-specs-webpage\/\",\"url\":\"https:\/\/redseafish.com\/fr\/aquariums-systems\/reefer-series\/reefer-g2-models-specs-webpage\/\",\"name\":\"REEFER Red Sea Mod\u00e8les et caract\u00e9ristiques techniques\",\"isPartOf\":{\"@id\":\"https:\/\/redseafish.com\/#website\"},\"datePublished\":\"2023-07-12T07:31:20+00:00\",\"dateModified\":\"2024-01-24T09:56:13+00:00\",\"description\":\"D\u00e9couvrez les mod\u00e8les et les caract\u00e9ristiques des REEFER Red Sea. D\u00e9couvrez les caract\u00e9ristiques d\u00e9taill\u00e9es, les \u00e9quipements intelligents inclus et le tarif du mod\u00e8le de votre choix.\",\"breadcrumb\":{\"@id\":\"https:\/\/redseafish.com\/fr\/aquariums-systems\/reefer-series\/reefer-g2-models-specs-webpage\/#breadcrumb\"},\"inLanguage\":\"fr-FR\",\"potentialAction\":[{\"@type\":\"ReadAction\",\"target\":[\"https:\/\/redseafish.com\/fr\/aquariums-systems\/reefer-series\/reefer-g2-models-specs-webpage\/\"]}]},{\"@type\":\"BreadcrumbList\",\"@id\":\"https:\/\/redseafish.com\/fr\/aquariums-systems\/reefer-series\/reefer-g2-models-specs-webpage\/#breadcrumb\",\"itemListElement\":[{\"@type\":\"ListItem\",\"position\":1,\"name\":\"Home\",\"item\":\"https:\/\/redseafish.com\/fr\/\"},{\"@type\":\"ListItem\",\"position\":2,\"name\":\"Aquariums Systems\",\"item\":\"https:\/\/redseafish.com\/fr\/aquariums-systems\/\"},{\"@type\":\"ListItem\",\"position\":3,\"name\":\"REEFER G2+ Series\",\"item\":\"https:\/\/redseafish.com\/fr\/?page_id=21924\"},{\"@type\":\"ListItem\",\"position\":4,\"name\":\"REEFER G2+ Models &#038; Specs webpage\"}]},{\"@type\":\"WebSite\",\"@id\":\"https:\/\/redseafish.com\/#website\",\"url\":\"https:\/\/redseafish.com\/\",\"name\":\"Red Sea Fish\",\"description\":\"Home of the best salt water aquarium experience\",\"potentialAction\":[{\"@type\":\"SearchAction\",\"target\":{\"@type\":\"EntryPoint\",\"urlTemplate\":\"https:\/\/redseafish.com\/?s={search_term_string}\"},\"query-input\":{\"@type\":\"PropertyValueSpecification\",\"valueRequired\":true,\"valueName\":\"search_term_string\"}}],\"inLanguage\":\"fr-FR\"}]}<\/script>\n<!-- \/ Yoast SEO Premium plugin. -->","yoast_head_json":{"title":"REEFER Red Sea Mod\u00e8les et caract\u00e9ristiques techniques","description":"D\u00e9couvrez les mod\u00e8les et les caract\u00e9ristiques des REEFER Red Sea. D\u00e9couvrez les caract\u00e9ristiques d\u00e9taill\u00e9es, les \u00e9quipements intelligents inclus et le tarif du mod\u00e8le de votre choix.","robots":{"index":"noindex","follow":"nofollow"},"og_locale":"fr_FR","og_type":"article","og_title":"REEFER Red Sea Mod\u00e8les et caract\u00e9ristiques techniques","og_description":"D\u00e9couvrez les mod\u00e8les et les caract\u00e9ristiques des REEFER Red Sea. D\u00e9couvrez les caract\u00e9ristiques d\u00e9taill\u00e9es, les \u00e9quipements intelligents inclus et le tarif du mod\u00e8le de votre choix.","og_url":"https:\/\/redseafish.com\/fr\/aquariums-systems\/reefer-series\/reefer-g2-models-specs-webpage\/","og_site_name":"Red Sea Fish","article_modified_time":"2024-01-24T09:56:13+00:00","twitter_card":"summary_large_image","twitter_misc":{"Dur\u00e9e de lecture estim\u00e9e":"1 minute"},"schema":{"@context":"https:\/\/schema.org","@graph":[{"@type":"WebPage","@id":"https:\/\/redseafish.com\/fr\/aquariums-systems\/reefer-series\/reefer-g2-models-specs-webpage\/","url":"https:\/\/redseafish.com\/fr\/aquariums-systems\/reefer-series\/reefer-g2-models-specs-webpage\/","name":"REEFER Red Sea Mod\u00e8les et caract\u00e9ristiques techniques","isPartOf":{"@id":"https:\/\/redseafish.com\/#website"},"datePublished":"2023-07-12T07:31:20+00:00","dateModified":"2024-01-24T09:56:13+00:00","description":"D\u00e9couvrez les mod\u00e8les et les caract\u00e9ristiques des REEFER Red Sea. D\u00e9couvrez les caract\u00e9ristiques d\u00e9taill\u00e9es, les \u00e9quipements intelligents inclus et le tarif du mod\u00e8le de votre choix.","breadcrumb":{"@id":"https:\/\/redseafish.com\/fr\/aquariums-systems\/reefer-series\/reefer-g2-models-specs-webpage\/#breadcrumb"},"inLanguage":"fr-FR","potentialAction":[{"@type":"ReadAction","target":["https:\/\/redseafish.com\/fr\/aquariums-systems\/reefer-series\/reefer-g2-models-specs-webpage\/"]}]},{"@type":"BreadcrumbList","@id":"https:\/\/redseafish.com\/fr\/aquariums-systems\/reefer-series\/reefer-g2-models-specs-webpage\/#breadcrumb","itemListElement":[{"@type":"ListItem","position":1,"name":"Home","item":"https:\/\/redseafish.com\/fr\/"},{"@type":"ListItem","position":2,"name":"Aquariums Systems","item":"https:\/\/redseafish.com\/fr\/aquariums-systems\/"},{"@type":"ListItem","position":3,"name":"REEFER G2+ Series","item":"https:\/\/redseafish.com\/fr\/?page_id=21924"},{"@type":"ListItem","position":4,"name":"REEFER G2+ Models &#038; Specs webpage"}]},{"@type":"WebSite","@id":"https:\/\/redseafish.com\/#website","url":"https:\/\/redseafish.com\/","name":"Red Sea Fish","description":"Home of the best salt water aquarium experience","potentialAction":[{"@type":"SearchAction","target":{"@type":"EntryPoint","urlTemplate":"https:\/\/redseafish.com\/?s={search_term_string}"},"query-input":{"@type":"PropertyValueSpecification","valueRequired":true,"valueName":"search_term_string"}}],"inLanguage":"fr-FR"}]}},"_links":{"self":[{"href":"https:\/\/redseafish.com\/fr\/wp-json\/wp\/v2\/pages\/22694","targetHints":{"allow":["GET"]}}],"collection":[{"href":"https:\/\/redseafish.com\/fr\/wp-json\/wp\/v2\/pages"}],"about":[{"href":"https:\/\/redseafish.com\/fr\/wp-json\/wp\/v2\/types\/page"}],"author":[{"embeddable":true,"href":"https:\/\/redseafish.com\/fr\/wp-json\/wp\/v2\/users\/11"}],"replies":[{"embeddable":true,"href":"https:\/\/redseafish.com\/fr\/wp-json\/wp\/v2\/comments?post=22694"}],"version-history":[{"count":4,"href":"https:\/\/redseafish.com\/fr\/wp-json\/wp\/v2\/pages\/22694\/revisions"}],"predecessor-version":[{"id":34256,"href":"https:\/\/redseafish.com\/fr\/wp-json\/wp\/v2\/pages\/22694\/revisions\/34256"}],"up":[{"embeddable":true,"href":"https:\/\/redseafish.com\/fr\/wp-json\/wp\/v2\/pages\/21924"}],"wp:attachment":[{"href":"https:\/\/redseafish.com\/fr\/wp-json\/wp\/v2\/media?parent=22694"}],"curies":[{"name":"wp","href":"https:\/\/api.w.org\/{rel}","templated":true}]}}