{"id":22639,"date":"2023-07-10T07:24:47","date_gmt":"2023-07-10T07:24:47","guid":{"rendered":"https:\/\/redseafish.com\/?page_id=22639"},"modified":"2023-07-10T07:18:21","modified_gmt":"2023-07-10T07:18:21","slug":"max-nano-models-specs","status":"publish","type":"page","link":"https:\/\/redseafish.com\/fr\/aquariums-systems\/max-nano-models-specs\/","title":{"rendered":"MAX NANO Models &#038; Specs"},"content":{"rendered":"\n<div class=\"wp-block-rsfmenus-second-menu-bar rsf-second-navbar bg-color-15\"><div class=\"rsf-second-navbar-inner flex justify-center\">\n<a href=\"https:\/\/g1.redseafish.com\/fr\/aquarium-systems\/max-nano\/\" class=\"wp-block-dfnstbm-link\">\n<p class=\"wp-block-dfnstbm-paragraph \n  h6 color-12 max-width-3 open-sans-regular center ml-auto mr-auto relative\">Vue d\u2019ensemble<\/p>\n<\/a>\n\n\n\n<a href=\"https:\/\/redseafish.com\/fr\/aquarium-systems\/max-nano-models-specs\" class=\"wp-block-dfnstbm-link\">\n<p class=\"wp-block-dfnstbm-paragraph \n  h6 color-white max-width-3 open-sans-bold center ml-auto mr-auto relative\">Mod\u00e8les et caract\u00e9ristiques<\/p>\n<\/a>\n\n\n\n<a href=\"https:\/\/g1.redseafish.com\/fr\/super-store-finder\/\" class=\"wp-block-dfnstbm-link\">\n<p class=\"wp-block-dfnstbm-paragraph \n  h6 color-12 max-width-3 open-sans-regular center ml-auto mr-auto relative\">Carte des Revendeurs<\/p>\n<\/a>\n\n\n\n<a href=\"https:\/\/g1.redseafish.com\/fr\/support\/manuals\/categories\/max-nano\/\" class=\"wp-block-dfnstbm-link\">\n<p class=\"wp-block-dfnstbm-paragraph \n  h6 color-12 max-width-3 open-sans-regular center ml-auto mr-auto relative\">Notices d\u2019utilisation<\/p>\n<\/a>\n\n\n\n<a href=\"https:\/\/g1.redseafish.com\/fr\/support\/spare-parts\/categories\/max-nano\/\" class=\"wp-block-dfnstbm-link\">\n<p class=\"wp-block-dfnstbm-paragraph \n  h6 color-12 max-width-3 open-sans-regular center ml-auto mr-auto relative\">Assistant Pi\u00e8ces D\u00e9tach\u00e9es<\/p>\n<\/a>\n\n\n\n<a href=\"https:\/\/g1.redseafish.com\/fr\/register\/\" class=\"wp-block-dfnstbm-link\">\n<p class=\"wp-block-dfnstbm-paragraph \n  h6 color-12 max-width-3 open-sans-regular center ml-auto mr-auto relative\">Enregistrement de l\u2019aquarium<\/p>\n<\/a>\n<\/div><div class=\"rsf-navbar-mobile-continue-hint-container\"><div class=\"rsf-navbar-mobile-continue-hint-shadow\"><\/div><\/div><\/div>\n\n\n\n\t    <script defer=\"defer\" src=\"https:\/\/baby-compare.apps.redseafish.com\/js\/chunk-vendors.4810da3b.js\"><\/script>\n\t    <script defer=\"defer\" src=\"https:\/\/baby-compare.apps.redseafish.com\/js\/app.e830a5ac.js\"><\/script>\n      <link href=\"https:\/\/baby-compare.apps.redseafish.com\/css\/app.0f200ba1.css\" rel=\"stylesheet\">\n\t  \n\t    <noscript><strong>We are sorry but this app does not work properly without JavaScript enabled. Please enable it to continue.<\/strong><\/noscript>\n      <div id=\"app\" compareId=\"13\" siteLanguage=\"fr\" foo=\"bar\"><\/div>\n\t  ","protected":false},"excerpt":{"rendered":"","protected":false},"author":11,"featured_media":0,"parent":10210,"menu_order":0,"comment_status":"closed","ping_status":"closed","template":"","meta":{"inline_featured_image":false,"footnotes":""},"class_list":["post-22639","page","type-page","status-publish","hentry"],"yoast_head":"<!-- This site is optimized with the Yoast SEO Premium plugin v27.0 (Yoast SEO v27.0) - https:\/\/yoast.com\/product\/yoast-seo-premium-wordpress\/ -->\n<title>MAX NANO Red Sea Mod\u00e8les et caract\u00e9ristiques techniques<\/title>\n<meta name=\"description\" content=\"D\u00e9couvrez les mod\u00e8les et les caract\u00e9ristiques des MAX NANO Red Sea. D\u00e9couvrez les caract\u00e9ristiques d\u00e9taill\u00e9es, les \u00e9quipements intelligents inclus et le tarif du mod\u00e8le de votre choix.\" \/>\n<meta name=\"robots\" content=\"index, follow, max-snippet:-1, max-image-preview:large, max-video-preview:-1\" \/>\n<link rel=\"canonical\" href=\"https:\/\/redseafish.com\/fr\/aquariums-systems\/max-nano-models-specs\/\" \/>\n<meta property=\"og:locale\" content=\"fr_FR\" \/>\n<meta property=\"og:type\" content=\"article\" \/>\n<meta property=\"og:title\" content=\"MAX NANO Red Sea Mod\u00e8les et caract\u00e9ristiques techniques\" \/>\n<meta property=\"og:description\" content=\"D\u00e9couvrez les mod\u00e8les et les caract\u00e9ristiques des MAX NANO Red Sea. D\u00e9couvrez les caract\u00e9ristiques d\u00e9taill\u00e9es, les \u00e9quipements intelligents inclus et le tarif du mod\u00e8le de votre choix.\" \/>\n<meta property=\"og:url\" content=\"https:\/\/redseafish.com\/fr\/aquariums-systems\/max-nano-models-specs\/\" \/>\n<meta property=\"og:site_name\" content=\"Red Sea Fish\" \/>\n<meta property=\"og:image\" content=\"https:\/\/static.redseafish.com\/wp-content\/uploads\/2023\/07\/10065450\/MAX-NANOs.-Specs.-Main-banner.png\" \/>\n\t<meta property=\"og:image:width\" content=\"989\" \/>\n\t<meta property=\"og:image:height\" content=\"422\" \/>\n\t<meta property=\"og:image:type\" content=\"image\/png\" \/>\n<meta name=\"twitter:card\" content=\"summary_large_image\" \/>\n<script type=\"application\/ld+json\" class=\"yoast-schema-graph\">{\"@context\":\"https:\/\/schema.org\",\"@graph\":[{\"@type\":\"WebPage\",\"@id\":\"https:\/\/redseafish.com\/fr\/aquariums-systems\/max-nano-models-specs\/\",\"url\":\"https:\/\/redseafish.com\/fr\/aquariums-systems\/max-nano-models-specs\/\",\"name\":\"MAX NANO Red Sea Mod\u00e8les et caract\u00e9ristiques techniques\",\"isPartOf\":{\"@id\":\"https:\/\/redseafish.com\/#website\"},\"datePublished\":\"2023-07-10T07:24:47+00:00\",\"description\":\"D\u00e9couvrez les mod\u00e8les et les caract\u00e9ristiques des MAX NANO Red Sea. D\u00e9couvrez les caract\u00e9ristiques d\u00e9taill\u00e9es, les \u00e9quipements intelligents inclus et le tarif du mod\u00e8le de votre choix.\",\"breadcrumb\":{\"@id\":\"https:\/\/redseafish.com\/fr\/aquariums-systems\/max-nano-models-specs\/#breadcrumb\"},\"inLanguage\":\"fr-FR\",\"potentialAction\":[{\"@type\":\"ReadAction\",\"target\":[\"https:\/\/redseafish.com\/fr\/aquariums-systems\/max-nano-models-specs\/\"]}]},{\"@type\":\"BreadcrumbList\",\"@id\":\"https:\/\/redseafish.com\/fr\/aquariums-systems\/max-nano-models-specs\/#breadcrumb\",\"itemListElement\":[{\"@type\":\"ListItem\",\"position\":1,\"name\":\"Home\",\"item\":\"https:\/\/redseafish.com\/fr\/\"},{\"@type\":\"ListItem\",\"position\":2,\"name\":\"Aquariums Systems\",\"item\":\"https:\/\/redseafish.com\/fr\/aquariums-systems\/\"},{\"@type\":\"ListItem\",\"position\":3,\"name\":\"MAX NANO Models &#038; Specs\"}]},{\"@type\":\"WebSite\",\"@id\":\"https:\/\/redseafish.com\/#website\",\"url\":\"https:\/\/redseafish.com\/\",\"name\":\"Red Sea Fish\",\"description\":\"Home of the best salt water aquarium experience\",\"potentialAction\":[{\"@type\":\"SearchAction\",\"target\":{\"@type\":\"EntryPoint\",\"urlTemplate\":\"https:\/\/redseafish.com\/?s={search_term_string}\"},\"query-input\":{\"@type\":\"PropertyValueSpecification\",\"valueRequired\":true,\"valueName\":\"search_term_string\"}}],\"inLanguage\":\"fr-FR\"}]}<\/script>\n<!-- \/ Yoast SEO Premium plugin. -->","yoast_head_json":{"title":"MAX NANO Red Sea Mod\u00e8les et caract\u00e9ristiques techniques","description":"D\u00e9couvrez les mod\u00e8les et les caract\u00e9ristiques des MAX NANO Red Sea. D\u00e9couvrez les caract\u00e9ristiques d\u00e9taill\u00e9es, les \u00e9quipements intelligents inclus et le tarif du mod\u00e8le de votre choix.","robots":{"index":"index","follow":"follow","max-snippet":"max-snippet:-1","max-image-preview":"max-image-preview:large","max-video-preview":"max-video-preview:-1"},"canonical":"https:\/\/redseafish.com\/fr\/aquariums-systems\/max-nano-models-specs\/","og_locale":"fr_FR","og_type":"article","og_title":"MAX NANO Red Sea Mod\u00e8les et caract\u00e9ristiques techniques","og_description":"D\u00e9couvrez les mod\u00e8les et les caract\u00e9ristiques des MAX NANO Red Sea. D\u00e9couvrez les caract\u00e9ristiques d\u00e9taill\u00e9es, les \u00e9quipements intelligents inclus et le tarif du mod\u00e8le de votre choix.","og_url":"https:\/\/redseafish.com\/fr\/aquariums-systems\/max-nano-models-specs\/","og_site_name":"Red Sea Fish","og_image":[{"width":989,"height":422,"url":"https:\/\/static.redseafish.com\/wp-content\/uploads\/2023\/07\/10065450\/MAX-NANOs.-Specs.-Main-banner.png","type":"image\/png"}],"twitter_card":"summary_large_image","schema":{"@context":"https:\/\/schema.org","@graph":[{"@type":"WebPage","@id":"https:\/\/redseafish.com\/fr\/aquariums-systems\/max-nano-models-specs\/","url":"https:\/\/redseafish.com\/fr\/aquariums-systems\/max-nano-models-specs\/","name":"MAX NANO Red Sea Mod\u00e8les et caract\u00e9ristiques techniques","isPartOf":{"@id":"https:\/\/redseafish.com\/#website"},"datePublished":"2023-07-10T07:24:47+00:00","description":"D\u00e9couvrez les mod\u00e8les et les caract\u00e9ristiques des MAX NANO Red Sea. D\u00e9couvrez les caract\u00e9ristiques d\u00e9taill\u00e9es, les \u00e9quipements intelligents inclus et le tarif du mod\u00e8le de votre choix.","breadcrumb":{"@id":"https:\/\/redseafish.com\/fr\/aquariums-systems\/max-nano-models-specs\/#breadcrumb"},"inLanguage":"fr-FR","potentialAction":[{"@type":"ReadAction","target":["https:\/\/redseafish.com\/fr\/aquariums-systems\/max-nano-models-specs\/"]}]},{"@type":"BreadcrumbList","@id":"https:\/\/redseafish.com\/fr\/aquariums-systems\/max-nano-models-specs\/#breadcrumb","itemListElement":[{"@type":"ListItem","position":1,"name":"Home","item":"https:\/\/redseafish.com\/fr\/"},{"@type":"ListItem","position":2,"name":"Aquariums Systems","item":"https:\/\/redseafish.com\/fr\/aquariums-systems\/"},{"@type":"ListItem","position":3,"name":"MAX NANO Models &#038; Specs"}]},{"@type":"WebSite","@id":"https:\/\/redseafish.com\/#website","url":"https:\/\/redseafish.com\/","name":"Red Sea Fish","description":"Home of the best salt water aquarium experience","potentialAction":[{"@type":"SearchAction","target":{"@type":"EntryPoint","urlTemplate":"https:\/\/redseafish.com\/?s={search_term_string}"},"query-input":{"@type":"PropertyValueSpecification","valueRequired":true,"valueName":"search_term_string"}}],"inLanguage":"fr-FR"}]}},"_links":{"self":[{"href":"https:\/\/redseafish.com\/fr\/wp-json\/wp\/v2\/pages\/22639","targetHints":{"allow":["GET"]}}],"collection":[{"href":"https:\/\/redseafish.com\/fr\/wp-json\/wp\/v2\/pages"}],"about":[{"href":"https:\/\/redseafish.com\/fr\/wp-json\/wp\/v2\/types\/page"}],"author":[{"embeddable":true,"href":"https:\/\/redseafish.com\/fr\/wp-json\/wp\/v2\/users\/11"}],"replies":[{"embeddable":true,"href":"https:\/\/redseafish.com\/fr\/wp-json\/wp\/v2\/comments?post=22639"}],"version-history":[{"count":2,"href":"https:\/\/redseafish.com\/fr\/wp-json\/wp\/v2\/pages\/22639\/revisions"}],"predecessor-version":[{"id":22654,"href":"https:\/\/redseafish.com\/fr\/wp-json\/wp\/v2\/pages\/22639\/revisions\/22654"}],"up":[{"embeddable":true,"href":"https:\/\/redseafish.com\/fr\/wp-json\/wp\/v2\/pages\/10210"}],"wp:attachment":[{"href":"https:\/\/redseafish.com\/fr\/wp-json\/wp\/v2\/media?parent=22639"}],"curies":[{"name":"wp","href":"https:\/\/api.w.org\/{rel}","templated":true}]}}