{"id":17389,"date":"2023-03-23T12:53:57","date_gmt":"2023-03-23T10:53:57","guid":{"rendered":"https:\/\/redseafish.com\/?page_id=17389"},"modified":"2025-05-19T15:13:31","modified_gmt":"2025-05-19T12:13:31","slug":"privacy-policy","status":"publish","type":"page","link":"https:\/\/redseafish.com\/fr\/privacy-policy\/","title":{"rendered":"POLITIQUE DE CONFIDENTIALITE"},"content":{"rendered":"\n<div class=\"wp-block-dfnstbm-story story\"><div class=\"story_loader\"><div class=\"lds-roller mx-auto\"><div><\/div><div><\/div><div><\/div><div><\/div><div><\/div><div><\/div><div><\/div><div><\/div><\/div><h2 class=\"center h3 color-white\">Loading<\/h2><\/div><div class=\"story_content\"><button class=\"storyboard-trigger-button\" style=\"position:fixed;top:1rem;right:1rem;z-index:9999999999;padding:.25rem\">Debug-Button<\/button>\n<div class=\"wp-block-dfnstbm-story-frame story_frame gridbox undefined bg-color-11\" style=\"height:auto\" data-stb-active-viewport-size=\"all\" data-stb-track-scroll-progress-when-entering=\"false\">\n<div style=\"z-index:1;height:auto\" class=\"wp-block-dfnstbm-story-element story_element gridbox-element story_atom bg-color-transparent flex flex-column justify-center\">\n<div class=\"wp-block-dfnstbm-content-wrapper \n  mx-auto mx-auto\n content-wrapper border-box col-12 transparent max-width-3 ml-auto mr-auto pl2 pr2 sm-pt4 sm-pb4 lg-pt4 lg-pb4 color-black\" style=\"min-height:auto;max-height:none;border-radius:0px;grid-gap:\">\n<h2 class=\"wp-block-dfnstbm-heading \n  sans bold sans\n h1 color-black max-width-3 helvetica-bold left-align mt3 mb1 ml-auto mr-auto relative\">POLITIQUE DE CONFIDENTIALITE<br><\/h2>\n\n\n\n<p class=\"wp-block-dfnstbm-paragraph \n  h5 color-black max-width-3 open-sans-regular left-align ml-auto mr-auto relative\">Il est important pour Red Sea d\u2019aider les clients \u00e0 garder leur confidentialit\u00e9 quand ils utilisent notre site web et notre application. La confidentialit\u00e9 de vos donn\u00e9es personnelles et importante pour vous et nous c\u2019est pourquoi nous prot\u00e9gerons les informations que vous partagez avec nous. Pour prot\u00e9ger votre confidentialit\u00e9 Red Sea suit diff\u00e9rents principes en accord avec des pratiques internationales de sauvegarde de la confidentialit\u00e9 du client et de la protection des donn\u00e9es.<br>Nous ne vendrons ou donnerons pas vos informations personnelles, adresse postale, num\u00e9ro de t\u00e9l\u00e9phone, adresse email ou tout autre information \u00e0 qui que ce soit.<br>Nous utiliserons des mesures de s\u00e9curit\u00e9 de pointe pour prot\u00e9ger vos donn\u00e9es d\u2019utilisateurs non autoris\u00e9s.<br>\u00a0<br><strong>NOTE<br><\/strong>Nous vous\u00a0demanderons lorsque nous aurons besoin d\u2019informations qui vous identifient personnellement (informations personnelles) ou qui nous permettent de vous contacter. G\u00e9n\u00e9ralement ces informations sont requises lorsque vous cr\u00e9ez un identifiant sur le site web ou encore quand vous t\u00e9l\u00e9chargez des logiciels gratuits, participez \u00e0 un concours, validez des newsletters, ou rejoignez un site web premium \u00e0 acc\u00e8s limit\u00e9. Nous utilisons vos donn\u00e9es personnelles pour 4 buts principaux :<br>Am\u00e9liorer la facilit\u00e9 d\u2019utilisation du site web pour que vous n\u2019ayez pas besoin de saisir vos informations plus d\u2019une fois.<br>Vous aider \u00e0 trouver rapidement logiciels, services ou informations<br>Nous aider \u00e0 cr\u00e9er du contenu qui vous soit le plus utile possible.<br>Vous alerter des mises \u00e0 jour produits, offres sp\u00e9ciales, mises \u00e0 jour d\u2019informations et autres nouveaux services de Red Sea.<br>\u00a0<br><strong>CONSENTEMENT<\/strong><br>Si vous choisissez de ne pas vous enregistrer ou de ne pas fournir d\u2019informations personnelles, vous pouvez tout de m\u00eame utiliser certaines sections de notre site web et application mais vous ne serez pas en mesure d\u2019acc\u00e9der aux zones qui requi\u00e8rent votre enregistrement.<br>Si vous vous enregistrez vous pourrez s\u00e9lectionner le type d\u2019informations que vous souhaitez recevoir de notre part en souscrivant \u00e0 diff\u00e9rents services, comme nos newsletters \u00e9lectroniques. Si vous ne souhaitez pas que nous vous communiquions des offres au sujet des autres produits Red Sea, des programmes, \u00e9v\u00e9nements et autres services par email, envoi postal ou t\u00e9l\u00e9phone, vous pouvez s\u00e9lectionner l\u2019option mentionnant le fait que vous ne souhaitez pas recevoir de message marketing de Red Sea.<br><br><strong>ACCES<\/strong><br>Nous vous fournirons les moyens de vous assurer que vos donn\u00e9es personnelles sont correctes et \u00e0 jour. Vous pouvez r\u00e9viser et mettre \u00e0 jour ces informations \u00e0 tout moment dans votre compte. Dans cette section vous pouvez :<br>Visionner et \u00e9diter les informations personnelles que vous nous avez d\u00e9j\u00e0 communiqu\u00e9.<br>Nous dire si vous souhaitez que nous vous envoyions des informations marketing, ou si vous souhaitez que des soci\u00e9t\u00e9s tierces vous envoient des offres par courrier.<br>Valider l\u2019inscription \u00e0 notre newsletter \u00e9lectronique sur nos produits et services.<br>Vous enregistrer. Une fois enregistr\u00e9, vous n\u2019aurez plus besoin de le faire une nouvelle fois, o\u00f9 que vous alliez. Vos informations restent avec vous.<br><br><strong>SECURITE<\/strong><br>Red Sea a pris de fortes mesures pour prot\u00e9ger la s\u00e9curit\u00e9 de vos donn\u00e9es personnelles et pour s\u2019assurer du respect de vos choix d\u2019usage. Nous prenons de grosses pr\u00e9cautions pour prot\u00e9ger vos donn\u00e9es personnelles de la perte, d\u2019un mauvais usage, d\u2019un acc\u00e8s non autoris\u00e9, de leur divulgation ou de leur destruction.<br>Nous garantissons que nos transactions e-commerce sont 100% s\u00fbre et s\u00e9curis\u00e9es. Lorsque vous passez une commande ou acc\u00e9dez \u00e0 votre compte vous utilisez un logiciel de serveur \u00e0 cryptage SSL qui crypte vos donn\u00e9es personnelles avant qu\u2019elles soient envoy\u00e9es sur internet. La technologie SSL est une des plus s\u00fbres disponibles.<br>Red Sea prot\u00e8ge strictement la s\u00e9curit\u00e9 de vos donn\u00e9es personnelles et le respect de vos choix d\u2019usage. Nous prot\u00e9geons avec beaucoup de soin vos donn\u00e9es personnelles de la perte, d\u2019un mauvais usage, d\u2019un acc\u00e8s non autoris\u00e9, de leur divulgation ou de leur destruction.<br>Vos donn\u00e9es personnelles ne sont jamais distribu\u00e9es \u00e0 l\u2019ext\u00e9rieur de l\u2019entreprise sans votre permission, sauf conditions d\u00e9taill\u00e9es ci-dessus. Au sein de l\u2019entreprise vos donn\u00e9es personnelles sont h\u00e9berg\u00e9es sur des serveurs \u00e0 acc\u00e8s r\u00e9glement\u00e9 par mot de passe de courte dur\u00e9e. Vos donn\u00e9es personnelles peuvent \u00eatre h\u00e9berg\u00e9es et g\u00e9r\u00e9es dans tout pays o\u00f9 Red Sea, ses succursales, ses filiales ou agents sont localis\u00e9s. Vous avez aussi un r\u00f4le essentiel dans la protection de vos informations. Personne ne peut voir ou \u00e9diter vos donn\u00e9es personnelles sans conna\u00eetre votre identifiant et votre mot de passe, alors merci de ne pas les partager.<br><br><strong>NOTE AUX PARENTS<br><\/strong>Parents ou tutelles : nous voulons vous aider \u00e0 conserver la confidentialit\u00e9 de vos enfants. Nous vous encourageons \u00e0 parler \u00e0 vos enfants de leur responsabilit\u00e9 et des pr\u00e9cautions qui doivent encadrer l\u2019usage des donn\u00e9es personnelles sur internet.<br>MISE EN VIGUEUR<br>Si pour telle ou telle raison vous pensez que Red Sea n\u2019a pas respect\u00e9 ces principes, merci de nous en informer par email sur office@redseafish.com, et nous ferons de notre mieux pour d\u00e9finir et corriger rapidement le probl\u00e8me. Soyez s\u00fbrs que les mots \u201cPolitique de Confidentialit\u00e9\u201d sont en objet de votre email.<br><br><strong>PROFILS CLIENTS<br><\/strong>Lorsque vous signez pour des activit\u00e9s promotionnelles telles que les newsletters, vous nous fournissez vos informations de contact incluant nom et adresse email. Nous utilisons ces donn\u00e9es pour vous envoyer des mises \u00e0 jour li\u00e9es \u00e0 des offres sp\u00e9ciales, des questionnaires pour mesurer votre satisfaction, et des annonces pour de nouveaux services.<br>Nous louons occasionnellement les services limit\u00e9s d\u2019autres soci\u00e9t\u00e9s qui agissent de notre part pour l\u2019emballage, l\u2019envoi et la livraison des achats, les r\u00e9ponses du support technique aux clients, les envois postaux et les enregistrements \u00e0 des \u00e9v\u00e9nements.<br>Nous fournissons \u00e0 ces soci\u00e9t\u00e9s seulement les informations dont elles ont besoin pour apporter ledit service et il leur est interdit de les utiliser pour quoi que ce soit d\u2019autre.<br>Red Sea d\u00e9voilera vos donn\u00e9es personnelles, sans information pr\u00e9alable, seulement si la loi l\u2019y oblige ou si elle juge de bonne foi qu\u2019une telle action est n\u00e9cessaire pour : a) se conformer \u00e0 la loi ou processus l\u00e9gal signifi\u00e9 sur notre site web Red Sea ; b) prot\u00e9ger et d\u00e9fendre les droits de la propri\u00e9t\u00e9 de Red Sea et de sa famille de sites web, et, c) agir dans des circonstances urgentes pour prot\u00e9ger la s\u00e9curit\u00e9 personnelle des utilisateurs de Red Sea, de ses sites web ou du public.<br>\u00a0<\/p>\n<\/div>\n<\/div>\n<\/div>\n<\/div><\/div>\n","protected":false},"excerpt":{"rendered":"","protected":false},"author":11,"featured_media":72821,"parent":0,"menu_order":0,"comment_status":"closed","ping_status":"closed","template":"","meta":{"inline_featured_image":false,"footnotes":""},"class_list":["post-17389","page","type-page","status-publish","has-post-thumbnail","hentry"],"yoast_head":"<!-- This site is optimized with the Yoast SEO Premium plugin v27.0 (Yoast SEO v27.0) - https:\/\/yoast.com\/product\/yoast-seo-premium-wordpress\/ -->\n<title>POLITIQUE DE CONFIDENTIALITE - Red Sea Fish<\/title>\n<meta name=\"robots\" content=\"index, follow, max-snippet:-1, max-image-preview:large, max-video-preview:-1\" \/>\n<link rel=\"canonical\" href=\"https:\/\/redseafish.com\/fr\/privacy-policy\/\" \/>\n<meta property=\"og:locale\" content=\"fr_FR\" \/>\n<meta property=\"og:type\" content=\"article\" \/>\n<meta property=\"og:title\" content=\"POLITIQUE DE CONFIDENTIALITE - Red Sea Fish\" \/>\n<meta property=\"og:url\" content=\"https:\/\/redseafish.com\/fr\/privacy-policy\/\" \/>\n<meta property=\"og:site_name\" content=\"Red Sea Fish\" \/>\n<meta property=\"article:modified_time\" content=\"2025-05-19T12:13:31+00:00\" \/>\n<meta property=\"og:image\" content=\"https:\/\/static.redseafish.com\/wp-content\/uploads\/2025\/05\/19151301\/Share-image.Privacy-Policy.png\" \/>\n\t<meta property=\"og:image:width\" content=\"1200\" \/>\n\t<meta property=\"og:image:height\" content=\"630\" \/>\n\t<meta property=\"og:image:type\" content=\"image\/png\" \/>\n<meta name=\"twitter:card\" content=\"summary_large_image\" \/>\n<meta name=\"twitter:label1\" content=\"Dur\u00e9e de lecture estim\u00e9e\" \/>\n\t<meta name=\"twitter:data1\" content=\"5 minutes\" \/>\n<script type=\"application\/ld+json\" class=\"yoast-schema-graph\">{\"@context\":\"https:\/\/schema.org\",\"@graph\":[{\"@type\":\"WebPage\",\"@id\":\"https:\/\/redseafish.com\/fr\/privacy-policy\/\",\"url\":\"https:\/\/redseafish.com\/fr\/privacy-policy\/\",\"name\":\"POLITIQUE DE CONFIDENTIALITE - Red Sea Fish\",\"isPartOf\":{\"@id\":\"https:\/\/redseafish.com\/#website\"},\"primaryImageOfPage\":{\"@id\":\"https:\/\/redseafish.com\/fr\/privacy-policy\/#primaryimage\"},\"image\":{\"@id\":\"https:\/\/redseafish.com\/fr\/privacy-policy\/#primaryimage\"},\"thumbnailUrl\":\"https:\/\/static.redseafish.com\/wp-content\/uploads\/2025\/05\/19151301\/Share-image.Privacy-Policy.png\",\"datePublished\":\"2023-03-23T10:53:57+00:00\",\"dateModified\":\"2025-05-19T12:13:31+00:00\",\"breadcrumb\":{\"@id\":\"https:\/\/redseafish.com\/fr\/privacy-policy\/#breadcrumb\"},\"inLanguage\":\"fr-FR\",\"potentialAction\":[{\"@type\":\"ReadAction\",\"target\":[\"https:\/\/redseafish.com\/fr\/privacy-policy\/\"]}]},{\"@type\":\"ImageObject\",\"inLanguage\":\"fr-FR\",\"@id\":\"https:\/\/redseafish.com\/fr\/privacy-policy\/#primaryimage\",\"url\":\"https:\/\/static.redseafish.com\/wp-content\/uploads\/2025\/05\/19151301\/Share-image.Privacy-Policy.png\",\"contentUrl\":\"https:\/\/static.redseafish.com\/wp-content\/uploads\/2025\/05\/19151301\/Share-image.Privacy-Policy.png\",\"width\":1200,\"height\":630},{\"@type\":\"BreadcrumbList\",\"@id\":\"https:\/\/redseafish.com\/fr\/privacy-policy\/#breadcrumb\",\"itemListElement\":[{\"@type\":\"ListItem\",\"position\":1,\"name\":\"Home\",\"item\":\"https:\/\/redseafish.com\/fr\/\"},{\"@type\":\"ListItem\",\"position\":2,\"name\":\"POLITIQUE DE CONFIDENTIALITE\"}]},{\"@type\":\"WebSite\",\"@id\":\"https:\/\/redseafish.com\/#website\",\"url\":\"https:\/\/redseafish.com\/\",\"name\":\"Red Sea Fish\",\"description\":\"Home of the best salt water aquarium experience\",\"potentialAction\":[{\"@type\":\"SearchAction\",\"target\":{\"@type\":\"EntryPoint\",\"urlTemplate\":\"https:\/\/redseafish.com\/?s={search_term_string}\"},\"query-input\":{\"@type\":\"PropertyValueSpecification\",\"valueRequired\":true,\"valueName\":\"search_term_string\"}}],\"inLanguage\":\"fr-FR\"}]}<\/script>\n<!-- \/ Yoast SEO Premium plugin. -->","yoast_head_json":{"title":"POLITIQUE DE CONFIDENTIALITE - Red Sea Fish","robots":{"index":"index","follow":"follow","max-snippet":"max-snippet:-1","max-image-preview":"max-image-preview:large","max-video-preview":"max-video-preview:-1"},"canonical":"https:\/\/redseafish.com\/fr\/privacy-policy\/","og_locale":"fr_FR","og_type":"article","og_title":"POLITIQUE DE CONFIDENTIALITE - Red Sea Fish","og_url":"https:\/\/redseafish.com\/fr\/privacy-policy\/","og_site_name":"Red Sea Fish","article_modified_time":"2025-05-19T12:13:31+00:00","og_image":[{"width":1200,"height":630,"url":"https:\/\/static.redseafish.com\/wp-content\/uploads\/2025\/05\/19151301\/Share-image.Privacy-Policy.png","type":"image\/png"}],"twitter_card":"summary_large_image","twitter_misc":{"Dur\u00e9e de lecture estim\u00e9e":"5 minutes"},"schema":{"@context":"https:\/\/schema.org","@graph":[{"@type":"WebPage","@id":"https:\/\/redseafish.com\/fr\/privacy-policy\/","url":"https:\/\/redseafish.com\/fr\/privacy-policy\/","name":"POLITIQUE DE CONFIDENTIALITE - Red Sea Fish","isPartOf":{"@id":"https:\/\/redseafish.com\/#website"},"primaryImageOfPage":{"@id":"https:\/\/redseafish.com\/fr\/privacy-policy\/#primaryimage"},"image":{"@id":"https:\/\/redseafish.com\/fr\/privacy-policy\/#primaryimage"},"thumbnailUrl":"https:\/\/static.redseafish.com\/wp-content\/uploads\/2025\/05\/19151301\/Share-image.Privacy-Policy.png","datePublished":"2023-03-23T10:53:57+00:00","dateModified":"2025-05-19T12:13:31+00:00","breadcrumb":{"@id":"https:\/\/redseafish.com\/fr\/privacy-policy\/#breadcrumb"},"inLanguage":"fr-FR","potentialAction":[{"@type":"ReadAction","target":["https:\/\/redseafish.com\/fr\/privacy-policy\/"]}]},{"@type":"ImageObject","inLanguage":"fr-FR","@id":"https:\/\/redseafish.com\/fr\/privacy-policy\/#primaryimage","url":"https:\/\/static.redseafish.com\/wp-content\/uploads\/2025\/05\/19151301\/Share-image.Privacy-Policy.png","contentUrl":"https:\/\/static.redseafish.com\/wp-content\/uploads\/2025\/05\/19151301\/Share-image.Privacy-Policy.png","width":1200,"height":630},{"@type":"BreadcrumbList","@id":"https:\/\/redseafish.com\/fr\/privacy-policy\/#breadcrumb","itemListElement":[{"@type":"ListItem","position":1,"name":"Home","item":"https:\/\/redseafish.com\/fr\/"},{"@type":"ListItem","position":2,"name":"POLITIQUE DE CONFIDENTIALITE"}]},{"@type":"WebSite","@id":"https:\/\/redseafish.com\/#website","url":"https:\/\/redseafish.com\/","name":"Red Sea Fish","description":"Home of the best salt water aquarium experience","potentialAction":[{"@type":"SearchAction","target":{"@type":"EntryPoint","urlTemplate":"https:\/\/redseafish.com\/?s={search_term_string}"},"query-input":{"@type":"PropertyValueSpecification","valueRequired":true,"valueName":"search_term_string"}}],"inLanguage":"fr-FR"}]}},"_links":{"self":[{"href":"https:\/\/redseafish.com\/fr\/wp-json\/wp\/v2\/pages\/17389","targetHints":{"allow":["GET"]}}],"collection":[{"href":"https:\/\/redseafish.com\/fr\/wp-json\/wp\/v2\/pages"}],"about":[{"href":"https:\/\/redseafish.com\/fr\/wp-json\/wp\/v2\/types\/page"}],"author":[{"embeddable":true,"href":"https:\/\/redseafish.com\/fr\/wp-json\/wp\/v2\/users\/11"}],"replies":[{"embeddable":true,"href":"https:\/\/redseafish.com\/fr\/wp-json\/wp\/v2\/comments?post=17389"}],"version-history":[{"count":1,"href":"https:\/\/redseafish.com\/fr\/wp-json\/wp\/v2\/pages\/17389\/revisions"}],"predecessor-version":[{"id":17390,"href":"https:\/\/redseafish.com\/fr\/wp-json\/wp\/v2\/pages\/17389\/revisions\/17390"}],"wp:featuredmedia":[{"embeddable":true,"href":"https:\/\/redseafish.com\/fr\/wp-json\/wp\/v2\/media\/72821"}],"wp:attachment":[{"href":"https:\/\/redseafish.com\/fr\/wp-json\/wp\/v2\/media?parent=17389"}],"curies":[{"name":"wp","href":"https:\/\/api.w.org\/{rel}","templated":true}]}}