{"id":10489,"date":"2022-11-25T12:45:04","date_gmt":"2022-11-25T10:45:04","guid":{"rendered":"https:\/\/redseafish.com\/?page_id=10489"},"modified":"2025-05-19T15:01:15","modified_gmt":"2025-05-19T12:01:15","slug":"myreefer","status":"publish","type":"page","link":"https:\/\/redseafish.com\/fr\/myreefer\/","title":{"rendered":"Assistant MyREEFER"},"content":{"rendered":"\n    \n\t  <script defer=\"defer\" src=\"https:\/\/myreefer.apps.redseafish.com\/js\/chunk-vendors.097571fd.js\"><\/script>\n\t  <script defer=\"defer\" src=\"https:\/\/myreefer.apps.redseafish.com\/js\/app.c1654425.js\"><\/script>\n      <link href=\"https:\/\/myreefer.apps.redseafish.com\/css\/app.0924264d.css\" rel=\"stylesheet\">\n\t  \n\t  <noscript><strong>We are sorry but this app does not work properly without JavaScript enabled. Please enable it to continue.<\/strong><\/noscript>\n    <div id=\"app\" siteLanguage=\"fr\" showProp=\"false\" dealerSlug=\"\" dealerIsoCode=\"\"><\/div>\n\t  ","protected":false},"excerpt":{"rendered":"","protected":false},"author":5,"featured_media":72811,"parent":0,"menu_order":0,"comment_status":"closed","ping_status":"closed","template":"page-nofooter","meta":{"inline_featured_image":false,"footnotes":""},"class_list":["post-10489","page","type-page","status-publish","has-post-thumbnail","hentry"],"yoast_head":"<!-- This site is optimized with the Yoast SEO Premium plugin v27.0 (Yoast SEO v27.0) - https:\/\/yoast.com\/product\/yoast-seo-premium-wordpress\/ -->\n<title>Assistant MyREEFER - Red Sea Fish<\/title>\n<meta name=\"description\" content=\"Upgradez ou cr\u00e9ez le syst\u00e8me r\u00e9cifal de vos r\u00eaves. Ajoutez les nouveaux \u00e9quipements intelligents Red Sea et faites des \u00e9conomies !\" \/>\n<meta name=\"robots\" content=\"index, follow, max-snippet:-1, max-image-preview:large, max-video-preview:-1\" \/>\n<link rel=\"canonical\" href=\"https:\/\/redseafish.com\/fr\/myreefer\/\" \/>\n<meta property=\"og:locale\" content=\"fr_FR\" \/>\n<meta property=\"og:type\" content=\"article\" \/>\n<meta property=\"og:title\" content=\"Assistant MyREEFER - Red Sea Fish\" \/>\n<meta property=\"og:description\" content=\"Upgradez ou cr\u00e9ez le syst\u00e8me r\u00e9cifal de vos r\u00eaves. Ajoutez les nouveaux \u00e9quipements intelligents Red Sea et faites des \u00e9conomies !\" \/>\n<meta property=\"og:url\" content=\"https:\/\/redseafish.com\/fr\/myreefer\/\" \/>\n<meta property=\"og:site_name\" content=\"Red Sea Fish\" \/>\n<meta property=\"article:modified_time\" content=\"2025-05-19T12:01:15+00:00\" \/>\n<meta property=\"og:image\" content=\"https:\/\/static.redseafish.com\/wp-content\/uploads\/2025\/05\/19150016\/Share-image.MyREEFER-Wizard.png\" \/>\n\t<meta property=\"og:image:width\" content=\"1200\" \/>\n\t<meta property=\"og:image:height\" content=\"630\" \/>\n\t<meta property=\"og:image:type\" content=\"image\/png\" \/>\n<meta name=\"twitter:card\" content=\"summary_large_image\" \/>\n<meta name=\"twitter:label1\" content=\"Dur\u00e9e de lecture estim\u00e9e\" \/>\n\t<meta name=\"twitter:data1\" content=\"1 minute\" \/>\n<script type=\"application\/ld+json\" class=\"yoast-schema-graph\">{\"@context\":\"https:\/\/schema.org\",\"@graph\":[{\"@type\":\"WebPage\",\"@id\":\"https:\/\/redseafish.com\/fr\/myreefer\/\",\"url\":\"https:\/\/redseafish.com\/fr\/myreefer\/\",\"name\":\"Assistant MyREEFER - Red Sea Fish\",\"isPartOf\":{\"@id\":\"https:\/\/redseafish.com\/#website\"},\"primaryImageOfPage\":{\"@id\":\"https:\/\/redseafish.com\/fr\/myreefer\/#primaryimage\"},\"image\":{\"@id\":\"https:\/\/redseafish.com\/fr\/myreefer\/#primaryimage\"},\"thumbnailUrl\":\"https:\/\/static.redseafish.com\/wp-content\/uploads\/2025\/05\/19150016\/Share-image.MyREEFER-Wizard.png\",\"datePublished\":\"2022-11-25T10:45:04+00:00\",\"dateModified\":\"2025-05-19T12:01:15+00:00\",\"description\":\"Upgradez ou cr\u00e9ez le syst\u00e8me r\u00e9cifal de vos r\u00eaves. Ajoutez les nouveaux \u00e9quipements intelligents Red Sea et faites des \u00e9conomies !\",\"breadcrumb\":{\"@id\":\"https:\/\/redseafish.com\/fr\/myreefer\/#breadcrumb\"},\"inLanguage\":\"fr-FR\",\"potentialAction\":[{\"@type\":\"ReadAction\",\"target\":[\"https:\/\/redseafish.com\/fr\/myreefer\/\"]}]},{\"@type\":\"ImageObject\",\"inLanguage\":\"fr-FR\",\"@id\":\"https:\/\/redseafish.com\/fr\/myreefer\/#primaryimage\",\"url\":\"https:\/\/static.redseafish.com\/wp-content\/uploads\/2025\/05\/19150016\/Share-image.MyREEFER-Wizard.png\",\"contentUrl\":\"https:\/\/static.redseafish.com\/wp-content\/uploads\/2025\/05\/19150016\/Share-image.MyREEFER-Wizard.png\",\"width\":1200,\"height\":630},{\"@type\":\"BreadcrumbList\",\"@id\":\"https:\/\/redseafish.com\/fr\/myreefer\/#breadcrumb\",\"itemListElement\":[{\"@type\":\"ListItem\",\"position\":1,\"name\":\"Home\",\"item\":\"https:\/\/redseafish.com\/fr\/\"},{\"@type\":\"ListItem\",\"position\":2,\"name\":\"Assistant MyREEFER\"}]},{\"@type\":\"WebSite\",\"@id\":\"https:\/\/redseafish.com\/#website\",\"url\":\"https:\/\/redseafish.com\/\",\"name\":\"Red Sea Fish\",\"description\":\"Home of the best salt water aquarium experience\",\"potentialAction\":[{\"@type\":\"SearchAction\",\"target\":{\"@type\":\"EntryPoint\",\"urlTemplate\":\"https:\/\/redseafish.com\/?s={search_term_string}\"},\"query-input\":{\"@type\":\"PropertyValueSpecification\",\"valueRequired\":true,\"valueName\":\"search_term_string\"}}],\"inLanguage\":\"fr-FR\"}]}<\/script>\n<!-- \/ Yoast SEO Premium plugin. -->","yoast_head_json":{"title":"Assistant MyREEFER - Red Sea Fish","description":"Upgradez ou cr\u00e9ez le syst\u00e8me r\u00e9cifal de vos r\u00eaves. Ajoutez les nouveaux \u00e9quipements intelligents Red Sea et faites des \u00e9conomies !","robots":{"index":"index","follow":"follow","max-snippet":"max-snippet:-1","max-image-preview":"max-image-preview:large","max-video-preview":"max-video-preview:-1"},"canonical":"https:\/\/redseafish.com\/fr\/myreefer\/","og_locale":"fr_FR","og_type":"article","og_title":"Assistant MyREEFER - Red Sea Fish","og_description":"Upgradez ou cr\u00e9ez le syst\u00e8me r\u00e9cifal de vos r\u00eaves. Ajoutez les nouveaux \u00e9quipements intelligents Red Sea et faites des \u00e9conomies !","og_url":"https:\/\/redseafish.com\/fr\/myreefer\/","og_site_name":"Red Sea Fish","article_modified_time":"2025-05-19T12:01:15+00:00","og_image":[{"width":1200,"height":630,"url":"https:\/\/static.redseafish.com\/wp-content\/uploads\/2025\/05\/19150016\/Share-image.MyREEFER-Wizard.png","type":"image\/png"}],"twitter_card":"summary_large_image","twitter_misc":{"Dur\u00e9e de lecture estim\u00e9e":"1 minute"},"schema":{"@context":"https:\/\/schema.org","@graph":[{"@type":"WebPage","@id":"https:\/\/redseafish.com\/fr\/myreefer\/","url":"https:\/\/redseafish.com\/fr\/myreefer\/","name":"Assistant MyREEFER - Red Sea Fish","isPartOf":{"@id":"https:\/\/redseafish.com\/#website"},"primaryImageOfPage":{"@id":"https:\/\/redseafish.com\/fr\/myreefer\/#primaryimage"},"image":{"@id":"https:\/\/redseafish.com\/fr\/myreefer\/#primaryimage"},"thumbnailUrl":"https:\/\/static.redseafish.com\/wp-content\/uploads\/2025\/05\/19150016\/Share-image.MyREEFER-Wizard.png","datePublished":"2022-11-25T10:45:04+00:00","dateModified":"2025-05-19T12:01:15+00:00","description":"Upgradez ou cr\u00e9ez le syst\u00e8me r\u00e9cifal de vos r\u00eaves. Ajoutez les nouveaux \u00e9quipements intelligents Red Sea et faites des \u00e9conomies !","breadcrumb":{"@id":"https:\/\/redseafish.com\/fr\/myreefer\/#breadcrumb"},"inLanguage":"fr-FR","potentialAction":[{"@type":"ReadAction","target":["https:\/\/redseafish.com\/fr\/myreefer\/"]}]},{"@type":"ImageObject","inLanguage":"fr-FR","@id":"https:\/\/redseafish.com\/fr\/myreefer\/#primaryimage","url":"https:\/\/static.redseafish.com\/wp-content\/uploads\/2025\/05\/19150016\/Share-image.MyREEFER-Wizard.png","contentUrl":"https:\/\/static.redseafish.com\/wp-content\/uploads\/2025\/05\/19150016\/Share-image.MyREEFER-Wizard.png","width":1200,"height":630},{"@type":"BreadcrumbList","@id":"https:\/\/redseafish.com\/fr\/myreefer\/#breadcrumb","itemListElement":[{"@type":"ListItem","position":1,"name":"Home","item":"https:\/\/redseafish.com\/fr\/"},{"@type":"ListItem","position":2,"name":"Assistant MyREEFER"}]},{"@type":"WebSite","@id":"https:\/\/redseafish.com\/#website","url":"https:\/\/redseafish.com\/","name":"Red Sea Fish","description":"Home of the best salt water aquarium experience","potentialAction":[{"@type":"SearchAction","target":{"@type":"EntryPoint","urlTemplate":"https:\/\/redseafish.com\/?s={search_term_string}"},"query-input":{"@type":"PropertyValueSpecification","valueRequired":true,"valueName":"search_term_string"}}],"inLanguage":"fr-FR"}]}},"_links":{"self":[{"href":"https:\/\/redseafish.com\/fr\/wp-json\/wp\/v2\/pages\/10489","targetHints":{"allow":["GET"]}}],"collection":[{"href":"https:\/\/redseafish.com\/fr\/wp-json\/wp\/v2\/pages"}],"about":[{"href":"https:\/\/redseafish.com\/fr\/wp-json\/wp\/v2\/types\/page"}],"author":[{"embeddable":true,"href":"https:\/\/redseafish.com\/fr\/wp-json\/wp\/v2\/users\/5"}],"replies":[{"embeddable":true,"href":"https:\/\/redseafish.com\/fr\/wp-json\/wp\/v2\/comments?post=10489"}],"version-history":[{"count":2,"href":"https:\/\/redseafish.com\/fr\/wp-json\/wp\/v2\/pages\/10489\/revisions"}],"predecessor-version":[{"id":16589,"href":"https:\/\/redseafish.com\/fr\/wp-json\/wp\/v2\/pages\/10489\/revisions\/16589"}],"wp:featuredmedia":[{"embeddable":true,"href":"https:\/\/redseafish.com\/fr\/wp-json\/wp\/v2\/media\/72811"}],"wp:attachment":[{"href":"https:\/\/redseafish.com\/fr\/wp-json\/wp\/v2\/media?parent=10489"}],"curies":[{"name":"wp","href":"https:\/\/api.w.org\/{rel}","templated":true}]}}