{"id":96057,"date":"2025-11-10T10:24:58","date_gmt":"2025-11-10T08:24:58","guid":{"rendered":"https:\/\/redseafish.com\/?page_id=96057"},"modified":"2025-11-10T13:55:21","modified_gmt":"2025-11-10T11:55:21","slug":"mycontroller-tc","status":"publish","type":"page","link":"https:\/\/redseafish.com\/de\/mycontroller-tc\/","title":{"rendered":"MyController T&amp;C"},"content":{"rendered":"\n<div class=\"wp-block-dfnstbm-story story\"><div class=\"story_loader\"><div class=\"lds-roller mx-auto\"><div><\/div><div><\/div><div><\/div><div><\/div><div><\/div><div><\/div><div><\/div><div><\/div><\/div><h2 class=\"center h3 color-white\">Loading<\/h2><\/div><div class=\"story_content\"><button class=\"storyboard-trigger-button\" style=\"position:fixed;top:1rem;right:1rem;z-index:9999999999;padding:.25rem\">Debug-Button<\/button>\n<div class=\"wp-block-dfnstbm-story-frame story_frame gridbox  bg-color-transparent\" style=\"height:auto\" data-stb-active-viewport-size=\"all\" data-stb-track-scroll-progress-when-entering=\"false\">\n<div style=\"z-index:1;height:auto\" class=\"wp-block-dfnstbm-story-element story_element gridbox-element  bg-color-16 flex flex-column justify-start\">\n<div class=\"wp-block-dfnstbm-content-wrapper \n  content-wrapper border-box col-12 transparent max-width-3 mt5 mb5 ml-auto mr-auto color-black\" style=\"min-height:auto;max-height:none;border-radius:0px;grid-gap:\">\n<h2 class=\"wp-block-dfnstbm-heading \n  h1 color-black max-width-3 helvetica-bold left-align mb2 ml-auto mr-auto relative\">Gesch\u00e4ftsbedingungen der \u201eMyController \u201c promotion<\/h2>\n\n\n\n<h2 class=\"wp-block-dfnstbm-heading \n  h5 color-black max-width-3 helvetica-bold left-align mb2 ml-auto mr-auto relative\">Das Folgende sind die Gesch\u00e4ftsbedingungen f\u00fcr die \u201eMyController \u201c Promotion (die \u201ePromotion\u201c). Ihre Teilnahme an der Promotion gilt als Zustimmung zu allen unten angegebenen Gesch\u00e4ftsbedingungen:<\/h2>\n\n\n\n<p class=\"wp-block-dfnstbm-paragraph \n  h6 color-black max-width-3 open-sans-regular left-align ml-auto mr-auto relative\">Alle Preise und Kosten verstehen sich inklusive Mehrwertsteuer. In den USA enthalten die angegebenen Preise und Kosten keine Umsatzsteuer.<br>Falls ein Produkt aufgrund eines Druckfehlers, eines falschen Fotos oder eines technischen Fehlers zu einem falschen Preis gelistet wird, haben die teilnehmenden Red Sea H\u00e4ndler das Recht, Bestellungen f\u00fcr Produkte mit falschem Preis abzulehnen oder zu stornieren.<br>Red Sea kann die Promotion und ihre Bedingungen jederzeit und ohne vorherige Ank\u00fcndigung beenden, \u00e4ndern oder pausieren.<br>Diese Promotion kann von jedem autorisierten teilnehmenden Red Sea H\u00e4ndler nach eigenem Ermessen genutzt werden und stelllt kein Angebot zum direkten Kauf bei Red Sea dar.<br>Des Weiteren schlie\u00dft Red Sea jegliche Haftung in Bezug auf die Nutzung des Moduls MyController auf der Website oder die von Dritten durchgef\u00fchrte Nutzung aus.<br>Red Sea und Red Sea\u2019s Vertreter \u00fcbernehmen keine Verantwortung daf\u00fcr, dass Dritte ihre vertraglichen Verpflichtungen im Zusammenhang mit dieser Werbeaktion nicht erf\u00fcllen.<br>Sie erkennen an und erkl\u00e4ren sich ausdr\u00fccklich damit einverstanden, dass alle Urheberrechte, Warenzeichen und sonstigen geistigen Eigentumsrechte, die sich auf die Website oder deren Inhalte beziehen, jederzeit Red Sea geh\u00f6ren.<br>Red Sea garantiert weder, dass der MyController Service fehlerfrei ist, noch, dass Fehler behoben werden oder dass die Server, die den Service zur Verf\u00fcgung stellen, frei von Viren oder Fehlern sind. Ebenso wird weder die Vollst\u00e4ndigkeit, Richtigkeit und Verl\u00e4sslichkeit der dargestellten Materialien garantiert oder als Resultat die Richtigkeit jeglicher Informationen, die Sie \u00fcber das Internet erhalten.<br>Unabh\u00e4ngig von Ihrem Wohnort oder von wo aus Sie auf den Dienst zugreifen oder diesen nutzen, unterliegen diese Bedingungen und Ihre Nutzung des Dienstes ausschlie\u00dflich den Gesetzen von New York, NY, unter Ausschluss anderweitig anwendbarer im Konflikt stehender Gesetze.<\/p>\n<\/div>\n<\/div>\n<\/div>\n<\/div><\/div>\n","protected":false},"excerpt":{"rendered":"","protected":false},"author":11,"featured_media":0,"parent":0,"menu_order":0,"comment_status":"closed","ping_status":"closed","template":"","meta":{"inline_featured_image":false,"footnotes":""},"class_list":["post-96057","page","type-page","status-publish","hentry"],"yoast_head":"<!-- This site is optimized with the Yoast SEO Premium plugin v27.0 (Yoast SEO v27.0) - https:\/\/yoast.com\/product\/yoast-seo-premium-wordpress\/ -->\n<title>MyController T&amp;C - Red Sea Fish<\/title>\n<meta name=\"robots\" content=\"noindex, nofollow\" \/>\n<meta property=\"og:locale\" content=\"de_DE\" \/>\n<meta property=\"og:type\" content=\"article\" \/>\n<meta property=\"og:title\" content=\"MyController T&amp;C - Red Sea Fish\" \/>\n<meta property=\"og:url\" content=\"https:\/\/redseafish.com\/de\/mycontroller-tc\/\" \/>\n<meta property=\"og:site_name\" content=\"Red Sea Fish\" \/>\n<meta property=\"article:modified_time\" content=\"2025-11-10T11:55:21+00:00\" \/>\n<meta name=\"twitter:card\" content=\"summary_large_image\" \/>\n<meta name=\"twitter:label1\" content=\"Gesch\u00e4tzte Lesezeit\" \/>\n\t<meta name=\"twitter:data1\" content=\"2\u00a0Minuten\" \/>\n<script type=\"application\/ld+json\" class=\"yoast-schema-graph\">{\"@context\":\"https:\/\/schema.org\",\"@graph\":[{\"@type\":\"WebPage\",\"@id\":\"https:\/\/redseafish.com\/de\/mycontroller-tc\/\",\"url\":\"https:\/\/redseafish.com\/de\/mycontroller-tc\/\",\"name\":\"MyController T&amp;C - Red Sea Fish\",\"isPartOf\":{\"@id\":\"https:\/\/redseafish.com\/#website\"},\"datePublished\":\"2025-11-10T08:24:58+00:00\",\"dateModified\":\"2025-11-10T11:55:21+00:00\",\"breadcrumb\":{\"@id\":\"https:\/\/redseafish.com\/de\/mycontroller-tc\/#breadcrumb\"},\"inLanguage\":\"de\",\"potentialAction\":[{\"@type\":\"ReadAction\",\"target\":[\"https:\/\/redseafish.com\/de\/mycontroller-tc\/\"]}]},{\"@type\":\"BreadcrumbList\",\"@id\":\"https:\/\/redseafish.com\/de\/mycontroller-tc\/#breadcrumb\",\"itemListElement\":[{\"@type\":\"ListItem\",\"position\":1,\"name\":\"Home\",\"item\":\"https:\/\/redseafish.com\/de\/\"},{\"@type\":\"ListItem\",\"position\":2,\"name\":\"MyController T&amp;C\"}]},{\"@type\":\"WebSite\",\"@id\":\"https:\/\/redseafish.com\/#website\",\"url\":\"https:\/\/redseafish.com\/\",\"name\":\"Red Sea Fish\",\"description\":\"Home of the best salt water aquarium experience\",\"potentialAction\":[{\"@type\":\"SearchAction\",\"target\":{\"@type\":\"EntryPoint\",\"urlTemplate\":\"https:\/\/redseafish.com\/?s={search_term_string}\"},\"query-input\":{\"@type\":\"PropertyValueSpecification\",\"valueRequired\":true,\"valueName\":\"search_term_string\"}}],\"inLanguage\":\"de\"}]}<\/script>\n<!-- \/ Yoast SEO Premium plugin. -->","yoast_head_json":{"title":"MyController T&amp;C - Red Sea Fish","robots":{"index":"noindex","follow":"nofollow"},"og_locale":"de_DE","og_type":"article","og_title":"MyController T&amp;C - Red Sea Fish","og_url":"https:\/\/redseafish.com\/de\/mycontroller-tc\/","og_site_name":"Red Sea Fish","article_modified_time":"2025-11-10T11:55:21+00:00","twitter_card":"summary_large_image","twitter_misc":{"Gesch\u00e4tzte Lesezeit":"2\u00a0Minuten"},"schema":{"@context":"https:\/\/schema.org","@graph":[{"@type":"WebPage","@id":"https:\/\/redseafish.com\/de\/mycontroller-tc\/","url":"https:\/\/redseafish.com\/de\/mycontroller-tc\/","name":"MyController T&amp;C - Red Sea Fish","isPartOf":{"@id":"https:\/\/redseafish.com\/#website"},"datePublished":"2025-11-10T08:24:58+00:00","dateModified":"2025-11-10T11:55:21+00:00","breadcrumb":{"@id":"https:\/\/redseafish.com\/de\/mycontroller-tc\/#breadcrumb"},"inLanguage":"de","potentialAction":[{"@type":"ReadAction","target":["https:\/\/redseafish.com\/de\/mycontroller-tc\/"]}]},{"@type":"BreadcrumbList","@id":"https:\/\/redseafish.com\/de\/mycontroller-tc\/#breadcrumb","itemListElement":[{"@type":"ListItem","position":1,"name":"Home","item":"https:\/\/redseafish.com\/de\/"},{"@type":"ListItem","position":2,"name":"MyController T&amp;C"}]},{"@type":"WebSite","@id":"https:\/\/redseafish.com\/#website","url":"https:\/\/redseafish.com\/","name":"Red Sea Fish","description":"Home of the best salt water aquarium experience","potentialAction":[{"@type":"SearchAction","target":{"@type":"EntryPoint","urlTemplate":"https:\/\/redseafish.com\/?s={search_term_string}"},"query-input":{"@type":"PropertyValueSpecification","valueRequired":true,"valueName":"search_term_string"}}],"inLanguage":"de"}]}},"_links":{"self":[{"href":"https:\/\/redseafish.com\/de\/wp-json\/wp\/v2\/pages\/96057","targetHints":{"allow":["GET"]}}],"collection":[{"href":"https:\/\/redseafish.com\/de\/wp-json\/wp\/v2\/pages"}],"about":[{"href":"https:\/\/redseafish.com\/de\/wp-json\/wp\/v2\/types\/page"}],"author":[{"embeddable":true,"href":"https:\/\/redseafish.com\/de\/wp-json\/wp\/v2\/users\/11"}],"replies":[{"embeddable":true,"href":"https:\/\/redseafish.com\/de\/wp-json\/wp\/v2\/comments?post=96057"}],"version-history":[{"count":2,"href":"https:\/\/redseafish.com\/de\/wp-json\/wp\/v2\/pages\/96057\/revisions"}],"predecessor-version":[{"id":96133,"href":"https:\/\/redseafish.com\/de\/wp-json\/wp\/v2\/pages\/96057\/revisions\/96133"}],"wp:attachment":[{"href":"https:\/\/redseafish.com\/de\/wp-json\/wp\/v2\/media?parent=96057"}],"curies":[{"name":"wp","href":"https:\/\/api.w.org\/{rel}","templated":true}]}}