{"id":17392,"date":"2023-03-23T12:53:57","date_gmt":"2023-03-23T10:53:57","guid":{"rendered":"https:\/\/redseafish.com\/?page_id=17392"},"modified":"2023-03-23T13:04:20","modified_gmt":"2023-03-23T13:04:20","slug":"privacy-policy","status":"publish","type":"page","link":"https:\/\/redseafish.com\/de\/privacy-policy\/","title":{"rendered":"DATENSCHUTZBESTIMMUNGEN"},"content":{"rendered":"\n<div class=\"wp-block-dfnstbm-story story\"><div class=\"story_loader\"><div class=\"lds-roller mx-auto\"><div><\/div><div><\/div><div><\/div><div><\/div><div><\/div><div><\/div><div><\/div><div><\/div><\/div><h2 class=\"center h3 color-white\">Loading<\/h2><\/div><div class=\"story_content\"><button class=\"storyboard-trigger-button\" style=\"position:fixed;top:1rem;right:1rem;z-index:9999999999;padding:.25rem\">Debug-Button<\/button>\n<div class=\"wp-block-dfnstbm-story-frame story_frame gridbox undefined bg-color-11\" style=\"height:auto\" data-stb-active-viewport-size=\"all\" data-stb-track-scroll-progress-when-entering=\"false\">\n<div style=\"z-index:1;height:auto\" class=\"wp-block-dfnstbm-story-element story_element gridbox-element story_atom bg-color-transparent flex flex-column justify-center\">\n<div class=\"wp-block-dfnstbm-content-wrapper \n  mx-auto mx-auto\n content-wrapper border-box col-12 transparent max-width-3 ml-auto mr-auto pl2 pr2 sm-pt4 sm-pb4 lg-pt4 lg-pb4 color-black\" style=\"min-height:auto;max-height:none;border-radius:0px;grid-gap:\">\n<h2 class=\"wp-block-dfnstbm-heading \n  sans bold sans\n h1 color-black max-width-3 helvetica-bold left-align mt3 mb1 ml-auto mr-auto relative\">DATENSCHUTZBESTIMMUNGEN<br><\/h2>\n\n\n\n<p class=\"wp-block-dfnstbm-paragraph \n  h5 color-black max-width-3 open-sans-regular left-align ml-auto mr-auto relative\">Es ist wichtig f\u00fcr Red Sea, unseren Kunden beim Schutz Ihrer Privatsph\u00e4re zu helfen, wenn sie unsere Website und App benutzen. Ihre Privatsph\u00e4re ist Ihnen und uns wichtig, deshalb sch\u00fctzen wir die Informationen, die Sie mit uns teilen. Um Ihre Privatsph\u00e4re zu sch\u00fctzen, folgt Red Sea anderen Prinzipien als den weltweit \u00fcblichen f\u00fcr die Privatsph\u00e4re und den Datenschutz von Kunden.<br>Wir werden keine pers\u00f6nlichen Daten, E-Mail-Adressen, Telefonnummern oder andere Informationen an Dritte verkaufen oder weitergeben.<br>Wir verwenden modernste Sicherheitsma\u00dfnahmen, um Ihre Daten vor unbefugten Benutzern zu sch\u00fctzen.<br>\u00a0<br><strong>BEACHTEN SIE<br><\/strong>Wir werden Sie fragen, wenn wir Informationen ben\u00f6tigen, die Sie pers\u00f6nlich identifizieren oder ob es uns erlaubt ist, Sie zu kontaktieren. Im Allgemeinen werden diese Informationen angefordert, wenn Sie eine Registrierungs ID auf einer Website erstellen, kostenlose Software herunterladen, ein Gewinnspiel mitmachen, sich f\u00fcr E-Mail Newsletter anmelden oder einer Premium Website mit zeitbeschr\u00e4nktem Zugriff beitreten. Wir verwenden Ihre pers\u00f6nlichen Informationen f\u00fcr vier prim\u00e4re Zwecke:<br>Um Ihnen die Nutzung der Internetseite zu erleichtern, indem Sie Informationen nicht mehr als einmal eingeben m\u00fcssen.<br>Um Ihnen zu helfen, m\u00f6glichst schnell Software, Dienste oder Informationen zu finden.<br>Damit wir Inhalte erstellen k\u00f6nnen, die f\u00fcr Sie am relevantesten sind.<br>Damit wir Sie auf Produktaktualisierungen, Sonderangebote, aktualisierte Informationen und andere neue Dienste von Red Sea aufmerksam machen k\u00f6nnen.<br><br><strong>ZUSTIMMUNG<br><\/strong>Wenn Sie sich dazu entschlie\u00dfen, sich nicht zu registrieren oder pers\u00f6nliche Informationen anzugeben, k\u00f6nnen Sie weiterhin bestimmte Bereiche unserer Website und App verwenden. Sie k\u00f6nnen jedoch nicht auf Bereiche zugreifen, f\u00fcr die eine Registrierung erforderlich ist.<br>Wenn Sie sich f\u00fcr die Registrierung entscheiden, k\u00f6nnen Sie ausw\u00e4hlen, welche Art von Informationen Sie von uns erhalten m\u00f6chten, indem Sie verschiedene Dienste abonnieren, wie z. B. unseren elektronischen Newsletter. Wenn Sie nicht m\u00f6chten, dass wir mit Ihnen \u00fcber andere Angebote in Bezug auf Produkte, Programme, Veranstaltungen oder Dienstleistungen von Red Sea per E-Mail, Post oder Telefon kommunizieren, k\u00f6nnen Sie die Option ausw\u00e4hlen, dass Sie keine Marketing Mitteilungen von Red Sea erhalten m\u00f6chten.<br><br><strong>ZUGANG<br><\/strong>Wir werden versuchen sicherzustellen, dass Ihre pers\u00f6nlichen Daten korrekt und aktuell sind. Sie k\u00f6nnen diese Informationen jederzeit im Besucherzentrum einsehen und aktualisieren. Dort k\u00f6nnen Sie:<br>pers\u00f6nliche Informationen ansehen und bearbeiten, die Sie uns bereits gegeben haben.<br>uns mitteilen, ob wir Ihnen Marketing Informationen senden sollen oder ob Ihnen Dritte Angebote per Post senden d\u00fcrfen.<br>sich f\u00fcr den elektronischen Newsletter zu unseren Dienstleistungen und Produkten anmelden.<br>sich registrieren. Sobald Sie sich einmal registriert haben, m\u00fcssen Sie dies nicht wiederholen.<br><br><strong>SICHERHEIT<\/strong><br>Red Sea hat strikte Ma\u00dfnahmen, um die Sicherheit Ihrer pers\u00f6nlichen Daten zu sch\u00fctzen und sicherzustellen, dass Ihre Auswahl eingehalten wird. Wir treffen strenge Vorkehrungen, um Ihre Daten vor Verlust, Missbrauch, unberechtigtem Zugriff oder Offenlegung, \u00c4nderung oder Zerst\u00f6rung zu sch\u00fctzen.<br>Wir garantieren, dass Ihre E-Commerce Transaktionen zu 100% sicher sind. Wenn Sie Bestellungen aufgeben oder auf Ihre pers\u00f6nlichen Kontoinformationen zugreifen, werde SSL Zertifikate verwendet, die Ihre pers\u00f6nlichen Daten verschl\u00fcsseln, bevor sie \u00fcber das Internet gesendet werden. SSL ist eine der sichersten verf\u00fcgbaren Verschl\u00fcsselungstechnologien. Red Sea sch\u00fctzt die Sicherheit Ihrer pers\u00f6nlichen Daten und respektiert Ihre Auswahl f\u00fcr den beabsichtigten Gebrauch. Wir sch\u00fctzen Ihre Daten sorgf\u00e4ltig vor Verlust, Missbrauch, unberechtigtem Zugriff oder Offenlegung, \u00c4nderung oder Zerst\u00f6rung. Ihre pers\u00f6nlichen Daten werden ohne Ihre Zustimmung niemals au\u00dferhalb des Unternehmens weitergegeben, au\u00dfer unter den oben genannten Bedingungen. Innerhalb des Unternehmens werden Daten in passwortgesicherten Servern mit beschr\u00e4nktem Zugriff gespeichert. Ihre Daten k\u00f6nnen in jedem Land gespeichert und verarbeitet werden, in dem sich Red Sea, die Tochtergesellschaften, verbundene Unternehmen oder Mitarbeiter befinden. Sie haben auch eine wichtige Rolle beim Schutz Ihrer Informationen. Niemand kann Ihre pers\u00f6nlichen Daten sehen oder bearbeiten, ohne Ihren Benutzernamen und Ihr Passwort zu kennen, also teilen Sie diese Informationen nicht mit anderen.<br><br><strong>HINWEIS F\u00dcR ELTERN<br><\/strong>Eltern oder Erziehungsberechtigte: Wir m\u00f6chten Ihnen helfen, die Privatsph\u00e4re Ihrer Kinder zu sch\u00fctzen. Wir empfehlen Ihnen, mit Ihren Kindern \u00fcber die sichere und verantwortungsvolle Nutzung ihrer pers\u00f6nlichen Daten zu sprechen, w\u00e4hrend Sie das Internet nutzen.<br><br><strong>DURCHF\u00dcHRUNG<br><\/strong>Wenn Sie aus irgendeinem Grund der Meinung sind, dass Red Sea sich nicht an diese Prinzipien gehalten hat, benachrichtigen Sie uns bitte per E-Mail an office@redseafish.com, wir werden unser Bestes tun, um das Problem umgehend zu identifizieren und zu beheben. Stellen Sie sicher, dass das Wort Datenschutzrichtlinie in der Betreffzeile steht.<br><br><strong>KUNDENPROFILE<br><\/strong>Wenn Sie sich f\u00fcr Werbeaktivit\u00e4ten wie einen Newsletter anmelden, geben Sie uns Ihre Kontaktinformationen einschlie\u00dflich Ihres Namens und Ihrer E-Mail Adresse. Wir verwenden diese Informationen, um Ihnen Neuigkeiten zu Sonderangeboten, Frageb\u00f6gen zur Kundenzufriedenheit und Ank\u00fcndigungen zu neuen und spannenden Produkten zu senden. Gelegentlich beauftragen wir andere Unternehmen mit der Erbringung von eingeschr\u00e4nkten Dienstleistungen f\u00fcr uns, einschlie\u00dflich der Verpackung, dem Versand und der Zustellung von K\u00e4ufen, Beantwortung von Kundenfragen zu Produkten oder Dienstleistungen, Versand von Post und Bearbeitung von Veranstaltungsregistrierungen. Wir stellen diesen Unternehmen nur die Informationen zur Verf\u00fcgung, die sie zur Erbringung der Dienstleistung ben\u00f6tigen. Es ist ihnen untersagt, diese Informationen f\u00fcr andere Zwecke zu verwenden. Red Sea wird Ihre pers\u00f6nlichen Daten ohne Vorank\u00fcndigung nur offen legen, wenn dies gesetzlich vorgeschrieben ist oder in gutem Glauben, dass eine solche Handlung erforderlich ist, um: (a) sich an die Vorschriften des Gesetzes zu halten oder den rechtlichen Prozess auf Red Sea oder die Website; (b) die Rechte oder das Eigentum von Red Sea und deren Partnerseiten zu sch\u00fctzen und zu verteidigen und (c) in dringenden F\u00e4llen zu handeln, um die pers\u00f6nliche Sicherheit der Nutzer von Red Sea, ihrer Websites oder der \u00d6ffentlichkeit zu bewahren.<\/p>\n<\/div>\n<\/div>\n<\/div>\n<\/div><\/div>\n","protected":false},"excerpt":{"rendered":"","protected":false},"author":11,"featured_media":72822,"parent":0,"menu_order":0,"comment_status":"closed","ping_status":"closed","template":"","meta":{"inline_featured_image":false,"footnotes":""},"class_list":["post-17392","page","type-page","status-publish","has-post-thumbnail","hentry"],"yoast_head":"<!-- This site is optimized with the Yoast SEO Premium plugin v27.0 (Yoast SEO v27.0) - https:\/\/yoast.com\/product\/yoast-seo-premium-wordpress\/ -->\n<title>DATENSCHUTZBESTIMMUNGEN - Red Sea Fish<\/title>\n<meta name=\"robots\" content=\"index, follow, max-snippet:-1, max-image-preview:large, max-video-preview:-1\" \/>\n<link rel=\"canonical\" href=\"https:\/\/redseafish.com\/de\/privacy-policy\/\" \/>\n<meta property=\"og:locale\" content=\"de_DE\" \/>\n<meta property=\"og:type\" content=\"article\" \/>\n<meta property=\"og:title\" content=\"DATENSCHUTZBESTIMMUNGEN - Red Sea Fish\" \/>\n<meta property=\"og:url\" content=\"https:\/\/redseafish.com\/de\/privacy-policy\/\" \/>\n<meta property=\"og:site_name\" content=\"Red Sea Fish\" \/>\n<meta property=\"article:modified_time\" content=\"2023-03-23T13:04:20+00:00\" \/>\n<meta name=\"twitter:card\" content=\"summary_large_image\" \/>\n<meta name=\"twitter:label1\" content=\"Gesch\u00e4tzte Lesezeit\" \/>\n\t<meta name=\"twitter:data1\" content=\"4\u00a0Minuten\" \/>\n<script type=\"application\/ld+json\" class=\"yoast-schema-graph\">{\"@context\":\"https:\/\/schema.org\",\"@graph\":[{\"@type\":\"WebPage\",\"@id\":\"https:\/\/redseafish.com\/de\/privacy-policy\/\",\"url\":\"https:\/\/redseafish.com\/de\/privacy-policy\/\",\"name\":\"DATENSCHUTZBESTIMMUNGEN - Red Sea Fish\",\"isPartOf\":{\"@id\":\"https:\/\/redseafish.com\/#website\"},\"primaryImageOfPage\":{\"@id\":\"https:\/\/redseafish.com\/de\/privacy-policy\/#primaryimage\"},\"image\":{\"@id\":\"https:\/\/redseafish.com\/de\/privacy-policy\/#primaryimage\"},\"thumbnailUrl\":\"https:\/\/static.redseafish.com\/wp-content\/uploads\/2025\/05\/19151301\/Share-image.Privacy-Policy.png\",\"datePublished\":\"2023-03-23T10:53:57+00:00\",\"dateModified\":\"2023-03-23T13:04:20+00:00\",\"breadcrumb\":{\"@id\":\"https:\/\/redseafish.com\/de\/privacy-policy\/#breadcrumb\"},\"inLanguage\":\"de\",\"potentialAction\":[{\"@type\":\"ReadAction\",\"target\":[\"https:\/\/redseafish.com\/de\/privacy-policy\/\"]}]},{\"@type\":\"ImageObject\",\"inLanguage\":\"de\",\"@id\":\"https:\/\/redseafish.com\/de\/privacy-policy\/#primaryimage\",\"url\":\"https:\/\/static.redseafish.com\/wp-content\/uploads\/2025\/05\/19151301\/Share-image.Privacy-Policy.png\",\"contentUrl\":\"https:\/\/static.redseafish.com\/wp-content\/uploads\/2025\/05\/19151301\/Share-image.Privacy-Policy.png\",\"width\":1200,\"height\":630},{\"@type\":\"BreadcrumbList\",\"@id\":\"https:\/\/redseafish.com\/de\/privacy-policy\/#breadcrumb\",\"itemListElement\":[{\"@type\":\"ListItem\",\"position\":1,\"name\":\"Home\",\"item\":\"https:\/\/redseafish.com\/de\/\"},{\"@type\":\"ListItem\",\"position\":2,\"name\":\"DATENSCHUTZBESTIMMUNGEN\"}]},{\"@type\":\"WebSite\",\"@id\":\"https:\/\/redseafish.com\/#website\",\"url\":\"https:\/\/redseafish.com\/\",\"name\":\"Red Sea Fish\",\"description\":\"Home of the best salt water aquarium experience\",\"potentialAction\":[{\"@type\":\"SearchAction\",\"target\":{\"@type\":\"EntryPoint\",\"urlTemplate\":\"https:\/\/redseafish.com\/?s={search_term_string}\"},\"query-input\":{\"@type\":\"PropertyValueSpecification\",\"valueRequired\":true,\"valueName\":\"search_term_string\"}}],\"inLanguage\":\"de\"}]}<\/script>\n<!-- \/ Yoast SEO Premium plugin. -->","yoast_head_json":{"title":"DATENSCHUTZBESTIMMUNGEN - Red Sea Fish","robots":{"index":"index","follow":"follow","max-snippet":"max-snippet:-1","max-image-preview":"max-image-preview:large","max-video-preview":"max-video-preview:-1"},"canonical":"https:\/\/redseafish.com\/de\/privacy-policy\/","og_locale":"de_DE","og_type":"article","og_title":"DATENSCHUTZBESTIMMUNGEN - Red Sea Fish","og_url":"https:\/\/redseafish.com\/de\/privacy-policy\/","og_site_name":"Red Sea Fish","article_modified_time":"2023-03-23T13:04:20+00:00","twitter_card":"summary_large_image","twitter_misc":{"Gesch\u00e4tzte Lesezeit":"4\u00a0Minuten"},"schema":{"@context":"https:\/\/schema.org","@graph":[{"@type":"WebPage","@id":"https:\/\/redseafish.com\/de\/privacy-policy\/","url":"https:\/\/redseafish.com\/de\/privacy-policy\/","name":"DATENSCHUTZBESTIMMUNGEN - Red Sea Fish","isPartOf":{"@id":"https:\/\/redseafish.com\/#website"},"primaryImageOfPage":{"@id":"https:\/\/redseafish.com\/de\/privacy-policy\/#primaryimage"},"image":{"@id":"https:\/\/redseafish.com\/de\/privacy-policy\/#primaryimage"},"thumbnailUrl":"https:\/\/static.redseafish.com\/wp-content\/uploads\/2025\/05\/19151301\/Share-image.Privacy-Policy.png","datePublished":"2023-03-23T10:53:57+00:00","dateModified":"2023-03-23T13:04:20+00:00","breadcrumb":{"@id":"https:\/\/redseafish.com\/de\/privacy-policy\/#breadcrumb"},"inLanguage":"de","potentialAction":[{"@type":"ReadAction","target":["https:\/\/redseafish.com\/de\/privacy-policy\/"]}]},{"@type":"ImageObject","inLanguage":"de","@id":"https:\/\/redseafish.com\/de\/privacy-policy\/#primaryimage","url":"https:\/\/static.redseafish.com\/wp-content\/uploads\/2025\/05\/19151301\/Share-image.Privacy-Policy.png","contentUrl":"https:\/\/static.redseafish.com\/wp-content\/uploads\/2025\/05\/19151301\/Share-image.Privacy-Policy.png","width":1200,"height":630},{"@type":"BreadcrumbList","@id":"https:\/\/redseafish.com\/de\/privacy-policy\/#breadcrumb","itemListElement":[{"@type":"ListItem","position":1,"name":"Home","item":"https:\/\/redseafish.com\/de\/"},{"@type":"ListItem","position":2,"name":"DATENSCHUTZBESTIMMUNGEN"}]},{"@type":"WebSite","@id":"https:\/\/redseafish.com\/#website","url":"https:\/\/redseafish.com\/","name":"Red Sea Fish","description":"Home of the best salt water aquarium experience","potentialAction":[{"@type":"SearchAction","target":{"@type":"EntryPoint","urlTemplate":"https:\/\/redseafish.com\/?s={search_term_string}"},"query-input":{"@type":"PropertyValueSpecification","valueRequired":true,"valueName":"search_term_string"}}],"inLanguage":"de"}]}},"_links":{"self":[{"href":"https:\/\/redseafish.com\/de\/wp-json\/wp\/v2\/pages\/17392","targetHints":{"allow":["GET"]}}],"collection":[{"href":"https:\/\/redseafish.com\/de\/wp-json\/wp\/v2\/pages"}],"about":[{"href":"https:\/\/redseafish.com\/de\/wp-json\/wp\/v2\/types\/page"}],"author":[{"embeddable":true,"href":"https:\/\/redseafish.com\/de\/wp-json\/wp\/v2\/users\/11"}],"replies":[{"embeddable":true,"href":"https:\/\/redseafish.com\/de\/wp-json\/wp\/v2\/comments?post=17392"}],"version-history":[{"count":2,"href":"https:\/\/redseafish.com\/de\/wp-json\/wp\/v2\/pages\/17392\/revisions"}],"predecessor-version":[{"id":17394,"href":"https:\/\/redseafish.com\/de\/wp-json\/wp\/v2\/pages\/17392\/revisions\/17394"}],"wp:featuredmedia":[{"embeddable":true,"href":"https:\/\/redseafish.com\/de\/wp-json\/wp\/v2\/media\/72822"}],"wp:attachment":[{"href":"https:\/\/redseafish.com\/de\/wp-json\/wp\/v2\/media?parent=17392"}],"curies":[{"name":"wp","href":"https:\/\/api.w.org\/{rel}","templated":true}]}}